{"id":10471,"date":"2021-02-26T22:30:49","date_gmt":"2021-02-26T22:30:49","guid":{"rendered":"https:\/\/www.robocza-rewa.pl\/sklep\/bez-kategorii\/poltusza\/"},"modified":"2025-06-12T06:43:21","modified_gmt":"2025-06-12T06:43:21","slug":"poltusza","status":"publish","type":"product","link":"https:\/\/www.dobremiecho.pl\/en\/sklep\/inne-miesa\/tuszki\/poltusza\/","title":{"rendered":"Veal half-carcass 1pc (15\u201320kg)"},"content":{"rendered":"<p>Origin: The product comes from the best farms in Poland.<\/p>\n<p>Weight: price given for the whole half-carcass weighing approx. 15\u201320kg<\/p>\n<p>It is possible to cut the half-carcass into individual parts.<\/p>\n<p><strong>Delivery<\/strong><\/p>\n<p data-start=\"186\" data-end=\"257\">We will ship your order within 36 hours of placing it.<\/p>\n<ul data-start=\"259\" data-end=\"470\">\n<li data-start=\"259\" data-end=\"318\">\n<p data-start=\"261\" data-end=\"318\">Within Warsaw and surrounding areas \u2013 by company transport.<\/p>\n<\/li>\n<li data-start=\"319\" data-end=\"470\">\n<p data-start=\"321\" data-end=\"470\">Throughout all of Poland \u2013 via courier service.<\/p>\n<\/li>\n<\/ul>\n<p data-start=\"321\" data-end=\"470\">Orders shipped within Poland are packed in special styrofoam boxes that ensure freshness and the right temperature.<\/p>\n<p>&nbsp;<\/p>\n<p>&nbsp;<\/p>","protected":false},"excerpt":{"rendered":"<p>Origin: The product comes from the best farms in Poland.<\/p>\n<p>Weight: price given for the whole half-carcass weighing approx. 15\u201320kg<\/p>\n<p>It is possible to cut the half-carcass into individual parts.<\/p>","protected":false},"featured_media":10472,"comment_status":"open","ping_status":"closed","template":"","meta":{"_acf_changed":false,"inline_featured_image":false},"product_brand":[],"product_cat":[191,155],"product_tag":[],"class_list":{"0":"post-10471","1":"product","2":"type-product","3":"status-publish","4":"has-post-thumbnail","6":"product_cat-tuszki","7":"product_cat-cielecina","9":"first","10":"instock","11":"shipping-taxable","12":"purchasable","13":"product-type-simple"},"acf":[],"yoast_head":"<!-- This site is optimized with the Yoast SEO Premium plugin v24.3 (Yoast SEO v25.2) - https:\/\/yoast.com\/wordpress\/plugins\/seo\/ -->\n<title>P\u00f3\u0142tusza ciel\u0119ca 1szt. (15-20kg) - DobreMiecho.pl<\/title>\n<meta name=\"robots\" content=\"index, follow, max-snippet:-1, max-image-preview:large, max-video-preview:-1\" \/>\n<link rel=\"canonical\" href=\"https:\/\/www.dobremiecho.pl\/en\/sklep\/inne-miesa\/tuszki\/poltusza\/\" \/>\n<meta property=\"og:locale\" content=\"en_GB\" \/>\n<meta property=\"og:type\" content=\"article\" \/>\n<meta property=\"og:title\" content=\"P\u00f3\u0142tusza ciel\u0119ca 1szt. (15-20kg)\" \/>\n<meta property=\"og:description\" content=\"Pochodzenie: produkt pochodzi z najlepszych hodowli w Polsce  Waga: cena podana za ca\u0142\u0105 p\u00f3\u0142tusz\u0119 o wadze ok. 15-20kg  Istnieje mo\u017cliwo\u015b\u0107 poci\u0119cia p\u00f3\u0142tuszy na elementy.\" \/>\n<meta property=\"og:url\" content=\"https:\/\/www.dobremiecho.pl\/en\/sklep\/inne-miesa\/tuszki\/poltusza\/\" \/>\n<meta property=\"og:site_name\" content=\"DobreMiecho.pl\" \/>\n<meta property=\"article:modified_time\" content=\"2025-06-12T06:43:21+00:00\" \/>\n<meta property=\"og:image\" content=\"https:\/\/www.dobremiecho.pl\/wp-content\/uploads\/2024\/04\/tuszacieleca-removebg-preview.png\" \/>\n\t<meta property=\"og:image:width\" content=\"252\" \/>\n\t<meta property=\"og:image:height\" content=\"343\" \/>\n\t<meta property=\"og:image:type\" content=\"image\/png\" \/>\n<meta name=\"twitter:card\" content=\"summary_large_image\" \/>\n<meta name=\"twitter:label1\" content=\"Estimated reading time\" \/>\n\t<meta name=\"twitter:data1\" content=\"1 minute\" \/>\n<script type=\"application\/ld+json\" class=\"yoast-schema-graph\">{\"@context\":\"https:\/\/schema.org\",\"@graph\":[{\"@type\":\"WebPage\",\"@id\":\"https:\/\/www.dobremiecho.pl\/sklep\/inne-miesa\/tuszki\/poltusza\/\",\"url\":\"https:\/\/www.dobremiecho.pl\/sklep\/inne-miesa\/tuszki\/poltusza\/\",\"name\":\"P\u00f3\u0142tusza ciel\u0119ca 1szt. (15-20kg) - DobreMiecho.pl\",\"isPartOf\":{\"@id\":\"https:\/\/www.dobremiecho.pl\/#website\"},\"primaryImageOfPage\":{\"@id\":\"https:\/\/www.dobremiecho.pl\/sklep\/inne-miesa\/tuszki\/poltusza\/#primaryimage\"},\"image\":{\"@id\":\"https:\/\/www.dobremiecho.pl\/sklep\/inne-miesa\/tuszki\/poltusza\/#primaryimage\"},\"thumbnailUrl\":\"https:\/\/www.dobremiecho.pl\/wp-content\/uploads\/2024\/04\/tuszacieleca-removebg-preview.png\",\"datePublished\":\"2021-02-26T22:30:49+00:00\",\"dateModified\":\"2025-06-12T06:43:21+00:00\",\"breadcrumb\":{\"@id\":\"https:\/\/www.dobremiecho.pl\/sklep\/inne-miesa\/tuszki\/poltusza\/#breadcrumb\"},\"inLanguage\":\"en-GB\",\"potentialAction\":[{\"@type\":\"ReadAction\",\"target\":[\"https:\/\/www.dobremiecho.pl\/sklep\/inne-miesa\/tuszki\/poltusza\/\"]}]},{\"@type\":\"ImageObject\",\"inLanguage\":\"en-GB\",\"@id\":\"https:\/\/www.dobremiecho.pl\/sklep\/inne-miesa\/tuszki\/poltusza\/#primaryimage\",\"url\":\"https:\/\/www.dobremiecho.pl\/wp-content\/uploads\/2024\/04\/tuszacieleca-removebg-preview.png\",\"contentUrl\":\"https:\/\/www.dobremiecho.pl\/wp-content\/uploads\/2024\/04\/tuszacieleca-removebg-preview.png\",\"width\":252,\"height\":343},{\"@type\":\"BreadcrumbList\",\"@id\":\"https:\/\/www.dobremiecho.pl\/sklep\/inne-miesa\/tuszki\/poltusza\/#breadcrumb\",\"itemListElement\":[{\"@type\":\"ListItem\",\"position\":1,\"name\":\"Strona g\u0142\u00f3wna\",\"item\":\"https:\/\/www.dobremiecho.pl\/\"},{\"@type\":\"ListItem\",\"position\":2,\"name\":\"Sklep\",\"item\":\"https:\/\/www.dobremiecho.pl\/sklep\/\"},{\"@type\":\"ListItem\",\"position\":3,\"name\":\"P\u00f3\u0142tusza ciel\u0119ca 1szt. (15-20kg)\"}]},{\"@type\":\"WebSite\",\"@id\":\"https:\/\/www.dobremiecho.pl\/#website\",\"url\":\"https:\/\/www.dobremiecho.pl\/\",\"name\":\"DobreMiecho.pl\",\"description\":\"Wysokogatunkowe mi\u0119so z dostaw\u0105 do domu\",\"publisher\":{\"@id\":\"https:\/\/www.dobremiecho.pl\/#organization\"},\"potentialAction\":[{\"@type\":\"SearchAction\",\"target\":{\"@type\":\"EntryPoint\",\"urlTemplate\":\"https:\/\/www.dobremiecho.pl\/?s={search_term_string}\"},\"query-input\":{\"@type\":\"PropertyValueSpecification\",\"valueRequired\":true,\"valueName\":\"search_term_string\"}}],\"inLanguage\":\"en-GB\"},{\"@type\":\"Organization\",\"@id\":\"https:\/\/www.dobremiecho.pl\/#organization\",\"name\":\"DobreMiecho.pl\",\"url\":\"https:\/\/www.dobremiecho.pl\/\",\"logo\":{\"@type\":\"ImageObject\",\"inLanguage\":\"en-GB\",\"@id\":\"https:\/\/www.dobremiecho.pl\/#\/schema\/logo\/image\/\",\"url\":\"https:\/\/www.dobremiecho.pl\/wp-content\/uploads\/2022\/10\/12091494-Raw-fresh-meat-T-bone-steak-seasoning-and-Butcher-cleaver-on-chopping-cutting-board-on-wooden-background.jpg\",\"contentUrl\":\"https:\/\/www.dobremiecho.pl\/wp-content\/uploads\/2022\/10\/12091494-Raw-fresh-meat-T-bone-steak-seasoning-and-Butcher-cleaver-on-chopping-cutting-board-on-wooden-background.jpg\",\"width\":1100,\"height\":733,\"caption\":\"DobreMiecho.pl\"},\"image\":{\"@id\":\"https:\/\/www.dobremiecho.pl\/#\/schema\/logo\/image\/\"}}]}<\/script>\n<!-- \/ Yoast SEO Premium plugin. -->","yoast_head_json":{"title":"P\u00f3\u0142tusza ciel\u0119ca 1szt. (15-20kg) - DobreMiecho.pl","robots":{"index":"index","follow":"follow","max-snippet":"max-snippet:-1","max-image-preview":"max-image-preview:large","max-video-preview":"max-video-preview:-1"},"canonical":"https:\/\/www.dobremiecho.pl\/en\/sklep\/inne-miesa\/tuszki\/poltusza\/","og_locale":"en_GB","og_type":"article","og_title":"P\u00f3\u0142tusza ciel\u0119ca 1szt. (15-20kg)","og_description":"Pochodzenie: produkt pochodzi z najlepszych hodowli w Polsce  Waga: cena podana za ca\u0142\u0105 p\u00f3\u0142tusz\u0119 o wadze ok. 15-20kg  Istnieje mo\u017cliwo\u015b\u0107 poci\u0119cia p\u00f3\u0142tuszy na elementy.","og_url":"https:\/\/www.dobremiecho.pl\/en\/sklep\/inne-miesa\/tuszki\/poltusza\/","og_site_name":"DobreMiecho.pl","article_modified_time":"2025-06-12T06:43:21+00:00","og_image":[{"width":252,"height":343,"url":"https:\/\/www.dobremiecho.pl\/wp-content\/uploads\/2024\/04\/tuszacieleca-removebg-preview.png","type":"image\/png"}],"twitter_card":"summary_large_image","twitter_misc":{"Estimated reading time":"1 minute"},"schema":{"@context":"https:\/\/schema.org","@graph":[{"@type":"WebPage","@id":"https:\/\/www.dobremiecho.pl\/sklep\/inne-miesa\/tuszki\/poltusza\/","url":"https:\/\/www.dobremiecho.pl\/sklep\/inne-miesa\/tuszki\/poltusza\/","name":"P\u00f3\u0142tusza ciel\u0119ca 1szt. (15-20kg) - DobreMiecho.pl","isPartOf":{"@id":"https:\/\/www.dobremiecho.pl\/#website"},"primaryImageOfPage":{"@id":"https:\/\/www.dobremiecho.pl\/sklep\/inne-miesa\/tuszki\/poltusza\/#primaryimage"},"image":{"@id":"https:\/\/www.dobremiecho.pl\/sklep\/inne-miesa\/tuszki\/poltusza\/#primaryimage"},"thumbnailUrl":"https:\/\/www.dobremiecho.pl\/wp-content\/uploads\/2024\/04\/tuszacieleca-removebg-preview.png","datePublished":"2021-02-26T22:30:49+00:00","dateModified":"2025-06-12T06:43:21+00:00","breadcrumb":{"@id":"https:\/\/www.dobremiecho.pl\/sklep\/inne-miesa\/tuszki\/poltusza\/#breadcrumb"},"inLanguage":"en-GB","potentialAction":[{"@type":"ReadAction","target":["https:\/\/www.dobremiecho.pl\/sklep\/inne-miesa\/tuszki\/poltusza\/"]}]},{"@type":"ImageObject","inLanguage":"en-GB","@id":"https:\/\/www.dobremiecho.pl\/sklep\/inne-miesa\/tuszki\/poltusza\/#primaryimage","url":"https:\/\/www.dobremiecho.pl\/wp-content\/uploads\/2024\/04\/tuszacieleca-removebg-preview.png","contentUrl":"https:\/\/www.dobremiecho.pl\/wp-content\/uploads\/2024\/04\/tuszacieleca-removebg-preview.png","width":252,"height":343},{"@type":"BreadcrumbList","@id":"https:\/\/www.dobremiecho.pl\/sklep\/inne-miesa\/tuszki\/poltusza\/#breadcrumb","itemListElement":[{"@type":"ListItem","position":1,"name":"Strona g\u0142\u00f3wna","item":"https:\/\/www.dobremiecho.pl\/"},{"@type":"ListItem","position":2,"name":"Sklep","item":"https:\/\/www.dobremiecho.pl\/sklep\/"},{"@type":"ListItem","position":3,"name":"P\u00f3\u0142tusza ciel\u0119ca 1szt. (15-20kg)"}]},{"@type":"WebSite","@id":"https:\/\/www.dobremiecho.pl\/#website","url":"https:\/\/www.dobremiecho.pl\/","name":"DobreMiecho.pl","description":"Wysokogatunkowe mi\u0119so z dostaw\u0105 do domu","publisher":{"@id":"https:\/\/www.dobremiecho.pl\/#organization"},"potentialAction":[{"@type":"SearchAction","target":{"@type":"EntryPoint","urlTemplate":"https:\/\/www.dobremiecho.pl\/?s={search_term_string}"},"query-input":{"@type":"PropertyValueSpecification","valueRequired":true,"valueName":"search_term_string"}}],"inLanguage":"en-GB"},{"@type":"Organization","@id":"https:\/\/www.dobremiecho.pl\/#organization","name":"DobreMiecho.pl","url":"https:\/\/www.dobremiecho.pl\/","logo":{"@type":"ImageObject","inLanguage":"en-GB","@id":"https:\/\/www.dobremiecho.pl\/#\/schema\/logo\/image\/","url":"https:\/\/www.dobremiecho.pl\/wp-content\/uploads\/2022\/10\/12091494-Raw-fresh-meat-T-bone-steak-seasoning-and-Butcher-cleaver-on-chopping-cutting-board-on-wooden-background.jpg","contentUrl":"https:\/\/www.dobremiecho.pl\/wp-content\/uploads\/2022\/10\/12091494-Raw-fresh-meat-T-bone-steak-seasoning-and-Butcher-cleaver-on-chopping-cutting-board-on-wooden-background.jpg","width":1100,"height":733,"caption":"DobreMiecho.pl"},"image":{"@id":"https:\/\/www.dobremiecho.pl\/#\/schema\/logo\/image\/"}}]}},"_links":{"self":[{"href":"https:\/\/www.dobremiecho.pl\/en\/wp-json\/wp\/v2\/product\/10471","targetHints":{"allow":["GET"]}}],"collection":[{"href":"https:\/\/www.dobremiecho.pl\/en\/wp-json\/wp\/v2\/product"}],"about":[{"href":"https:\/\/www.dobremiecho.pl\/en\/wp-json\/wp\/v2\/types\/product"}],"replies":[{"embeddable":true,"href":"https:\/\/www.dobremiecho.pl\/en\/wp-json\/wp\/v2\/comments?post=10471"}],"wp:featuredmedia":[{"embeddable":true,"href":"https:\/\/www.dobremiecho.pl\/en\/wp-json\/wp\/v2\/media\/10472"}],"wp:attachment":[{"href":"https:\/\/www.dobremiecho.pl\/en\/wp-json\/wp\/v2\/media?parent=10471"}],"wp:term":[{"taxonomy":"product_brand","embeddable":true,"href":"https:\/\/www.dobremiecho.pl\/en\/wp-json\/wp\/v2\/product_brand?post=10471"},{"taxonomy":"product_cat","embeddable":true,"href":"https:\/\/www.dobremiecho.pl\/en\/wp-json\/wp\/v2\/product_cat?post=10471"},{"taxonomy":"product_tag","embeddable":true,"href":"https:\/\/www.dobremiecho.pl\/en\/wp-json\/wp\/v2\/product_tag?post=10471"}],"curies":[{"name":"wp","href":"https:\/\/api.w.org\/{rel}","templated":true}]}}