{"id":10501,"date":"2021-04-03T21:29:33","date_gmt":"2021-04-03T21:29:33","guid":{"rendered":"https:\/\/www.robocza-rewa.pl\/sklep\/bez-kategorii\/udko-bez-kosci-kurczak-09kg-11kg\/"},"modified":"2026-03-27T22:42:22","modified_gmt":"2026-03-27T22:42:22","slug":"udko-bez-kosci-kurczak-09kg-11kg","status":"publish","type":"product","link":"https:\/\/www.dobremiecho.pl\/en\/sklep\/drob\/kurczak\/udko-bez-kosci-kurczak-09kg-11kg\/","title":{"rendered":"Boneless Chicken Thigh with Skin \u2013 1 kg"},"content":{"rendered":"<p data-start=\"0\" data-end=\"352\">Udko z kurczaka bez ko\u015bci, ze sk\u00f3r\u0105 to soczysty i delikatny element mi\u0119sa drobiowego, kt\u00f3ry wyr\u00f3\u017cnia si\u0119 wygod\u0105 przygotowania oraz pe\u0142nym smakiem. Dzi\u0119ki pozostawionej sk\u00f3rze mi\u0119so zachowuje swoj\u0105 soczysto\u015b\u0107, a brak ko\u015bci sprawia, \u017ce \u015bwietnie sprawdza si\u0119 w codziennym gotowaniu. To uniwersalny wyb\u00f3r do pieczenia, sma\u017cenia, duszenia i grillowania.<\/p>\n<p data-start=\"354\" data-end=\"418\"><strong data-start=\"354\" data-end=\"370\">Origin:<\/strong> produkt pochodzi z najlepszych hodowli w Polsce.<\/p>\n<p data-start=\"420\" data-end=\"525\"><strong data-start=\"420\" data-end=\"429\">Waga:<\/strong> cena podana za 1kg, ilo\u015b\u0107 produktu w koszyku jest r\u00f3wnoznaczna z ilo\u015bci\u0105 zamawianych kilogram\u00f3w.<\/p>\n<p data-start=\"527\" data-end=\"539\"><strong data-start=\"527\" data-end=\"539\">Delivery<\/strong><\/p>\n<p data-start=\"541\" data-end=\"609\">We will ship your order within 36 hours of placing it.<\/p>\n<p data-start=\"611\" data-end=\"663\">Na terenie Warszawy i okolic &#8211; transportem firmowym.<\/p>\n<p data-start=\"665\" data-end=\"726\">Na terenie ca\u0142ej Polski &#8211; za po\u015brednictwem firmy kurierskiej.<\/p>\n<p data-start=\"728\" data-end=\"850\" data-is-last-node=\"\" data-is-only-node=\"\">Orders shipped within Poland are packed in special styrofoam boxes that ensure freshness and the right temperature.<\/p>","protected":false},"excerpt":{"rendered":"<p data-start=\"354\" data-end=\"418\"><strong data-start=\"354\" data-end=\"370\">Origin:<\/strong> produkt pochodzi z najlepszych hodowli w Polsce.<\/p>\n<p data-start=\"420\" data-end=\"525\"><strong data-start=\"420\" data-end=\"429\">Waga:<\/strong> cena podana za 1kg, ilo\u015b\u0107 produktu w koszyku jest r\u00f3wnoznaczna z ilo\u015bci\u0105 zamawianych kilogram\u00f3w.<\/p>","protected":false},"featured_media":20343,"comment_status":"open","ping_status":"closed","template":"","meta":{"_acf_changed":false,"inline_featured_image":false},"product_brand":[],"product_cat":[153,154],"product_tag":[],"class_list":{"0":"post-10501","1":"product","2":"type-product","3":"status-publish","4":"has-post-thumbnail","6":"product_cat-drob","7":"product_cat-kurczak","9":"first","10":"instock","11":"shipping-taxable","12":"purchasable","13":"product-type-simple"},"acf":[],"yoast_head":"<!-- This site is optimized with the Yoast SEO Premium plugin v24.3 (Yoast SEO v25.2) - https:\/\/yoast.com\/wordpress\/plugins\/seo\/ -->\n<title>Udko z kurczaka bez ko\u015bci, ze sk\u00f3r\u0105 1kg - DobreMiecho.pl<\/title>\n<meta name=\"robots\" content=\"index, follow, max-snippet:-1, max-image-preview:large, max-video-preview:-1\" \/>\n<link rel=\"canonical\" href=\"https:\/\/www.dobremiecho.pl\/en\/sklep\/drob\/kurczak\/udko-bez-kosci-kurczak-09kg-11kg\/\" \/>\n<meta property=\"og:locale\" content=\"en_GB\" \/>\n<meta property=\"og:type\" content=\"article\" \/>\n<meta property=\"og:title\" content=\"Udko z kurczaka bez ko\u015bci, ze sk\u00f3r\u0105 1kg\" \/>\n<meta property=\"og:description\" content=\"Pochodzenie: produkt pochodzi z najlepszych hodowli w Polsce. Waga: cena podana za 1kg, ilo\u015b\u0107 produktu w koszyku jest r\u00f3wnoznaczna z ilo\u015bci\u0105 zamawianych kilogram\u00f3w.\" \/>\n<meta property=\"og:url\" content=\"https:\/\/www.dobremiecho.pl\/en\/sklep\/drob\/kurczak\/udko-bez-kosci-kurczak-09kg-11kg\/\" \/>\n<meta property=\"og:site_name\" content=\"DobreMiecho.pl\" \/>\n<meta property=\"article:modified_time\" content=\"2026-03-27T22:42:22+00:00\" \/>\n<meta property=\"og:image\" content=\"https:\/\/www.dobremiecho.pl\/wp-content\/uploads\/2021\/04\/Udko-z-kurczaka-bez-kosci-ze-skora.png\" \/>\n\t<meta property=\"og:image:width\" content=\"1024\" \/>\n\t<meta property=\"og:image:height\" content=\"1024\" \/>\n\t<meta property=\"og:image:type\" content=\"image\/png\" \/>\n<meta name=\"twitter:card\" content=\"summary_large_image\" \/>\n<meta name=\"twitter:label1\" content=\"Estimated reading time\" \/>\n\t<meta name=\"twitter:data1\" content=\"1 minute\" \/>\n<script type=\"application\/ld+json\" class=\"yoast-schema-graph\">{\"@context\":\"https:\/\/schema.org\",\"@graph\":[{\"@type\":\"WebPage\",\"@id\":\"https:\/\/www.dobremiecho.pl\/sklep\/drob\/kurczak\/udko-bez-kosci-kurczak-09kg-11kg\/\",\"url\":\"https:\/\/www.dobremiecho.pl\/sklep\/drob\/kurczak\/udko-bez-kosci-kurczak-09kg-11kg\/\",\"name\":\"Udko z kurczaka bez ko\u015bci, ze sk\u00f3r\u0105 1kg - DobreMiecho.pl\",\"isPartOf\":{\"@id\":\"https:\/\/www.dobremiecho.pl\/#website\"},\"primaryImageOfPage\":{\"@id\":\"https:\/\/www.dobremiecho.pl\/sklep\/drob\/kurczak\/udko-bez-kosci-kurczak-09kg-11kg\/#primaryimage\"},\"image\":{\"@id\":\"https:\/\/www.dobremiecho.pl\/sklep\/drob\/kurczak\/udko-bez-kosci-kurczak-09kg-11kg\/#primaryimage\"},\"thumbnailUrl\":\"https:\/\/www.dobremiecho.pl\/wp-content\/uploads\/2021\/04\/Udko-z-kurczaka-bez-kosci-ze-skora.png\",\"datePublished\":\"2021-04-03T21:29:33+00:00\",\"dateModified\":\"2026-03-27T22:42:22+00:00\",\"breadcrumb\":{\"@id\":\"https:\/\/www.dobremiecho.pl\/sklep\/drob\/kurczak\/udko-bez-kosci-kurczak-09kg-11kg\/#breadcrumb\"},\"inLanguage\":\"en-GB\",\"potentialAction\":[{\"@type\":\"ReadAction\",\"target\":[\"https:\/\/www.dobremiecho.pl\/sklep\/drob\/kurczak\/udko-bez-kosci-kurczak-09kg-11kg\/\"]}]},{\"@type\":\"ImageObject\",\"inLanguage\":\"en-GB\",\"@id\":\"https:\/\/www.dobremiecho.pl\/sklep\/drob\/kurczak\/udko-bez-kosci-kurczak-09kg-11kg\/#primaryimage\",\"url\":\"https:\/\/www.dobremiecho.pl\/wp-content\/uploads\/2021\/04\/Udko-z-kurczaka-bez-kosci-ze-skora.png\",\"contentUrl\":\"https:\/\/www.dobremiecho.pl\/wp-content\/uploads\/2021\/04\/Udko-z-kurczaka-bez-kosci-ze-skora.png\",\"width\":1024,\"height\":1024},{\"@type\":\"BreadcrumbList\",\"@id\":\"https:\/\/www.dobremiecho.pl\/sklep\/drob\/kurczak\/udko-bez-kosci-kurczak-09kg-11kg\/#breadcrumb\",\"itemListElement\":[{\"@type\":\"ListItem\",\"position\":1,\"name\":\"Strona g\u0142\u00f3wna\",\"item\":\"https:\/\/www.dobremiecho.pl\/\"},{\"@type\":\"ListItem\",\"position\":2,\"name\":\"Sklep\",\"item\":\"https:\/\/www.dobremiecho.pl\/sklep\/\"},{\"@type\":\"ListItem\",\"position\":3,\"name\":\"Udko z kurczaka bez ko\u015bci, ze sk\u00f3r\u0105 1kg\"}]},{\"@type\":\"WebSite\",\"@id\":\"https:\/\/www.dobremiecho.pl\/#website\",\"url\":\"https:\/\/www.dobremiecho.pl\/\",\"name\":\"DobreMiecho.pl\",\"description\":\"Wysokogatunkowe mi\u0119so z dostaw\u0105 do domu\",\"publisher\":{\"@id\":\"https:\/\/www.dobremiecho.pl\/#organization\"},\"potentialAction\":[{\"@type\":\"SearchAction\",\"target\":{\"@type\":\"EntryPoint\",\"urlTemplate\":\"https:\/\/www.dobremiecho.pl\/?s={search_term_string}\"},\"query-input\":{\"@type\":\"PropertyValueSpecification\",\"valueRequired\":true,\"valueName\":\"search_term_string\"}}],\"inLanguage\":\"en-GB\"},{\"@type\":\"Organization\",\"@id\":\"https:\/\/www.dobremiecho.pl\/#organization\",\"name\":\"DobreMiecho.pl\",\"url\":\"https:\/\/www.dobremiecho.pl\/\",\"logo\":{\"@type\":\"ImageObject\",\"inLanguage\":\"en-GB\",\"@id\":\"https:\/\/www.dobremiecho.pl\/#\/schema\/logo\/image\/\",\"url\":\"https:\/\/www.dobremiecho.pl\/wp-content\/uploads\/2022\/10\/12091494-Raw-fresh-meat-T-bone-steak-seasoning-and-Butcher-cleaver-on-chopping-cutting-board-on-wooden-background.jpg\",\"contentUrl\":\"https:\/\/www.dobremiecho.pl\/wp-content\/uploads\/2022\/10\/12091494-Raw-fresh-meat-T-bone-steak-seasoning-and-Butcher-cleaver-on-chopping-cutting-board-on-wooden-background.jpg\",\"width\":1100,\"height\":733,\"caption\":\"DobreMiecho.pl\"},\"image\":{\"@id\":\"https:\/\/www.dobremiecho.pl\/#\/schema\/logo\/image\/\"}}]}<\/script>\n<!-- \/ Yoast SEO Premium plugin. -->","yoast_head_json":{"title":"Udko z kurczaka bez ko\u015bci, ze sk\u00f3r\u0105 1kg - DobreMiecho.pl","robots":{"index":"index","follow":"follow","max-snippet":"max-snippet:-1","max-image-preview":"max-image-preview:large","max-video-preview":"max-video-preview:-1"},"canonical":"https:\/\/www.dobremiecho.pl\/en\/sklep\/drob\/kurczak\/udko-bez-kosci-kurczak-09kg-11kg\/","og_locale":"en_GB","og_type":"article","og_title":"Udko z kurczaka bez ko\u015bci, ze sk\u00f3r\u0105 1kg","og_description":"Pochodzenie: produkt pochodzi z najlepszych hodowli w Polsce. Waga: cena podana za 1kg, ilo\u015b\u0107 produktu w koszyku jest r\u00f3wnoznaczna z ilo\u015bci\u0105 zamawianych kilogram\u00f3w.","og_url":"https:\/\/www.dobremiecho.pl\/en\/sklep\/drob\/kurczak\/udko-bez-kosci-kurczak-09kg-11kg\/","og_site_name":"DobreMiecho.pl","article_modified_time":"2026-03-27T22:42:22+00:00","og_image":[{"width":1024,"height":1024,"url":"https:\/\/www.dobremiecho.pl\/wp-content\/uploads\/2021\/04\/Udko-z-kurczaka-bez-kosci-ze-skora.png","type":"image\/png"}],"twitter_card":"summary_large_image","twitter_misc":{"Estimated reading time":"1 minute"},"schema":{"@context":"https:\/\/schema.org","@graph":[{"@type":"WebPage","@id":"https:\/\/www.dobremiecho.pl\/sklep\/drob\/kurczak\/udko-bez-kosci-kurczak-09kg-11kg\/","url":"https:\/\/www.dobremiecho.pl\/sklep\/drob\/kurczak\/udko-bez-kosci-kurczak-09kg-11kg\/","name":"Udko z kurczaka bez ko\u015bci, ze sk\u00f3r\u0105 1kg - DobreMiecho.pl","isPartOf":{"@id":"https:\/\/www.dobremiecho.pl\/#website"},"primaryImageOfPage":{"@id":"https:\/\/www.dobremiecho.pl\/sklep\/drob\/kurczak\/udko-bez-kosci-kurczak-09kg-11kg\/#primaryimage"},"image":{"@id":"https:\/\/www.dobremiecho.pl\/sklep\/drob\/kurczak\/udko-bez-kosci-kurczak-09kg-11kg\/#primaryimage"},"thumbnailUrl":"https:\/\/www.dobremiecho.pl\/wp-content\/uploads\/2021\/04\/Udko-z-kurczaka-bez-kosci-ze-skora.png","datePublished":"2021-04-03T21:29:33+00:00","dateModified":"2026-03-27T22:42:22+00:00","breadcrumb":{"@id":"https:\/\/www.dobremiecho.pl\/sklep\/drob\/kurczak\/udko-bez-kosci-kurczak-09kg-11kg\/#breadcrumb"},"inLanguage":"en-GB","potentialAction":[{"@type":"ReadAction","target":["https:\/\/www.dobremiecho.pl\/sklep\/drob\/kurczak\/udko-bez-kosci-kurczak-09kg-11kg\/"]}]},{"@type":"ImageObject","inLanguage":"en-GB","@id":"https:\/\/www.dobremiecho.pl\/sklep\/drob\/kurczak\/udko-bez-kosci-kurczak-09kg-11kg\/#primaryimage","url":"https:\/\/www.dobremiecho.pl\/wp-content\/uploads\/2021\/04\/Udko-z-kurczaka-bez-kosci-ze-skora.png","contentUrl":"https:\/\/www.dobremiecho.pl\/wp-content\/uploads\/2021\/04\/Udko-z-kurczaka-bez-kosci-ze-skora.png","width":1024,"height":1024},{"@type":"BreadcrumbList","@id":"https:\/\/www.dobremiecho.pl\/sklep\/drob\/kurczak\/udko-bez-kosci-kurczak-09kg-11kg\/#breadcrumb","itemListElement":[{"@type":"ListItem","position":1,"name":"Strona g\u0142\u00f3wna","item":"https:\/\/www.dobremiecho.pl\/"},{"@type":"ListItem","position":2,"name":"Sklep","item":"https:\/\/www.dobremiecho.pl\/sklep\/"},{"@type":"ListItem","position":3,"name":"Udko z kurczaka bez ko\u015bci, ze sk\u00f3r\u0105 1kg"}]},{"@type":"WebSite","@id":"https:\/\/www.dobremiecho.pl\/#website","url":"https:\/\/www.dobremiecho.pl\/","name":"DobreMiecho.pl","description":"Wysokogatunkowe mi\u0119so z dostaw\u0105 do domu","publisher":{"@id":"https:\/\/www.dobremiecho.pl\/#organization"},"potentialAction":[{"@type":"SearchAction","target":{"@type":"EntryPoint","urlTemplate":"https:\/\/www.dobremiecho.pl\/?s={search_term_string}"},"query-input":{"@type":"PropertyValueSpecification","valueRequired":true,"valueName":"search_term_string"}}],"inLanguage":"en-GB"},{"@type":"Organization","@id":"https:\/\/www.dobremiecho.pl\/#organization","name":"DobreMiecho.pl","url":"https:\/\/www.dobremiecho.pl\/","logo":{"@type":"ImageObject","inLanguage":"en-GB","@id":"https:\/\/www.dobremiecho.pl\/#\/schema\/logo\/image\/","url":"https:\/\/www.dobremiecho.pl\/wp-content\/uploads\/2022\/10\/12091494-Raw-fresh-meat-T-bone-steak-seasoning-and-Butcher-cleaver-on-chopping-cutting-board-on-wooden-background.jpg","contentUrl":"https:\/\/www.dobremiecho.pl\/wp-content\/uploads\/2022\/10\/12091494-Raw-fresh-meat-T-bone-steak-seasoning-and-Butcher-cleaver-on-chopping-cutting-board-on-wooden-background.jpg","width":1100,"height":733,"caption":"DobreMiecho.pl"},"image":{"@id":"https:\/\/www.dobremiecho.pl\/#\/schema\/logo\/image\/"}}]}},"_links":{"self":[{"href":"https:\/\/www.dobremiecho.pl\/en\/wp-json\/wp\/v2\/product\/10501","targetHints":{"allow":["GET"]}}],"collection":[{"href":"https:\/\/www.dobremiecho.pl\/en\/wp-json\/wp\/v2\/product"}],"about":[{"href":"https:\/\/www.dobremiecho.pl\/en\/wp-json\/wp\/v2\/types\/product"}],"replies":[{"embeddable":true,"href":"https:\/\/www.dobremiecho.pl\/en\/wp-json\/wp\/v2\/comments?post=10501"}],"wp:featuredmedia":[{"embeddable":true,"href":"https:\/\/www.dobremiecho.pl\/en\/wp-json\/wp\/v2\/media\/20343"}],"wp:attachment":[{"href":"https:\/\/www.dobremiecho.pl\/en\/wp-json\/wp\/v2\/media?parent=10501"}],"wp:term":[{"taxonomy":"product_brand","embeddable":true,"href":"https:\/\/www.dobremiecho.pl\/en\/wp-json\/wp\/v2\/product_brand?post=10501"},{"taxonomy":"product_cat","embeddable":true,"href":"https:\/\/www.dobremiecho.pl\/en\/wp-json\/wp\/v2\/product_cat?post=10501"},{"taxonomy":"product_tag","embeddable":true,"href":"https:\/\/www.dobremiecho.pl\/en\/wp-json\/wp\/v2\/product_tag?post=10501"}],"curies":[{"name":"wp","href":"https:\/\/api.w.org\/{rel}","templated":true}]}}