{"id":10585,"date":"2021-04-03T22:58:38","date_gmt":"2021-04-03T22:58:38","guid":{"rendered":"https:\/\/www.robocza-rewa.pl\/sklep\/bez-kategorii\/poledwica-wagyu-2\/"},"modified":"2025-08-06T17:50:49","modified_gmt":"2025-08-06T17:50:49","slug":"poledwica-wagyu-2","status":"publish","type":"product","link":"https:\/\/www.dobremiecho.pl\/en\/sklep\/wolowina\/wagyu\/poledwica-wagyu-2\/","title":{"rendered":"Pol\u0119dwica wagyu oko\u0142o 5kg"},"content":{"rendered":"<p data-start=\"128\" data-end=\"415\">Wagyu Tenderloin 1 kg<\/p>\n<p data-start=\"128\" data-end=\"415\">A true delicacy for genuine meat connoisseurs. Wagyu tenderloin is the most prized cut of beef from one of the most renowned cattle breeds in the world. The meat stands out with its incredible marbling, tenderness, and rich, buttery flavor that literally melts in your mouth.<\/p>\n<p data-start=\"417\" data-end=\"609\">Perfect for grilling, pan-searing, or sous-vide preparation. Thanks to proper aging and careful selection, our Wagyu tenderloin guarantees the highest level of culinary experience.<\/p>\n<p data-start=\"417\" data-end=\"609\"><strong data-start=\"616\" data-end=\"630\">Weight per piece:<\/strong> approx. 1 kg<br data-start=\"639\" data-end=\"642\" \/><strong data-start=\"642\" data-end=\"658\">Origin:<\/strong> The product comes from certified Wagyu farms.<br data-start=\"707\" data-end=\"710\" \/><strong data-start=\"710\" data-end=\"724\">Packaging:<\/strong> Vacuum<\/p>\n<p><strong>Delivery<\/strong><\/p>\n<p data-start=\"186\" data-end=\"257\">We will ship your order within 36 hours of placing it.<\/p>\n<ul data-start=\"259\" data-end=\"470\">\n<li data-start=\"259\" data-end=\"318\">\n<p data-start=\"261\" data-end=\"318\">Within Warsaw and surrounding areas \u2013 by company transport.<\/p>\n<\/li>\n<li data-start=\"319\" data-end=\"470\">\n<p data-start=\"321\" data-end=\"470\">Throughout all of Poland \u2013 via courier service.<\/p>\n<\/li>\n<\/ul>\n<p data-start=\"321\" data-end=\"470\">Orders shipped within Poland are packed in special styrofoam boxes that ensure freshness and the right temperature.<\/p>","protected":false},"excerpt":{"rendered":"<p data-start=\"128\" data-end=\"415\">Wagyu Tenderloin 1 kg<\/p>\n<p data-start=\"128\" data-end=\"415\">A true delicacy for genuine meat connoisseurs. Wagyu tenderloin is the most prized cut of beef from one of the most renowned cattle breeds in the world. The meat stands out with its incredible marbling, tenderness, and rich, buttery flavor that literally melts in your mouth.<\/p>\n<p data-start=\"417\" data-end=\"609\">Perfect for grilling, pan-searing, or sous-vide preparation. Thanks to proper aging and careful selection, our Wagyu tenderloin guarantees the highest level of culinary experience.<\/p>\n<p data-start=\"417\" data-end=\"609\"><strong data-start=\"616\" data-end=\"630\">Weight per piece:<\/strong> approx. 1 kg<br data-start=\"639\" data-end=\"642\" \/><strong data-start=\"642\" data-end=\"658\">Origin:<\/strong> The product comes from certified Wagyu farms.<br data-start=\"707\" data-end=\"710\" \/><strong data-start=\"710\" data-end=\"724\">Packaging:<\/strong> Vacuum<\/p>","protected":false},"featured_media":10586,"comment_status":"open","ping_status":"closed","template":"","meta":{"_acf_changed":false,"inline_featured_image":false},"product_brand":[],"product_cat":[187,148],"product_tag":[],"class_list":{"0":"post-10585","1":"product","2":"type-product","3":"status-publish","4":"has-post-thumbnail","6":"product_cat-wagyu","7":"product_cat-wolowina","9":"first","10":"onbackorder","11":"shipping-taxable","12":"purchasable","13":"product-type-simple"},"acf":[],"yoast_head":"<!-- This site is optimized with the Yoast SEO Premium plugin v24.3 (Yoast SEO v25.2) - https:\/\/yoast.com\/wordpress\/plugins\/seo\/ -->\n<title>Pol\u0119dwica wagyu oko\u0142o 5kg - DobreMiecho.pl<\/title>\n<meta name=\"robots\" content=\"index, follow, max-snippet:-1, max-image-preview:large, max-video-preview:-1\" \/>\n<link rel=\"canonical\" href=\"https:\/\/www.dobremiecho.pl\/en\/sklep\/wolowina\/wagyu\/poledwica-wagyu-2\/\" \/>\n<meta property=\"og:locale\" content=\"en_GB\" \/>\n<meta property=\"og:type\" content=\"article\" \/>\n<meta property=\"og:title\" content=\"Pol\u0119dwica wagyu oko\u0142o 5kg\" \/>\n<meta property=\"og:description\" content=\"Pol\u0119dwica wagyu 1kg Wyj\u0105tkowy rarytas dla prawdziwych koneser\u00f3w mi\u0119sa. Pol\u0119dwica Wagyu to najbardziej ceniona cz\u0119\u015b\u0107 wo\u0142owiny jednej z najs\u0142ynniejszych ras byd\u0142a na \u015bwiecie. Mi\u0119so wyr\u00f3\u017cnia si\u0119 niesamowit\u0105 marmurkowato\u015bci\u0105, delikatno\u015bci\u0105 i intensywnym, ma\u015blanym smakiem, kt\u00f3ry dos\u0142ownie rozp\u0142ywa si\u0119 w ustach. Idealna do przygotowania na grillu, patelni lub w wersji sous-vide. Dzi\u0119ki odpowiedniemu dojrzewaniu i starannej selekcji, nasza pol\u0119dwica Wagyu gwarantuje najwy\u017cszy poziom dozna\u0144 kulinarnych. Gramatura: ok. 1 kgPochodzenie: produkt pochodzi z certyfikowanych hodowli WagyuPakowanie: pr\u00f3\u017cniowe\" \/>\n<meta property=\"og:url\" content=\"https:\/\/www.dobremiecho.pl\/en\/sklep\/wolowina\/wagyu\/poledwica-wagyu-2\/\" \/>\n<meta property=\"og:site_name\" content=\"DobreMiecho.pl\" \/>\n<meta property=\"article:modified_time\" content=\"2025-08-06T17:50:49+00:00\" \/>\n<meta property=\"og:image\" content=\"https:\/\/www.dobremiecho.pl\/wp-content\/uploads\/2024\/04\/PHOTO-2021-05-23-23-19-13-e1621884037655.jpg\" \/>\n\t<meta property=\"og:image:width\" content=\"1600\" \/>\n\t<meta property=\"og:image:height\" content=\"1200\" \/>\n\t<meta property=\"og:image:type\" content=\"image\/jpeg\" \/>\n<meta name=\"twitter:card\" content=\"summary_large_image\" \/>\n<meta name=\"twitter:label1\" content=\"Estimated reading time\" \/>\n\t<meta name=\"twitter:data1\" content=\"1 minute\" \/>\n<script type=\"application\/ld+json\" class=\"yoast-schema-graph\">{\"@context\":\"https:\/\/schema.org\",\"@graph\":[{\"@type\":\"WebPage\",\"@id\":\"https:\/\/www.dobremiecho.pl\/sklep\/wolowina\/wagyu\/poledwica-wagyu-2\/\",\"url\":\"https:\/\/www.dobremiecho.pl\/sklep\/wolowina\/wagyu\/poledwica-wagyu-2\/\",\"name\":\"Pol\u0119dwica wagyu oko\u0142o 5kg - DobreMiecho.pl\",\"isPartOf\":{\"@id\":\"https:\/\/www.dobremiecho.pl\/#website\"},\"primaryImageOfPage\":{\"@id\":\"https:\/\/www.dobremiecho.pl\/sklep\/wolowina\/wagyu\/poledwica-wagyu-2\/#primaryimage\"},\"image\":{\"@id\":\"https:\/\/www.dobremiecho.pl\/sklep\/wolowina\/wagyu\/poledwica-wagyu-2\/#primaryimage\"},\"thumbnailUrl\":\"https:\/\/www.dobremiecho.pl\/wp-content\/uploads\/2024\/04\/PHOTO-2021-05-23-23-19-13-e1621884037655.jpg\",\"datePublished\":\"2021-04-03T22:58:38+00:00\",\"dateModified\":\"2025-08-06T17:50:49+00:00\",\"breadcrumb\":{\"@id\":\"https:\/\/www.dobremiecho.pl\/sklep\/wolowina\/wagyu\/poledwica-wagyu-2\/#breadcrumb\"},\"inLanguage\":\"en-GB\",\"potentialAction\":[{\"@type\":\"ReadAction\",\"target\":[\"https:\/\/www.dobremiecho.pl\/sklep\/wolowina\/wagyu\/poledwica-wagyu-2\/\"]}]},{\"@type\":\"ImageObject\",\"inLanguage\":\"en-GB\",\"@id\":\"https:\/\/www.dobremiecho.pl\/sklep\/wolowina\/wagyu\/poledwica-wagyu-2\/#primaryimage\",\"url\":\"https:\/\/www.dobremiecho.pl\/wp-content\/uploads\/2024\/04\/PHOTO-2021-05-23-23-19-13-e1621884037655.jpg\",\"contentUrl\":\"https:\/\/www.dobremiecho.pl\/wp-content\/uploads\/2024\/04\/PHOTO-2021-05-23-23-19-13-e1621884037655.jpg\",\"width\":1600,\"height\":1200},{\"@type\":\"BreadcrumbList\",\"@id\":\"https:\/\/www.dobremiecho.pl\/sklep\/wolowina\/wagyu\/poledwica-wagyu-2\/#breadcrumb\",\"itemListElement\":[{\"@type\":\"ListItem\",\"position\":1,\"name\":\"Strona g\u0142\u00f3wna\",\"item\":\"https:\/\/www.dobremiecho.pl\/\"},{\"@type\":\"ListItem\",\"position\":2,\"name\":\"Sklep\",\"item\":\"https:\/\/www.dobremiecho.pl\/sklep\/\"},{\"@type\":\"ListItem\",\"position\":3,\"name\":\"Pol\u0119dwica wagyu oko\u0142o 5kg\"}]},{\"@type\":\"WebSite\",\"@id\":\"https:\/\/www.dobremiecho.pl\/#website\",\"url\":\"https:\/\/www.dobremiecho.pl\/\",\"name\":\"DobreMiecho.pl\",\"description\":\"Wysokogatunkowe mi\u0119so z dostaw\u0105 do domu\",\"publisher\":{\"@id\":\"https:\/\/www.dobremiecho.pl\/#organization\"},\"potentialAction\":[{\"@type\":\"SearchAction\",\"target\":{\"@type\":\"EntryPoint\",\"urlTemplate\":\"https:\/\/www.dobremiecho.pl\/?s={search_term_string}\"},\"query-input\":{\"@type\":\"PropertyValueSpecification\",\"valueRequired\":true,\"valueName\":\"search_term_string\"}}],\"inLanguage\":\"en-GB\"},{\"@type\":\"Organization\",\"@id\":\"https:\/\/www.dobremiecho.pl\/#organization\",\"name\":\"DobreMiecho.pl\",\"url\":\"https:\/\/www.dobremiecho.pl\/\",\"logo\":{\"@type\":\"ImageObject\",\"inLanguage\":\"en-GB\",\"@id\":\"https:\/\/www.dobremiecho.pl\/#\/schema\/logo\/image\/\",\"url\":\"https:\/\/www.dobremiecho.pl\/wp-content\/uploads\/2022\/10\/12091494-Raw-fresh-meat-T-bone-steak-seasoning-and-Butcher-cleaver-on-chopping-cutting-board-on-wooden-background.jpg\",\"contentUrl\":\"https:\/\/www.dobremiecho.pl\/wp-content\/uploads\/2022\/10\/12091494-Raw-fresh-meat-T-bone-steak-seasoning-and-Butcher-cleaver-on-chopping-cutting-board-on-wooden-background.jpg\",\"width\":1100,\"height\":733,\"caption\":\"DobreMiecho.pl\"},\"image\":{\"@id\":\"https:\/\/www.dobremiecho.pl\/#\/schema\/logo\/image\/\"}}]}<\/script>\n<!-- \/ Yoast SEO Premium plugin. -->","yoast_head_json":{"title":"Pol\u0119dwica wagyu oko\u0142o 5kg - DobreMiecho.pl","robots":{"index":"index","follow":"follow","max-snippet":"max-snippet:-1","max-image-preview":"max-image-preview:large","max-video-preview":"max-video-preview:-1"},"canonical":"https:\/\/www.dobremiecho.pl\/en\/sklep\/wolowina\/wagyu\/poledwica-wagyu-2\/","og_locale":"en_GB","og_type":"article","og_title":"Pol\u0119dwica wagyu oko\u0142o 5kg","og_description":"Pol\u0119dwica wagyu 1kg Wyj\u0105tkowy rarytas dla prawdziwych koneser\u00f3w mi\u0119sa. Pol\u0119dwica Wagyu to najbardziej ceniona cz\u0119\u015b\u0107 wo\u0142owiny jednej z najs\u0142ynniejszych ras byd\u0142a na \u015bwiecie. Mi\u0119so wyr\u00f3\u017cnia si\u0119 niesamowit\u0105 marmurkowato\u015bci\u0105, delikatno\u015bci\u0105 i intensywnym, ma\u015blanym smakiem, kt\u00f3ry dos\u0142ownie rozp\u0142ywa si\u0119 w ustach. Idealna do przygotowania na grillu, patelni lub w wersji sous-vide. Dzi\u0119ki odpowiedniemu dojrzewaniu i starannej selekcji, nasza pol\u0119dwica Wagyu gwarantuje najwy\u017cszy poziom dozna\u0144 kulinarnych. Gramatura: ok. 1 kgPochodzenie: produkt pochodzi z certyfikowanych hodowli WagyuPakowanie: pr\u00f3\u017cniowe","og_url":"https:\/\/www.dobremiecho.pl\/en\/sklep\/wolowina\/wagyu\/poledwica-wagyu-2\/","og_site_name":"DobreMiecho.pl","article_modified_time":"2025-08-06T17:50:49+00:00","og_image":[{"width":1600,"height":1200,"url":"https:\/\/www.dobremiecho.pl\/wp-content\/uploads\/2024\/04\/PHOTO-2021-05-23-23-19-13-e1621884037655.jpg","type":"image\/jpeg"}],"twitter_card":"summary_large_image","twitter_misc":{"Estimated reading time":"1 minute"},"schema":{"@context":"https:\/\/schema.org","@graph":[{"@type":"WebPage","@id":"https:\/\/www.dobremiecho.pl\/sklep\/wolowina\/wagyu\/poledwica-wagyu-2\/","url":"https:\/\/www.dobremiecho.pl\/sklep\/wolowina\/wagyu\/poledwica-wagyu-2\/","name":"Pol\u0119dwica wagyu oko\u0142o 5kg - DobreMiecho.pl","isPartOf":{"@id":"https:\/\/www.dobremiecho.pl\/#website"},"primaryImageOfPage":{"@id":"https:\/\/www.dobremiecho.pl\/sklep\/wolowina\/wagyu\/poledwica-wagyu-2\/#primaryimage"},"image":{"@id":"https:\/\/www.dobremiecho.pl\/sklep\/wolowina\/wagyu\/poledwica-wagyu-2\/#primaryimage"},"thumbnailUrl":"https:\/\/www.dobremiecho.pl\/wp-content\/uploads\/2024\/04\/PHOTO-2021-05-23-23-19-13-e1621884037655.jpg","datePublished":"2021-04-03T22:58:38+00:00","dateModified":"2025-08-06T17:50:49+00:00","breadcrumb":{"@id":"https:\/\/www.dobremiecho.pl\/sklep\/wolowina\/wagyu\/poledwica-wagyu-2\/#breadcrumb"},"inLanguage":"en-GB","potentialAction":[{"@type":"ReadAction","target":["https:\/\/www.dobremiecho.pl\/sklep\/wolowina\/wagyu\/poledwica-wagyu-2\/"]}]},{"@type":"ImageObject","inLanguage":"en-GB","@id":"https:\/\/www.dobremiecho.pl\/sklep\/wolowina\/wagyu\/poledwica-wagyu-2\/#primaryimage","url":"https:\/\/www.dobremiecho.pl\/wp-content\/uploads\/2024\/04\/PHOTO-2021-05-23-23-19-13-e1621884037655.jpg","contentUrl":"https:\/\/www.dobremiecho.pl\/wp-content\/uploads\/2024\/04\/PHOTO-2021-05-23-23-19-13-e1621884037655.jpg","width":1600,"height":1200},{"@type":"BreadcrumbList","@id":"https:\/\/www.dobremiecho.pl\/sklep\/wolowina\/wagyu\/poledwica-wagyu-2\/#breadcrumb","itemListElement":[{"@type":"ListItem","position":1,"name":"Strona g\u0142\u00f3wna","item":"https:\/\/www.dobremiecho.pl\/"},{"@type":"ListItem","position":2,"name":"Sklep","item":"https:\/\/www.dobremiecho.pl\/sklep\/"},{"@type":"ListItem","position":3,"name":"Pol\u0119dwica wagyu oko\u0142o 5kg"}]},{"@type":"WebSite","@id":"https:\/\/www.dobremiecho.pl\/#website","url":"https:\/\/www.dobremiecho.pl\/","name":"DobreMiecho.pl","description":"Wysokogatunkowe mi\u0119so z dostaw\u0105 do domu","publisher":{"@id":"https:\/\/www.dobremiecho.pl\/#organization"},"potentialAction":[{"@type":"SearchAction","target":{"@type":"EntryPoint","urlTemplate":"https:\/\/www.dobremiecho.pl\/?s={search_term_string}"},"query-input":{"@type":"PropertyValueSpecification","valueRequired":true,"valueName":"search_term_string"}}],"inLanguage":"en-GB"},{"@type":"Organization","@id":"https:\/\/www.dobremiecho.pl\/#organization","name":"DobreMiecho.pl","url":"https:\/\/www.dobremiecho.pl\/","logo":{"@type":"ImageObject","inLanguage":"en-GB","@id":"https:\/\/www.dobremiecho.pl\/#\/schema\/logo\/image\/","url":"https:\/\/www.dobremiecho.pl\/wp-content\/uploads\/2022\/10\/12091494-Raw-fresh-meat-T-bone-steak-seasoning-and-Butcher-cleaver-on-chopping-cutting-board-on-wooden-background.jpg","contentUrl":"https:\/\/www.dobremiecho.pl\/wp-content\/uploads\/2022\/10\/12091494-Raw-fresh-meat-T-bone-steak-seasoning-and-Butcher-cleaver-on-chopping-cutting-board-on-wooden-background.jpg","width":1100,"height":733,"caption":"DobreMiecho.pl"},"image":{"@id":"https:\/\/www.dobremiecho.pl\/#\/schema\/logo\/image\/"}}]}},"_links":{"self":[{"href":"https:\/\/www.dobremiecho.pl\/en\/wp-json\/wp\/v2\/product\/10585","targetHints":{"allow":["GET"]}}],"collection":[{"href":"https:\/\/www.dobremiecho.pl\/en\/wp-json\/wp\/v2\/product"}],"about":[{"href":"https:\/\/www.dobremiecho.pl\/en\/wp-json\/wp\/v2\/types\/product"}],"replies":[{"embeddable":true,"href":"https:\/\/www.dobremiecho.pl\/en\/wp-json\/wp\/v2\/comments?post=10585"}],"wp:featuredmedia":[{"embeddable":true,"href":"https:\/\/www.dobremiecho.pl\/en\/wp-json\/wp\/v2\/media\/10586"}],"wp:attachment":[{"href":"https:\/\/www.dobremiecho.pl\/en\/wp-json\/wp\/v2\/media?parent=10585"}],"wp:term":[{"taxonomy":"product_brand","embeddable":true,"href":"https:\/\/www.dobremiecho.pl\/en\/wp-json\/wp\/v2\/product_brand?post=10585"},{"taxonomy":"product_cat","embeddable":true,"href":"https:\/\/www.dobremiecho.pl\/en\/wp-json\/wp\/v2\/product_cat?post=10585"},{"taxonomy":"product_tag","embeddable":true,"href":"https:\/\/www.dobremiecho.pl\/en\/wp-json\/wp\/v2\/product_tag?post=10585"}],"curies":[{"name":"wp","href":"https:\/\/api.w.org\/{rel}","templated":true}]}}