{"id":19752,"date":"2025-12-21T12:17:28","date_gmt":"2025-12-21T12:17:28","guid":{"rendered":"https:\/\/www.dobremiecho.pl\/?post_type=product&#038;p=19752"},"modified":"2025-12-21T12:21:35","modified_gmt":"2025-12-21T12:21:35","slug":"voucher-2000zl","status":"publish","type":"product","link":"https:\/\/www.dobremiecho.pl\/en\/sklep\/bony-i-vouchery\/voucher-2000zl\/","title":{"rendered":"VOUCHER 2000Z\u0141"},"content":{"rendered":"<p data-start=\"58\" data-end=\"82\"><strong data-start=\"58\" data-end=\"80\">Jak kupi\u0107 voucher?<\/strong><\/p>\n<ol data-start=\"83\" data-end=\"241\">\n<li data-start=\"83\" data-end=\"122\">\n<p data-start=\"86\" data-end=\"122\">Kupujesz voucher w naszym sklepie.<\/p>\n<\/li>\n<li data-start=\"123\" data-end=\"241\">\n<p data-start=\"126\" data-end=\"241\">W ci\u0105gu 1\u20132 dni roboczych otrzymasz od nas voucher w formacie <strong data-start=\"188\" data-end=\"195\">PDF<\/strong>, gotowy do <strong data-start=\"207\" data-end=\"238\">wydruku lub wys\u0142ania online<\/strong>.<\/p>\n<\/li>\n<\/ol>","protected":false},"excerpt":{"rendered":"<p>Szukasz pomys\u0142u na prezent, kt\u00f3ry zawsze si\u0119 sprawdzi? Voucher na zakupy to wygodne i eleganckie rozwi\u0105zanie. Obdarowana osoba sama wybierze to, co najbardziej jej si\u0119 spodoba. Voucher \u015bwietnie sprawdzi si\u0119 na ka\u017cd\u0105 okazj\u0119 \u2013 urodziny, \u015bwi\u0119ta czy jako mi\u0142y gest bez okazji. Szybko, praktycznie i zawsze trafione.<\/p>","protected":false},"featured_media":19749,"comment_status":"open","ping_status":"closed","template":"","meta":{"_acf_changed":false,"inline_featured_image":false},"product_brand":[],"product_cat":[210],"product_tag":[],"class_list":{"0":"post-19752","1":"product","2":"type-product","3":"status-publish","4":"has-post-thumbnail","6":"product_cat-bony-i-vouchery","8":"first","9":"instock","10":"shipping-taxable","11":"purchasable","12":"product-type-simple"},"acf":[],"yoast_head":"<!-- This site is optimized with the Yoast SEO Premium plugin v24.3 (Yoast SEO v25.2) - https:\/\/yoast.com\/wordpress\/plugins\/seo\/ -->\n<title>VOUCHER 2000Z\u0141 - DobreMiecho.pl<\/title>\n<meta name=\"robots\" content=\"index, follow, max-snippet:-1, max-image-preview:large, max-video-preview:-1\" \/>\n<link rel=\"canonical\" href=\"https:\/\/www.dobremiecho.pl\/en\/sklep\/bony-i-vouchery\/voucher-2000zl\/\" \/>\n<meta property=\"og:locale\" content=\"en_GB\" \/>\n<meta property=\"og:type\" content=\"article\" \/>\n<meta property=\"og:title\" content=\"VOUCHER 2000Z\u0141\" \/>\n<meta property=\"og:description\" content=\"Szukasz pomys\u0142u na prezent, kt\u00f3ry zawsze si\u0119 sprawdzi? Voucher na zakupy to wygodne i eleganckie rozwi\u0105zanie. Obdarowana osoba sama wybierze to, co najbardziej jej si\u0119 spodoba. Voucher \u015bwietnie sprawdzi si\u0119 na ka\u017cd\u0105 okazj\u0119 \u2013 urodziny, \u015bwi\u0119ta czy jako mi\u0142y gest bez okazji. Szybko, praktycznie i zawsze trafione.\" \/>\n<meta property=\"og:url\" content=\"https:\/\/www.dobremiecho.pl\/en\/sklep\/bony-i-vouchery\/voucher-2000zl\/\" \/>\n<meta property=\"og:site_name\" content=\"DobreMiecho.pl\" \/>\n<meta property=\"article:modified_time\" content=\"2025-12-21T12:21:35+00:00\" \/>\n<meta property=\"og:image\" content=\"https:\/\/www.dobremiecho.pl\/wp-content\/uploads\/2025\/12\/6.png\" \/>\n\t<meta property=\"og:image:width\" content=\"2000\" \/>\n\t<meta property=\"og:image:height\" content=\"1409\" \/>\n\t<meta property=\"og:image:type\" content=\"image\/png\" \/>\n<meta name=\"twitter:card\" content=\"summary_large_image\" \/>\n<meta name=\"twitter:label1\" content=\"Estimated reading time\" \/>\n\t<meta name=\"twitter:data1\" content=\"1 minute\" \/>\n<script type=\"application\/ld+json\" class=\"yoast-schema-graph\">{\"@context\":\"https:\/\/schema.org\",\"@graph\":[{\"@type\":\"WebPage\",\"@id\":\"https:\/\/www.dobremiecho.pl\/sklep\/bony-i-vouchery\/voucher-2000zl\/\",\"url\":\"https:\/\/www.dobremiecho.pl\/sklep\/bony-i-vouchery\/voucher-2000zl\/\",\"name\":\"VOUCHER 2000Z\u0141 - DobreMiecho.pl\",\"isPartOf\":{\"@id\":\"https:\/\/www.dobremiecho.pl\/#website\"},\"primaryImageOfPage\":{\"@id\":\"https:\/\/www.dobremiecho.pl\/sklep\/bony-i-vouchery\/voucher-2000zl\/#primaryimage\"},\"image\":{\"@id\":\"https:\/\/www.dobremiecho.pl\/sklep\/bony-i-vouchery\/voucher-2000zl\/#primaryimage\"},\"thumbnailUrl\":\"https:\/\/www.dobremiecho.pl\/wp-content\/uploads\/2025\/12\/6.png\",\"datePublished\":\"2025-12-21T12:17:28+00:00\",\"dateModified\":\"2025-12-21T12:21:35+00:00\",\"breadcrumb\":{\"@id\":\"https:\/\/www.dobremiecho.pl\/sklep\/bony-i-vouchery\/voucher-2000zl\/#breadcrumb\"},\"inLanguage\":\"en-GB\",\"potentialAction\":[{\"@type\":\"ReadAction\",\"target\":[\"https:\/\/www.dobremiecho.pl\/sklep\/bony-i-vouchery\/voucher-2000zl\/\"]}]},{\"@type\":\"ImageObject\",\"inLanguage\":\"en-GB\",\"@id\":\"https:\/\/www.dobremiecho.pl\/sklep\/bony-i-vouchery\/voucher-2000zl\/#primaryimage\",\"url\":\"https:\/\/www.dobremiecho.pl\/wp-content\/uploads\/2025\/12\/6.png\",\"contentUrl\":\"https:\/\/www.dobremiecho.pl\/wp-content\/uploads\/2025\/12\/6.png\",\"width\":2000,\"height\":1409},{\"@type\":\"BreadcrumbList\",\"@id\":\"https:\/\/www.dobremiecho.pl\/sklep\/bony-i-vouchery\/voucher-2000zl\/#breadcrumb\",\"itemListElement\":[{\"@type\":\"ListItem\",\"position\":1,\"name\":\"Strona g\u0142\u00f3wna\",\"item\":\"https:\/\/www.dobremiecho.pl\/\"},{\"@type\":\"ListItem\",\"position\":2,\"name\":\"Sklep\",\"item\":\"https:\/\/www.dobremiecho.pl\/sklep\/\"},{\"@type\":\"ListItem\",\"position\":3,\"name\":\"VOUCHER 2000Z\u0141\"}]},{\"@type\":\"WebSite\",\"@id\":\"https:\/\/www.dobremiecho.pl\/#website\",\"url\":\"https:\/\/www.dobremiecho.pl\/\",\"name\":\"DobreMiecho.pl\",\"description\":\"Wysokogatunkowe mi\u0119so z dostaw\u0105 do domu\",\"publisher\":{\"@id\":\"https:\/\/www.dobremiecho.pl\/#organization\"},\"potentialAction\":[{\"@type\":\"SearchAction\",\"target\":{\"@type\":\"EntryPoint\",\"urlTemplate\":\"https:\/\/www.dobremiecho.pl\/?s={search_term_string}\"},\"query-input\":{\"@type\":\"PropertyValueSpecification\",\"valueRequired\":true,\"valueName\":\"search_term_string\"}}],\"inLanguage\":\"en-GB\"},{\"@type\":\"Organization\",\"@id\":\"https:\/\/www.dobremiecho.pl\/#organization\",\"name\":\"DobreMiecho.pl\",\"url\":\"https:\/\/www.dobremiecho.pl\/\",\"logo\":{\"@type\":\"ImageObject\",\"inLanguage\":\"en-GB\",\"@id\":\"https:\/\/www.dobremiecho.pl\/#\/schema\/logo\/image\/\",\"url\":\"https:\/\/www.dobremiecho.pl\/wp-content\/uploads\/2022\/10\/12091494-Raw-fresh-meat-T-bone-steak-seasoning-and-Butcher-cleaver-on-chopping-cutting-board-on-wooden-background.jpg\",\"contentUrl\":\"https:\/\/www.dobremiecho.pl\/wp-content\/uploads\/2022\/10\/12091494-Raw-fresh-meat-T-bone-steak-seasoning-and-Butcher-cleaver-on-chopping-cutting-board-on-wooden-background.jpg\",\"width\":1100,\"height\":733,\"caption\":\"DobreMiecho.pl\"},\"image\":{\"@id\":\"https:\/\/www.dobremiecho.pl\/#\/schema\/logo\/image\/\"}}]}<\/script>\n<!-- \/ Yoast SEO Premium plugin. -->","yoast_head_json":{"title":"VOUCHER 2000Z\u0141 - DobreMiecho.pl","robots":{"index":"index","follow":"follow","max-snippet":"max-snippet:-1","max-image-preview":"max-image-preview:large","max-video-preview":"max-video-preview:-1"},"canonical":"https:\/\/www.dobremiecho.pl\/en\/sklep\/bony-i-vouchery\/voucher-2000zl\/","og_locale":"en_GB","og_type":"article","og_title":"VOUCHER 2000Z\u0141","og_description":"Szukasz pomys\u0142u na prezent, kt\u00f3ry zawsze si\u0119 sprawdzi? Voucher na zakupy to wygodne i eleganckie rozwi\u0105zanie. Obdarowana osoba sama wybierze to, co najbardziej jej si\u0119 spodoba. Voucher \u015bwietnie sprawdzi si\u0119 na ka\u017cd\u0105 okazj\u0119 \u2013 urodziny, \u015bwi\u0119ta czy jako mi\u0142y gest bez okazji. Szybko, praktycznie i zawsze trafione.","og_url":"https:\/\/www.dobremiecho.pl\/en\/sklep\/bony-i-vouchery\/voucher-2000zl\/","og_site_name":"DobreMiecho.pl","article_modified_time":"2025-12-21T12:21:35+00:00","og_image":[{"width":2000,"height":1409,"url":"https:\/\/www.dobremiecho.pl\/wp-content\/uploads\/2025\/12\/6.png","type":"image\/png"}],"twitter_card":"summary_large_image","twitter_misc":{"Estimated reading time":"1 minute"},"schema":{"@context":"https:\/\/schema.org","@graph":[{"@type":"WebPage","@id":"https:\/\/www.dobremiecho.pl\/sklep\/bony-i-vouchery\/voucher-2000zl\/","url":"https:\/\/www.dobremiecho.pl\/sklep\/bony-i-vouchery\/voucher-2000zl\/","name":"VOUCHER 2000Z\u0141 - DobreMiecho.pl","isPartOf":{"@id":"https:\/\/www.dobremiecho.pl\/#website"},"primaryImageOfPage":{"@id":"https:\/\/www.dobremiecho.pl\/sklep\/bony-i-vouchery\/voucher-2000zl\/#primaryimage"},"image":{"@id":"https:\/\/www.dobremiecho.pl\/sklep\/bony-i-vouchery\/voucher-2000zl\/#primaryimage"},"thumbnailUrl":"https:\/\/www.dobremiecho.pl\/wp-content\/uploads\/2025\/12\/6.png","datePublished":"2025-12-21T12:17:28+00:00","dateModified":"2025-12-21T12:21:35+00:00","breadcrumb":{"@id":"https:\/\/www.dobremiecho.pl\/sklep\/bony-i-vouchery\/voucher-2000zl\/#breadcrumb"},"inLanguage":"en-GB","potentialAction":[{"@type":"ReadAction","target":["https:\/\/www.dobremiecho.pl\/sklep\/bony-i-vouchery\/voucher-2000zl\/"]}]},{"@type":"ImageObject","inLanguage":"en-GB","@id":"https:\/\/www.dobremiecho.pl\/sklep\/bony-i-vouchery\/voucher-2000zl\/#primaryimage","url":"https:\/\/www.dobremiecho.pl\/wp-content\/uploads\/2025\/12\/6.png","contentUrl":"https:\/\/www.dobremiecho.pl\/wp-content\/uploads\/2025\/12\/6.png","width":2000,"height":1409},{"@type":"BreadcrumbList","@id":"https:\/\/www.dobremiecho.pl\/sklep\/bony-i-vouchery\/voucher-2000zl\/#breadcrumb","itemListElement":[{"@type":"ListItem","position":1,"name":"Strona g\u0142\u00f3wna","item":"https:\/\/www.dobremiecho.pl\/"},{"@type":"ListItem","position":2,"name":"Sklep","item":"https:\/\/www.dobremiecho.pl\/sklep\/"},{"@type":"ListItem","position":3,"name":"VOUCHER 2000Z\u0141"}]},{"@type":"WebSite","@id":"https:\/\/www.dobremiecho.pl\/#website","url":"https:\/\/www.dobremiecho.pl\/","name":"DobreMiecho.pl","description":"Wysokogatunkowe mi\u0119so z dostaw\u0105 do domu","publisher":{"@id":"https:\/\/www.dobremiecho.pl\/#organization"},"potentialAction":[{"@type":"SearchAction","target":{"@type":"EntryPoint","urlTemplate":"https:\/\/www.dobremiecho.pl\/?s={search_term_string}"},"query-input":{"@type":"PropertyValueSpecification","valueRequired":true,"valueName":"search_term_string"}}],"inLanguage":"en-GB"},{"@type":"Organization","@id":"https:\/\/www.dobremiecho.pl\/#organization","name":"DobreMiecho.pl","url":"https:\/\/www.dobremiecho.pl\/","logo":{"@type":"ImageObject","inLanguage":"en-GB","@id":"https:\/\/www.dobremiecho.pl\/#\/schema\/logo\/image\/","url":"https:\/\/www.dobremiecho.pl\/wp-content\/uploads\/2022\/10\/12091494-Raw-fresh-meat-T-bone-steak-seasoning-and-Butcher-cleaver-on-chopping-cutting-board-on-wooden-background.jpg","contentUrl":"https:\/\/www.dobremiecho.pl\/wp-content\/uploads\/2022\/10\/12091494-Raw-fresh-meat-T-bone-steak-seasoning-and-Butcher-cleaver-on-chopping-cutting-board-on-wooden-background.jpg","width":1100,"height":733,"caption":"DobreMiecho.pl"},"image":{"@id":"https:\/\/www.dobremiecho.pl\/#\/schema\/logo\/image\/"}}]}},"_links":{"self":[{"href":"https:\/\/www.dobremiecho.pl\/en\/wp-json\/wp\/v2\/product\/19752","targetHints":{"allow":["GET"]}}],"collection":[{"href":"https:\/\/www.dobremiecho.pl\/en\/wp-json\/wp\/v2\/product"}],"about":[{"href":"https:\/\/www.dobremiecho.pl\/en\/wp-json\/wp\/v2\/types\/product"}],"replies":[{"embeddable":true,"href":"https:\/\/www.dobremiecho.pl\/en\/wp-json\/wp\/v2\/comments?post=19752"}],"wp:featuredmedia":[{"embeddable":true,"href":"https:\/\/www.dobremiecho.pl\/en\/wp-json\/wp\/v2\/media\/19749"}],"wp:attachment":[{"href":"https:\/\/www.dobremiecho.pl\/en\/wp-json\/wp\/v2\/media?parent=19752"}],"wp:term":[{"taxonomy":"product_brand","embeddable":true,"href":"https:\/\/www.dobremiecho.pl\/en\/wp-json\/wp\/v2\/product_brand?post=19752"},{"taxonomy":"product_cat","embeddable":true,"href":"https:\/\/www.dobremiecho.pl\/en\/wp-json\/wp\/v2\/product_cat?post=19752"},{"taxonomy":"product_tag","embeddable":true,"href":"https:\/\/www.dobremiecho.pl\/en\/wp-json\/wp\/v2\/product_tag?post=19752"}],"curies":[{"name":"wp","href":"https:\/\/api.w.org\/{rel}","templated":true}]}}