{"id":7443,"date":"2021-05-10T21:47:07","date_gmt":"2021-05-10T21:47:07","guid":{"rendered":"https:\/\/www.robocza-rewa.pl\/index.php\/produkt\/nogi-wieprzowina\/"},"modified":"2025-06-17T12:50:28","modified_gmt":"2025-06-17T12:50:28","slug":"nogi-wieprzowina-09kg-11kg","status":"publish","type":"product","link":"https:\/\/www.dobremiecho.pl\/en\/sklep\/oferta-dla-zwierzat\/wieprzowina-dla-zwierzat\/nogi-wieprzowina-09kg-11kg\/","title":{"rendered":"Pork feet 1kg"},"content":{"rendered":"<p>High-quality meat for animals fed a BARF diet.<\/p>\n<p>Weight: The price is given per 1 kg. The quantity of the product in the cart corresponds to the number of kilograms ordered.<\/p>\n<p><strong>Delivery<\/strong><\/p>\n<p data-start=\"186\" data-end=\"257\">We will ship your order within 36 hours of placing it.<\/p>\n<ul data-start=\"259\" data-end=\"470\">\n<li data-start=\"259\" data-end=\"318\">\n<p data-start=\"261\" data-end=\"318\">Within Warsaw and surrounding areas \u2013 by company transport.<\/p>\n<\/li>\n<li data-start=\"319\" data-end=\"470\">\n<p data-start=\"321\" data-end=\"470\">Throughout all of Poland \u2013 via courier service.<\/p>\n<\/li>\n<\/ul>\n<p data-start=\"321\" data-end=\"470\">Orders shipped within Poland are packed in special styrofoam boxes that ensure freshness and the right temperature.<\/p>","protected":false},"excerpt":{"rendered":"<p>High-quality meat for animals fed a BARF diet.<\/p>\n<p>Weight: The price is given per 1 kg. The quantity of the product in the cart corresponds to the number of kilograms ordered.<\/p>","protected":false},"featured_media":10544,"comment_status":"open","ping_status":"closed","template":"","meta":{"_acf_changed":false,"inline_featured_image":false},"product_brand":[],"product_cat":[149,180],"product_tag":[],"class_list":{"0":"post-7443","1":"product","2":"type-product","3":"status-publish","4":"has-post-thumbnail","6":"product_cat-oferta-dla-zwierzat","7":"product_cat-wieprzowina-dla-zwierzat","9":"first","10":"instock","11":"shipping-taxable","12":"purchasable","13":"product-type-simple"},"acf":[],"yoast_head":"<!-- This site is optimized with the Yoast SEO Premium plugin v24.3 (Yoast SEO v25.2) - https:\/\/yoast.com\/wordpress\/plugins\/seo\/ -->\n<title>Nogi wieprzowe 1kg - DobreMiecho.pl<\/title>\n<meta name=\"robots\" content=\"index, follow, max-snippet:-1, max-image-preview:large, max-video-preview:-1\" \/>\n<link rel=\"canonical\" href=\"https:\/\/www.dobremiecho.pl\/en\/sklep\/oferta-dla-zwierzat\/wieprzowina-dla-zwierzat\/nogi-wieprzowina-09kg-11kg\/\" \/>\n<meta property=\"og:locale\" content=\"en_GB\" \/>\n<meta property=\"og:type\" content=\"article\" \/>\n<meta property=\"og:title\" content=\"Nogi wieprzowe 1kg\" \/>\n<meta property=\"og:description\" content=\"Wysokiej jako\u015bci mi\u0119so dla zwierz\u0105t karmionych diet\u0105 typu BARF.  Waga: Cena podana za 1 kg, ilo\u015b\u0107 produktu w koszyku jest r\u00f3wnoznaczna z ilo\u015bci\u0105 zamawianych kilogram\u00f3w\" \/>\n<meta property=\"og:url\" content=\"https:\/\/www.dobremiecho.pl\/en\/sklep\/oferta-dla-zwierzat\/wieprzowina-dla-zwierzat\/nogi-wieprzowina-09kg-11kg\/\" \/>\n<meta property=\"og:site_name\" content=\"DobreMiecho.pl\" \/>\n<meta property=\"article:modified_time\" content=\"2025-06-17T12:50:28+00:00\" \/>\n<meta property=\"og:image\" content=\"https:\/\/www.dobremiecho.pl\/wp-content\/uploads\/2024\/04\/raw-pork-legs-white-background-scaled-1.jpg\" \/>\n\t<meta property=\"og:image:width\" content=\"2560\" \/>\n\t<meta property=\"og:image:height\" content=\"1707\" \/>\n\t<meta property=\"og:image:type\" content=\"image\/jpeg\" \/>\n<meta name=\"twitter:card\" content=\"summary_large_image\" \/>\n<meta name=\"twitter:label1\" content=\"Estimated reading time\" \/>\n\t<meta name=\"twitter:data1\" content=\"1 minute\" \/>\n<script type=\"application\/ld+json\" class=\"yoast-schema-graph\">{\"@context\":\"https:\/\/schema.org\",\"@graph\":[{\"@type\":\"WebPage\",\"@id\":\"https:\/\/www.dobremiecho.pl\/sklep\/oferta-dla-zwierzat\/wieprzowina-dla-zwierzat\/nogi-wieprzowina-09kg-11kg\/\",\"url\":\"https:\/\/www.dobremiecho.pl\/sklep\/oferta-dla-zwierzat\/wieprzowina-dla-zwierzat\/nogi-wieprzowina-09kg-11kg\/\",\"name\":\"Nogi wieprzowe 1kg - DobreMiecho.pl\",\"isPartOf\":{\"@id\":\"https:\/\/www.dobremiecho.pl\/#website\"},\"primaryImageOfPage\":{\"@id\":\"https:\/\/www.dobremiecho.pl\/sklep\/oferta-dla-zwierzat\/wieprzowina-dla-zwierzat\/nogi-wieprzowina-09kg-11kg\/#primaryimage\"},\"image\":{\"@id\":\"https:\/\/www.dobremiecho.pl\/sklep\/oferta-dla-zwierzat\/wieprzowina-dla-zwierzat\/nogi-wieprzowina-09kg-11kg\/#primaryimage\"},\"thumbnailUrl\":\"https:\/\/www.dobremiecho.pl\/wp-content\/uploads\/2024\/04\/raw-pork-legs-white-background-scaled-1.jpg\",\"datePublished\":\"2021-05-10T21:47:07+00:00\",\"dateModified\":\"2025-06-17T12:50:28+00:00\",\"breadcrumb\":{\"@id\":\"https:\/\/www.dobremiecho.pl\/sklep\/oferta-dla-zwierzat\/wieprzowina-dla-zwierzat\/nogi-wieprzowina-09kg-11kg\/#breadcrumb\"},\"inLanguage\":\"en-GB\",\"potentialAction\":[{\"@type\":\"ReadAction\",\"target\":[\"https:\/\/www.dobremiecho.pl\/sklep\/oferta-dla-zwierzat\/wieprzowina-dla-zwierzat\/nogi-wieprzowina-09kg-11kg\/\"]}]},{\"@type\":\"ImageObject\",\"inLanguage\":\"en-GB\",\"@id\":\"https:\/\/www.dobremiecho.pl\/sklep\/oferta-dla-zwierzat\/wieprzowina-dla-zwierzat\/nogi-wieprzowina-09kg-11kg\/#primaryimage\",\"url\":\"https:\/\/www.dobremiecho.pl\/wp-content\/uploads\/2024\/04\/raw-pork-legs-white-background-scaled-1.jpg\",\"contentUrl\":\"https:\/\/www.dobremiecho.pl\/wp-content\/uploads\/2024\/04\/raw-pork-legs-white-background-scaled-1.jpg\",\"width\":2560,\"height\":1707},{\"@type\":\"BreadcrumbList\",\"@id\":\"https:\/\/www.dobremiecho.pl\/sklep\/oferta-dla-zwierzat\/wieprzowina-dla-zwierzat\/nogi-wieprzowina-09kg-11kg\/#breadcrumb\",\"itemListElement\":[{\"@type\":\"ListItem\",\"position\":1,\"name\":\"Strona g\u0142\u00f3wna\",\"item\":\"https:\/\/www.dobremiecho.pl\/\"},{\"@type\":\"ListItem\",\"position\":2,\"name\":\"Sklep\",\"item\":\"https:\/\/www.dobremiecho.pl\/sklep\/\"},{\"@type\":\"ListItem\",\"position\":3,\"name\":\"Nogi wieprzowe 1kg\"}]},{\"@type\":\"WebSite\",\"@id\":\"https:\/\/www.dobremiecho.pl\/#website\",\"url\":\"https:\/\/www.dobremiecho.pl\/\",\"name\":\"DobreMiecho.pl\",\"description\":\"Wysokogatunkowe mi\u0119so z dostaw\u0105 do domu\",\"publisher\":{\"@id\":\"https:\/\/www.dobremiecho.pl\/#organization\"},\"potentialAction\":[{\"@type\":\"SearchAction\",\"target\":{\"@type\":\"EntryPoint\",\"urlTemplate\":\"https:\/\/www.dobremiecho.pl\/?s={search_term_string}\"},\"query-input\":{\"@type\":\"PropertyValueSpecification\",\"valueRequired\":true,\"valueName\":\"search_term_string\"}}],\"inLanguage\":\"en-GB\"},{\"@type\":\"Organization\",\"@id\":\"https:\/\/www.dobremiecho.pl\/#organization\",\"name\":\"DobreMiecho.pl\",\"url\":\"https:\/\/www.dobremiecho.pl\/\",\"logo\":{\"@type\":\"ImageObject\",\"inLanguage\":\"en-GB\",\"@id\":\"https:\/\/www.dobremiecho.pl\/#\/schema\/logo\/image\/\",\"url\":\"https:\/\/www.dobremiecho.pl\/wp-content\/uploads\/2022\/10\/12091494-Raw-fresh-meat-T-bone-steak-seasoning-and-Butcher-cleaver-on-chopping-cutting-board-on-wooden-background.jpg\",\"contentUrl\":\"https:\/\/www.dobremiecho.pl\/wp-content\/uploads\/2022\/10\/12091494-Raw-fresh-meat-T-bone-steak-seasoning-and-Butcher-cleaver-on-chopping-cutting-board-on-wooden-background.jpg\",\"width\":1100,\"height\":733,\"caption\":\"DobreMiecho.pl\"},\"image\":{\"@id\":\"https:\/\/www.dobremiecho.pl\/#\/schema\/logo\/image\/\"}}]}<\/script>\n<!-- \/ Yoast SEO Premium plugin. -->","yoast_head_json":{"title":"Nogi wieprzowe 1kg - DobreMiecho.pl","robots":{"index":"index","follow":"follow","max-snippet":"max-snippet:-1","max-image-preview":"max-image-preview:large","max-video-preview":"max-video-preview:-1"},"canonical":"https:\/\/www.dobremiecho.pl\/en\/sklep\/oferta-dla-zwierzat\/wieprzowina-dla-zwierzat\/nogi-wieprzowina-09kg-11kg\/","og_locale":"en_GB","og_type":"article","og_title":"Nogi wieprzowe 1kg","og_description":"Wysokiej jako\u015bci mi\u0119so dla zwierz\u0105t karmionych diet\u0105 typu BARF.  Waga: Cena podana za 1 kg, ilo\u015b\u0107 produktu w koszyku jest r\u00f3wnoznaczna z ilo\u015bci\u0105 zamawianych kilogram\u00f3w","og_url":"https:\/\/www.dobremiecho.pl\/en\/sklep\/oferta-dla-zwierzat\/wieprzowina-dla-zwierzat\/nogi-wieprzowina-09kg-11kg\/","og_site_name":"DobreMiecho.pl","article_modified_time":"2025-06-17T12:50:28+00:00","og_image":[{"width":2560,"height":1707,"url":"https:\/\/www.dobremiecho.pl\/wp-content\/uploads\/2024\/04\/raw-pork-legs-white-background-scaled-1.jpg","type":"image\/jpeg"}],"twitter_card":"summary_large_image","twitter_misc":{"Estimated reading time":"1 minute"},"schema":{"@context":"https:\/\/schema.org","@graph":[{"@type":"WebPage","@id":"https:\/\/www.dobremiecho.pl\/sklep\/oferta-dla-zwierzat\/wieprzowina-dla-zwierzat\/nogi-wieprzowina-09kg-11kg\/","url":"https:\/\/www.dobremiecho.pl\/sklep\/oferta-dla-zwierzat\/wieprzowina-dla-zwierzat\/nogi-wieprzowina-09kg-11kg\/","name":"Nogi wieprzowe 1kg - DobreMiecho.pl","isPartOf":{"@id":"https:\/\/www.dobremiecho.pl\/#website"},"primaryImageOfPage":{"@id":"https:\/\/www.dobremiecho.pl\/sklep\/oferta-dla-zwierzat\/wieprzowina-dla-zwierzat\/nogi-wieprzowina-09kg-11kg\/#primaryimage"},"image":{"@id":"https:\/\/www.dobremiecho.pl\/sklep\/oferta-dla-zwierzat\/wieprzowina-dla-zwierzat\/nogi-wieprzowina-09kg-11kg\/#primaryimage"},"thumbnailUrl":"https:\/\/www.dobremiecho.pl\/wp-content\/uploads\/2024\/04\/raw-pork-legs-white-background-scaled-1.jpg","datePublished":"2021-05-10T21:47:07+00:00","dateModified":"2025-06-17T12:50:28+00:00","breadcrumb":{"@id":"https:\/\/www.dobremiecho.pl\/sklep\/oferta-dla-zwierzat\/wieprzowina-dla-zwierzat\/nogi-wieprzowina-09kg-11kg\/#breadcrumb"},"inLanguage":"en-GB","potentialAction":[{"@type":"ReadAction","target":["https:\/\/www.dobremiecho.pl\/sklep\/oferta-dla-zwierzat\/wieprzowina-dla-zwierzat\/nogi-wieprzowina-09kg-11kg\/"]}]},{"@type":"ImageObject","inLanguage":"en-GB","@id":"https:\/\/www.dobremiecho.pl\/sklep\/oferta-dla-zwierzat\/wieprzowina-dla-zwierzat\/nogi-wieprzowina-09kg-11kg\/#primaryimage","url":"https:\/\/www.dobremiecho.pl\/wp-content\/uploads\/2024\/04\/raw-pork-legs-white-background-scaled-1.jpg","contentUrl":"https:\/\/www.dobremiecho.pl\/wp-content\/uploads\/2024\/04\/raw-pork-legs-white-background-scaled-1.jpg","width":2560,"height":1707},{"@type":"BreadcrumbList","@id":"https:\/\/www.dobremiecho.pl\/sklep\/oferta-dla-zwierzat\/wieprzowina-dla-zwierzat\/nogi-wieprzowina-09kg-11kg\/#breadcrumb","itemListElement":[{"@type":"ListItem","position":1,"name":"Strona g\u0142\u00f3wna","item":"https:\/\/www.dobremiecho.pl\/"},{"@type":"ListItem","position":2,"name":"Sklep","item":"https:\/\/www.dobremiecho.pl\/sklep\/"},{"@type":"ListItem","position":3,"name":"Nogi wieprzowe 1kg"}]},{"@type":"WebSite","@id":"https:\/\/www.dobremiecho.pl\/#website","url":"https:\/\/www.dobremiecho.pl\/","name":"DobreMiecho.pl","description":"Wysokogatunkowe mi\u0119so z dostaw\u0105 do domu","publisher":{"@id":"https:\/\/www.dobremiecho.pl\/#organization"},"potentialAction":[{"@type":"SearchAction","target":{"@type":"EntryPoint","urlTemplate":"https:\/\/www.dobremiecho.pl\/?s={search_term_string}"},"query-input":{"@type":"PropertyValueSpecification","valueRequired":true,"valueName":"search_term_string"}}],"inLanguage":"en-GB"},{"@type":"Organization","@id":"https:\/\/www.dobremiecho.pl\/#organization","name":"DobreMiecho.pl","url":"https:\/\/www.dobremiecho.pl\/","logo":{"@type":"ImageObject","inLanguage":"en-GB","@id":"https:\/\/www.dobremiecho.pl\/#\/schema\/logo\/image\/","url":"https:\/\/www.dobremiecho.pl\/wp-content\/uploads\/2022\/10\/12091494-Raw-fresh-meat-T-bone-steak-seasoning-and-Butcher-cleaver-on-chopping-cutting-board-on-wooden-background.jpg","contentUrl":"https:\/\/www.dobremiecho.pl\/wp-content\/uploads\/2022\/10\/12091494-Raw-fresh-meat-T-bone-steak-seasoning-and-Butcher-cleaver-on-chopping-cutting-board-on-wooden-background.jpg","width":1100,"height":733,"caption":"DobreMiecho.pl"},"image":{"@id":"https:\/\/www.dobremiecho.pl\/#\/schema\/logo\/image\/"}}]}},"_links":{"self":[{"href":"https:\/\/www.dobremiecho.pl\/en\/wp-json\/wp\/v2\/product\/7443","targetHints":{"allow":["GET"]}}],"collection":[{"href":"https:\/\/www.dobremiecho.pl\/en\/wp-json\/wp\/v2\/product"}],"about":[{"href":"https:\/\/www.dobremiecho.pl\/en\/wp-json\/wp\/v2\/types\/product"}],"replies":[{"embeddable":true,"href":"https:\/\/www.dobremiecho.pl\/en\/wp-json\/wp\/v2\/comments?post=7443"}],"wp:featuredmedia":[{"embeddable":true,"href":"https:\/\/www.dobremiecho.pl\/en\/wp-json\/wp\/v2\/media\/10544"}],"wp:attachment":[{"href":"https:\/\/www.dobremiecho.pl\/en\/wp-json\/wp\/v2\/media?parent=7443"}],"wp:term":[{"taxonomy":"product_brand","embeddable":true,"href":"https:\/\/www.dobremiecho.pl\/en\/wp-json\/wp\/v2\/product_brand?post=7443"},{"taxonomy":"product_cat","embeddable":true,"href":"https:\/\/www.dobremiecho.pl\/en\/wp-json\/wp\/v2\/product_cat?post=7443"},{"taxonomy":"product_tag","embeddable":true,"href":"https:\/\/www.dobremiecho.pl\/en\/wp-json\/wp\/v2\/product_tag?post=7443"}],"curies":[{"name":"wp","href":"https:\/\/api.w.org\/{rel}","templated":true}]}}