{"id":7495,"date":"2021-05-13T12:03:50","date_gmt":"2021-05-13T12:03:50","guid":{"rendered":"https:\/\/www.robocza-rewa.pl\/index.php\/produkt\/lopatka-bez-kosci-barania\/"},"modified":"2025-06-09T07:43:02","modified_gmt":"2025-06-09T07:43:02","slug":"lopatka-bez-kosci-barania-09kg-11kg","status":"publish","type":"product","link":"https:\/\/www.dobremiecho.pl\/en\/sklep\/baranina\/lopatka-bez-kosci-barania-09kg-11kg\/","title":{"rendered":"Boneless Lamb Shoulder 1 piece"},"content":{"rendered":"<p>A lean and easily digestible meat. It is very tasty, tender, and juicy. Perfect for roasting or making stew.<\/p>\n<p>Frozen product.<\/p>\n<p>Weight: Price refers to 1 piece. The shoulder weighs approximately 1.3\u20132.5 kg.<\/p>\n<p><strong>Delivery<\/strong><\/p>\n<p data-start=\"186\" data-end=\"257\">We will ship your order within 36 hours of placing it.<\/p>\n<ul data-start=\"259\" data-end=\"470\">\n<li data-start=\"259\" data-end=\"318\">\n<p data-start=\"261\" data-end=\"318\">Within Warsaw and surrounding areas \u2013 by company transport.<\/p>\n<\/li>\n<li data-start=\"319\" data-end=\"470\">\n<p data-start=\"321\" data-end=\"470\">Throughout all of Poland \u2013 via courier service.<\/p>\n<\/li>\n<\/ul>\n<p data-start=\"321\" data-end=\"470\">Orders shipped within Poland are packed in special styrofoam boxes that ensure freshness and the right temperature.<\/p>","protected":false},"excerpt":{"rendered":"<p>A lean and easily digestible meat. It is very tasty, tender, and juicy. Perfect for roasting or making stew.<\/p>\n<p>Frozen product.<\/p>\n<p>Weight: Price refers to 1 piece. The shoulder weighs approximately 1.3\u20132.5 kg.<\/p>","protected":false},"featured_media":18652,"comment_status":"open","ping_status":"closed","template":"","meta":{"_acf_changed":false,"inline_featured_image":false},"product_brand":[],"product_cat":[169],"product_tag":[],"class_list":{"0":"post-7495","1":"product","2":"type-product","3":"status-publish","4":"has-post-thumbnail","6":"product_cat-baranina","8":"first","9":"onbackorder","10":"shipping-taxable","11":"purchasable","12":"product-type-simple"},"acf":[],"yoast_head":"<!-- This site is optimized with the Yoast SEO Premium plugin v24.3 (Yoast SEO v25.2) - https:\/\/yoast.com\/wordpress\/plugins\/seo\/ -->\n<title>\u0141opatka barania bez ko\u015bci 1szt. - DobreMiecho.pl<\/title>\n<meta name=\"robots\" content=\"index, follow, max-snippet:-1, max-image-preview:large, max-video-preview:-1\" \/>\n<link rel=\"canonical\" href=\"https:\/\/www.dobremiecho.pl\/en\/sklep\/baranina\/lopatka-bez-kosci-barania-09kg-11kg\/\" \/>\n<meta property=\"og:locale\" content=\"en_GB\" \/>\n<meta property=\"og:type\" content=\"article\" \/>\n<meta property=\"og:title\" content=\"\u0141opatka barania bez ko\u015bci 1szt.\" \/>\n<meta property=\"og:description\" content=\"Dietetyczne i lekkostrawne mi\u0119so. Jest bardzo smaczne, kruche i soczyste. Doskona\u0142a do pieczenia lub na gulasz  Produkt mro\u017cony.  Waga: cena dotyczy 1szt. Waga \u0142opatki oko\u0142o 1,3-2,5kg\" \/>\n<meta property=\"og:url\" content=\"https:\/\/www.dobremiecho.pl\/en\/sklep\/baranina\/lopatka-bez-kosci-barania-09kg-11kg\/\" \/>\n<meta property=\"og:site_name\" content=\"DobreMiecho.pl\" \/>\n<meta property=\"article:modified_time\" content=\"2025-06-09T07:43:02+00:00\" \/>\n<meta property=\"og:image\" content=\"https:\/\/www.dobremiecho.pl\/wp-content\/uploads\/2021\/12\/produkt.png\" \/>\n\t<meta property=\"og:image:width\" content=\"512\" \/>\n\t<meta property=\"og:image:height\" content=\"512\" \/>\n\t<meta property=\"og:image:type\" content=\"image\/png\" \/>\n<meta name=\"twitter:card\" content=\"summary_large_image\" \/>\n<meta name=\"twitter:label1\" content=\"Estimated reading time\" \/>\n\t<meta name=\"twitter:data1\" content=\"1 minute\" \/>\n<script type=\"application\/ld+json\" class=\"yoast-schema-graph\">{\"@context\":\"https:\/\/schema.org\",\"@graph\":[{\"@type\":\"WebPage\",\"@id\":\"https:\/\/www.dobremiecho.pl\/sklep\/baranina\/lopatka-bez-kosci-barania-09kg-11kg\/\",\"url\":\"https:\/\/www.dobremiecho.pl\/sklep\/baranina\/lopatka-bez-kosci-barania-09kg-11kg\/\",\"name\":\"\u0141opatka barania bez ko\u015bci 1szt. - DobreMiecho.pl\",\"isPartOf\":{\"@id\":\"https:\/\/www.dobremiecho.pl\/#website\"},\"primaryImageOfPage\":{\"@id\":\"https:\/\/www.dobremiecho.pl\/sklep\/baranina\/lopatka-bez-kosci-barania-09kg-11kg\/#primaryimage\"},\"image\":{\"@id\":\"https:\/\/www.dobremiecho.pl\/sklep\/baranina\/lopatka-bez-kosci-barania-09kg-11kg\/#primaryimage\"},\"thumbnailUrl\":\"https:\/\/www.dobremiecho.pl\/wp-content\/uploads\/2021\/12\/produkt.png\",\"datePublished\":\"2021-05-13T12:03:50+00:00\",\"dateModified\":\"2025-06-09T07:43:02+00:00\",\"breadcrumb\":{\"@id\":\"https:\/\/www.dobremiecho.pl\/sklep\/baranina\/lopatka-bez-kosci-barania-09kg-11kg\/#breadcrumb\"},\"inLanguage\":\"en-GB\",\"potentialAction\":[{\"@type\":\"ReadAction\",\"target\":[\"https:\/\/www.dobremiecho.pl\/sklep\/baranina\/lopatka-bez-kosci-barania-09kg-11kg\/\"]}]},{\"@type\":\"ImageObject\",\"inLanguage\":\"en-GB\",\"@id\":\"https:\/\/www.dobremiecho.pl\/sklep\/baranina\/lopatka-bez-kosci-barania-09kg-11kg\/#primaryimage\",\"url\":\"https:\/\/www.dobremiecho.pl\/wp-content\/uploads\/2021\/12\/produkt.png\",\"contentUrl\":\"https:\/\/www.dobremiecho.pl\/wp-content\/uploads\/2021\/12\/produkt.png\",\"width\":512,\"height\":512},{\"@type\":\"BreadcrumbList\",\"@id\":\"https:\/\/www.dobremiecho.pl\/sklep\/baranina\/lopatka-bez-kosci-barania-09kg-11kg\/#breadcrumb\",\"itemListElement\":[{\"@type\":\"ListItem\",\"position\":1,\"name\":\"Strona g\u0142\u00f3wna\",\"item\":\"https:\/\/www.dobremiecho.pl\/\"},{\"@type\":\"ListItem\",\"position\":2,\"name\":\"Sklep\",\"item\":\"https:\/\/www.dobremiecho.pl\/sklep\/\"},{\"@type\":\"ListItem\",\"position\":3,\"name\":\"\u0141opatka barania bez ko\u015bci 1szt.\"}]},{\"@type\":\"WebSite\",\"@id\":\"https:\/\/www.dobremiecho.pl\/#website\",\"url\":\"https:\/\/www.dobremiecho.pl\/\",\"name\":\"DobreMiecho.pl\",\"description\":\"Wysokogatunkowe mi\u0119so z dostaw\u0105 do domu\",\"publisher\":{\"@id\":\"https:\/\/www.dobremiecho.pl\/#organization\"},\"potentialAction\":[{\"@type\":\"SearchAction\",\"target\":{\"@type\":\"EntryPoint\",\"urlTemplate\":\"https:\/\/www.dobremiecho.pl\/?s={search_term_string}\"},\"query-input\":{\"@type\":\"PropertyValueSpecification\",\"valueRequired\":true,\"valueName\":\"search_term_string\"}}],\"inLanguage\":\"en-GB\"},{\"@type\":\"Organization\",\"@id\":\"https:\/\/www.dobremiecho.pl\/#organization\",\"name\":\"DobreMiecho.pl\",\"url\":\"https:\/\/www.dobremiecho.pl\/\",\"logo\":{\"@type\":\"ImageObject\",\"inLanguage\":\"en-GB\",\"@id\":\"https:\/\/www.dobremiecho.pl\/#\/schema\/logo\/image\/\",\"url\":\"https:\/\/www.dobremiecho.pl\/wp-content\/uploads\/2022\/10\/12091494-Raw-fresh-meat-T-bone-steak-seasoning-and-Butcher-cleaver-on-chopping-cutting-board-on-wooden-background.jpg\",\"contentUrl\":\"https:\/\/www.dobremiecho.pl\/wp-content\/uploads\/2022\/10\/12091494-Raw-fresh-meat-T-bone-steak-seasoning-and-Butcher-cleaver-on-chopping-cutting-board-on-wooden-background.jpg\",\"width\":1100,\"height\":733,\"caption\":\"DobreMiecho.pl\"},\"image\":{\"@id\":\"https:\/\/www.dobremiecho.pl\/#\/schema\/logo\/image\/\"}}]}<\/script>\n<!-- \/ Yoast SEO Premium plugin. -->","yoast_head_json":{"title":"\u0141opatka barania bez ko\u015bci 1szt. - DobreMiecho.pl","robots":{"index":"index","follow":"follow","max-snippet":"max-snippet:-1","max-image-preview":"max-image-preview:large","max-video-preview":"max-video-preview:-1"},"canonical":"https:\/\/www.dobremiecho.pl\/en\/sklep\/baranina\/lopatka-bez-kosci-barania-09kg-11kg\/","og_locale":"en_GB","og_type":"article","og_title":"\u0141opatka barania bez ko\u015bci 1szt.","og_description":"Dietetyczne i lekkostrawne mi\u0119so. Jest bardzo smaczne, kruche i soczyste. Doskona\u0142a do pieczenia lub na gulasz  Produkt mro\u017cony.  Waga: cena dotyczy 1szt. Waga \u0142opatki oko\u0142o 1,3-2,5kg","og_url":"https:\/\/www.dobremiecho.pl\/en\/sklep\/baranina\/lopatka-bez-kosci-barania-09kg-11kg\/","og_site_name":"DobreMiecho.pl","article_modified_time":"2025-06-09T07:43:02+00:00","og_image":[{"width":512,"height":512,"url":"https:\/\/www.dobremiecho.pl\/wp-content\/uploads\/2021\/12\/produkt.png","type":"image\/png"}],"twitter_card":"summary_large_image","twitter_misc":{"Estimated reading time":"1 minute"},"schema":{"@context":"https:\/\/schema.org","@graph":[{"@type":"WebPage","@id":"https:\/\/www.dobremiecho.pl\/sklep\/baranina\/lopatka-bez-kosci-barania-09kg-11kg\/","url":"https:\/\/www.dobremiecho.pl\/sklep\/baranina\/lopatka-bez-kosci-barania-09kg-11kg\/","name":"\u0141opatka barania bez ko\u015bci 1szt. - DobreMiecho.pl","isPartOf":{"@id":"https:\/\/www.dobremiecho.pl\/#website"},"primaryImageOfPage":{"@id":"https:\/\/www.dobremiecho.pl\/sklep\/baranina\/lopatka-bez-kosci-barania-09kg-11kg\/#primaryimage"},"image":{"@id":"https:\/\/www.dobremiecho.pl\/sklep\/baranina\/lopatka-bez-kosci-barania-09kg-11kg\/#primaryimage"},"thumbnailUrl":"https:\/\/www.dobremiecho.pl\/wp-content\/uploads\/2021\/12\/produkt.png","datePublished":"2021-05-13T12:03:50+00:00","dateModified":"2025-06-09T07:43:02+00:00","breadcrumb":{"@id":"https:\/\/www.dobremiecho.pl\/sklep\/baranina\/lopatka-bez-kosci-barania-09kg-11kg\/#breadcrumb"},"inLanguage":"en-GB","potentialAction":[{"@type":"ReadAction","target":["https:\/\/www.dobremiecho.pl\/sklep\/baranina\/lopatka-bez-kosci-barania-09kg-11kg\/"]}]},{"@type":"ImageObject","inLanguage":"en-GB","@id":"https:\/\/www.dobremiecho.pl\/sklep\/baranina\/lopatka-bez-kosci-barania-09kg-11kg\/#primaryimage","url":"https:\/\/www.dobremiecho.pl\/wp-content\/uploads\/2021\/12\/produkt.png","contentUrl":"https:\/\/www.dobremiecho.pl\/wp-content\/uploads\/2021\/12\/produkt.png","width":512,"height":512},{"@type":"BreadcrumbList","@id":"https:\/\/www.dobremiecho.pl\/sklep\/baranina\/lopatka-bez-kosci-barania-09kg-11kg\/#breadcrumb","itemListElement":[{"@type":"ListItem","position":1,"name":"Strona g\u0142\u00f3wna","item":"https:\/\/www.dobremiecho.pl\/"},{"@type":"ListItem","position":2,"name":"Sklep","item":"https:\/\/www.dobremiecho.pl\/sklep\/"},{"@type":"ListItem","position":3,"name":"\u0141opatka barania bez ko\u015bci 1szt."}]},{"@type":"WebSite","@id":"https:\/\/www.dobremiecho.pl\/#website","url":"https:\/\/www.dobremiecho.pl\/","name":"DobreMiecho.pl","description":"Wysokogatunkowe mi\u0119so z dostaw\u0105 do domu","publisher":{"@id":"https:\/\/www.dobremiecho.pl\/#organization"},"potentialAction":[{"@type":"SearchAction","target":{"@type":"EntryPoint","urlTemplate":"https:\/\/www.dobremiecho.pl\/?s={search_term_string}"},"query-input":{"@type":"PropertyValueSpecification","valueRequired":true,"valueName":"search_term_string"}}],"inLanguage":"en-GB"},{"@type":"Organization","@id":"https:\/\/www.dobremiecho.pl\/#organization","name":"DobreMiecho.pl","url":"https:\/\/www.dobremiecho.pl\/","logo":{"@type":"ImageObject","inLanguage":"en-GB","@id":"https:\/\/www.dobremiecho.pl\/#\/schema\/logo\/image\/","url":"https:\/\/www.dobremiecho.pl\/wp-content\/uploads\/2022\/10\/12091494-Raw-fresh-meat-T-bone-steak-seasoning-and-Butcher-cleaver-on-chopping-cutting-board-on-wooden-background.jpg","contentUrl":"https:\/\/www.dobremiecho.pl\/wp-content\/uploads\/2022\/10\/12091494-Raw-fresh-meat-T-bone-steak-seasoning-and-Butcher-cleaver-on-chopping-cutting-board-on-wooden-background.jpg","width":1100,"height":733,"caption":"DobreMiecho.pl"},"image":{"@id":"https:\/\/www.dobremiecho.pl\/#\/schema\/logo\/image\/"}}]}},"_links":{"self":[{"href":"https:\/\/www.dobremiecho.pl\/en\/wp-json\/wp\/v2\/product\/7495","targetHints":{"allow":["GET"]}}],"collection":[{"href":"https:\/\/www.dobremiecho.pl\/en\/wp-json\/wp\/v2\/product"}],"about":[{"href":"https:\/\/www.dobremiecho.pl\/en\/wp-json\/wp\/v2\/types\/product"}],"replies":[{"embeddable":true,"href":"https:\/\/www.dobremiecho.pl\/en\/wp-json\/wp\/v2\/comments?post=7495"}],"wp:featuredmedia":[{"embeddable":true,"href":"https:\/\/www.dobremiecho.pl\/en\/wp-json\/wp\/v2\/media\/18652"}],"wp:attachment":[{"href":"https:\/\/www.dobremiecho.pl\/en\/wp-json\/wp\/v2\/media?parent=7495"}],"wp:term":[{"taxonomy":"product_brand","embeddable":true,"href":"https:\/\/www.dobremiecho.pl\/en\/wp-json\/wp\/v2\/product_brand?post=7495"},{"taxonomy":"product_cat","embeddable":true,"href":"https:\/\/www.dobremiecho.pl\/en\/wp-json\/wp\/v2\/product_cat?post=7495"},{"taxonomy":"product_tag","embeddable":true,"href":"https:\/\/www.dobremiecho.pl\/en\/wp-json\/wp\/v2\/product_tag?post=7495"}],"curies":[{"name":"wp","href":"https:\/\/api.w.org\/{rel}","templated":true}]}}