{"id":7509,"date":"2021-11-25T22:31:18","date_gmt":"2021-11-25T22:31:18","guid":{"rendered":"https:\/\/www.robocza-rewa.pl\/index.php\/produkt\/zestaw-startowy-steki\/"},"modified":"2025-06-08T09:40:52","modified_gmt":"2025-06-08T09:40:52","slug":"zestaw-stekow-sezonowanych-i","status":"publish","type":"product","link":"https:\/\/www.dobremiecho.pl\/en\/sklep\/wolowina\/steki\/zestaw-stekow-sezonowanych-i\/","title":{"rendered":"Starter Steak Set"},"content":{"rendered":"<p>Starter Steak Set<\/p>\n<p>Ingredients:<\/p>\n<p><strong>Aged ribeye:<\/strong> 1 piece \u2013 approx. 0.3 kg<br \/>\n<strong>Rostbef sezonowany:<\/strong> 1 piece \u2013 approx. 0.3 kg<br \/>\n<strong>Pol\u0119dwica stek sezonowana:<\/strong> 1 piece \u2013 approx. 0.3 kg<br \/>\n<strong>T-bone sezonowany:<\/strong> 1 piece \u2013 approx. 0.5\u20130.7 kg<br \/>\n<strong>Cote De Boeuf stek:<\/strong> 1 piece \u2013 approx. 0.4 kg<\/p>\n<p><strong>Delivery<\/strong><\/p>\n<p data-start=\"186\" data-end=\"257\">We will ship your order within 36 hours of placing it.<\/p>\n<ul data-start=\"259\" data-end=\"470\">\n<li data-start=\"259\" data-end=\"318\">\n<p data-start=\"261\" data-end=\"318\">Within Warsaw and surrounding areas \u2013 by company transport.<\/p>\n<\/li>\n<li data-start=\"319\" data-end=\"470\">\n<p data-start=\"321\" data-end=\"470\">Throughout all of Poland \u2013 via courier service.<\/p>\n<\/li>\n<\/ul>\n<p data-start=\"321\" data-end=\"470\">Orders shipped within Poland are packed in special styrofoam boxes that ensure freshness and the right temperature.<\/p>","protected":false},"excerpt":{"rendered":"<p>Starter Steak Set<\/p>\n<p>Ingredients:<\/p>\n<p><strong>Aged ribeye:<\/strong> 1 piece \u2013 approx. 0.3 kg<br \/>\n<strong>Rostbef sezonowany:<\/strong> 1 piece \u2013 approx. 0.3 kg<br \/>\n<strong>Pol\u0119dwica stek sezonowana:<\/strong> 1 piece \u2013 approx. 0.3 kg<br \/>\n<strong>T-bone sezonowany:<\/strong> 1 piece \u2013 approx. 0.5\u20130.7 kg<br \/>\n<strong>Cote De Boeuf stek:<\/strong> 1 piece \u2013 approx. 0.4 kg<\/p>","protected":false},"featured_media":10781,"comment_status":"open","ping_status":"closed","template":"","meta":{"_acf_changed":false,"inline_featured_image":false},"product_brand":[],"product_cat":[148,166,182],"product_tag":[],"class_list":{"0":"post-7509","1":"product","2":"type-product","3":"status-publish","4":"has-post-thumbnail","6":"product_cat-wolowina","7":"product_cat-steki","8":"product_cat-zestawy","10":"first","11":"instock","12":"shipping-taxable","13":"purchasable","14":"product-type-simple"},"acf":[],"yoast_head":"<!-- This site is optimized with the Yoast SEO Premium plugin v24.3 (Yoast SEO v25.2) - https:\/\/yoast.com\/wordpress\/plugins\/seo\/ -->\n<title>Zestaw Startowy Steki - DobreMiecho.pl<\/title>\n<meta name=\"robots\" content=\"index, follow, max-snippet:-1, max-image-preview:large, max-video-preview:-1\" \/>\n<link rel=\"canonical\" href=\"https:\/\/www.dobremiecho.pl\/en\/sklep\/wolowina\/steki\/zestaw-stekow-sezonowanych-i\/\" \/>\n<meta property=\"og:locale\" content=\"en_GB\" \/>\n<meta property=\"og:type\" content=\"article\" \/>\n<meta property=\"og:title\" content=\"Zestaw Startowy Steki\" \/>\n<meta property=\"og:description\" content=\"Zestaw Startowy Steki  Sk\u0142ad:  Rib eye sezonowany: 1sztuka oko\u0142o - 0,3kg Rostbef sezonowany: 1sztuka oko\u0142o - 0,3kg Pol\u0119dwica stek sezonowana: 1sztuka oko\u0142o - 0,3kg T-bone sezonowany: 1sztuka oko\u0142o 0,5-0,7kg Cote De Boeuf stek: 1sztuka oko\u0142o 0,4kg\" \/>\n<meta property=\"og:url\" content=\"https:\/\/www.dobremiecho.pl\/en\/sklep\/wolowina\/steki\/zestaw-stekow-sezonowanych-i\/\" \/>\n<meta property=\"og:site_name\" content=\"DobreMiecho.pl\" \/>\n<meta property=\"article:modified_time\" content=\"2025-06-08T09:40:52+00:00\" \/>\n<meta property=\"og:image\" content=\"https:\/\/www.dobremiecho.pl\/wp-content\/uploads\/2024\/04\/steki-sezonowane-zdjecie.jpeg\" \/>\n\t<meta property=\"og:image:width\" content=\"1600\" \/>\n\t<meta property=\"og:image:height\" content=\"1200\" \/>\n\t<meta property=\"og:image:type\" content=\"image\/jpeg\" \/>\n<meta name=\"twitter:card\" content=\"summary_large_image\" \/>\n<meta name=\"twitter:label1\" content=\"Estimated reading time\" \/>\n\t<meta name=\"twitter:data1\" content=\"1 minute\" \/>\n<script type=\"application\/ld+json\" class=\"yoast-schema-graph\">{\"@context\":\"https:\/\/schema.org\",\"@graph\":[{\"@type\":\"WebPage\",\"@id\":\"https:\/\/www.dobremiecho.pl\/sklep\/wolowina\/steki\/zestaw-stekow-sezonowanych-i\/\",\"url\":\"https:\/\/www.dobremiecho.pl\/sklep\/wolowina\/steki\/zestaw-stekow-sezonowanych-i\/\",\"name\":\"Zestaw Startowy Steki - DobreMiecho.pl\",\"isPartOf\":{\"@id\":\"https:\/\/www.dobremiecho.pl\/#website\"},\"primaryImageOfPage\":{\"@id\":\"https:\/\/www.dobremiecho.pl\/sklep\/wolowina\/steki\/zestaw-stekow-sezonowanych-i\/#primaryimage\"},\"image\":{\"@id\":\"https:\/\/www.dobremiecho.pl\/sklep\/wolowina\/steki\/zestaw-stekow-sezonowanych-i\/#primaryimage\"},\"thumbnailUrl\":\"https:\/\/www.dobremiecho.pl\/wp-content\/uploads\/2024\/04\/steki-sezonowane-zdjecie.jpeg\",\"datePublished\":\"2021-11-25T22:31:18+00:00\",\"dateModified\":\"2025-06-08T09:40:52+00:00\",\"breadcrumb\":{\"@id\":\"https:\/\/www.dobremiecho.pl\/sklep\/wolowina\/steki\/zestaw-stekow-sezonowanych-i\/#breadcrumb\"},\"inLanguage\":\"en-GB\",\"potentialAction\":[{\"@type\":\"ReadAction\",\"target\":[\"https:\/\/www.dobremiecho.pl\/sklep\/wolowina\/steki\/zestaw-stekow-sezonowanych-i\/\"]}]},{\"@type\":\"ImageObject\",\"inLanguage\":\"en-GB\",\"@id\":\"https:\/\/www.dobremiecho.pl\/sklep\/wolowina\/steki\/zestaw-stekow-sezonowanych-i\/#primaryimage\",\"url\":\"https:\/\/www.dobremiecho.pl\/wp-content\/uploads\/2024\/04\/steki-sezonowane-zdjecie.jpeg\",\"contentUrl\":\"https:\/\/www.dobremiecho.pl\/wp-content\/uploads\/2024\/04\/steki-sezonowane-zdjecie.jpeg\",\"width\":1600,\"height\":1200},{\"@type\":\"BreadcrumbList\",\"@id\":\"https:\/\/www.dobremiecho.pl\/sklep\/wolowina\/steki\/zestaw-stekow-sezonowanych-i\/#breadcrumb\",\"itemListElement\":[{\"@type\":\"ListItem\",\"position\":1,\"name\":\"Strona g\u0142\u00f3wna\",\"item\":\"https:\/\/www.dobremiecho.pl\/\"},{\"@type\":\"ListItem\",\"position\":2,\"name\":\"Sklep\",\"item\":\"https:\/\/www.dobremiecho.pl\/sklep\/\"},{\"@type\":\"ListItem\",\"position\":3,\"name\":\"Zestaw Startowy Steki\"}]},{\"@type\":\"WebSite\",\"@id\":\"https:\/\/www.dobremiecho.pl\/#website\",\"url\":\"https:\/\/www.dobremiecho.pl\/\",\"name\":\"DobreMiecho.pl\",\"description\":\"Wysokogatunkowe mi\u0119so z dostaw\u0105 do domu\",\"publisher\":{\"@id\":\"https:\/\/www.dobremiecho.pl\/#organization\"},\"potentialAction\":[{\"@type\":\"SearchAction\",\"target\":{\"@type\":\"EntryPoint\",\"urlTemplate\":\"https:\/\/www.dobremiecho.pl\/?s={search_term_string}\"},\"query-input\":{\"@type\":\"PropertyValueSpecification\",\"valueRequired\":true,\"valueName\":\"search_term_string\"}}],\"inLanguage\":\"en-GB\"},{\"@type\":\"Organization\",\"@id\":\"https:\/\/www.dobremiecho.pl\/#organization\",\"name\":\"DobreMiecho.pl\",\"url\":\"https:\/\/www.dobremiecho.pl\/\",\"logo\":{\"@type\":\"ImageObject\",\"inLanguage\":\"en-GB\",\"@id\":\"https:\/\/www.dobremiecho.pl\/#\/schema\/logo\/image\/\",\"url\":\"https:\/\/www.dobremiecho.pl\/wp-content\/uploads\/2022\/10\/12091494-Raw-fresh-meat-T-bone-steak-seasoning-and-Butcher-cleaver-on-chopping-cutting-board-on-wooden-background.jpg\",\"contentUrl\":\"https:\/\/www.dobremiecho.pl\/wp-content\/uploads\/2022\/10\/12091494-Raw-fresh-meat-T-bone-steak-seasoning-and-Butcher-cleaver-on-chopping-cutting-board-on-wooden-background.jpg\",\"width\":1100,\"height\":733,\"caption\":\"DobreMiecho.pl\"},\"image\":{\"@id\":\"https:\/\/www.dobremiecho.pl\/#\/schema\/logo\/image\/\"}}]}<\/script>\n<!-- \/ Yoast SEO Premium plugin. -->","yoast_head_json":{"title":"Zestaw Startowy Steki - DobreMiecho.pl","robots":{"index":"index","follow":"follow","max-snippet":"max-snippet:-1","max-image-preview":"max-image-preview:large","max-video-preview":"max-video-preview:-1"},"canonical":"https:\/\/www.dobremiecho.pl\/en\/sklep\/wolowina\/steki\/zestaw-stekow-sezonowanych-i\/","og_locale":"en_GB","og_type":"article","og_title":"Zestaw Startowy Steki","og_description":"Zestaw Startowy Steki  Sk\u0142ad:  Rib eye sezonowany: 1sztuka oko\u0142o - 0,3kg Rostbef sezonowany: 1sztuka oko\u0142o - 0,3kg Pol\u0119dwica stek sezonowana: 1sztuka oko\u0142o - 0,3kg T-bone sezonowany: 1sztuka oko\u0142o 0,5-0,7kg Cote De Boeuf stek: 1sztuka oko\u0142o 0,4kg","og_url":"https:\/\/www.dobremiecho.pl\/en\/sklep\/wolowina\/steki\/zestaw-stekow-sezonowanych-i\/","og_site_name":"DobreMiecho.pl","article_modified_time":"2025-06-08T09:40:52+00:00","og_image":[{"width":1600,"height":1200,"url":"https:\/\/www.dobremiecho.pl\/wp-content\/uploads\/2024\/04\/steki-sezonowane-zdjecie.jpeg","type":"image\/jpeg"}],"twitter_card":"summary_large_image","twitter_misc":{"Estimated reading time":"1 minute"},"schema":{"@context":"https:\/\/schema.org","@graph":[{"@type":"WebPage","@id":"https:\/\/www.dobremiecho.pl\/sklep\/wolowina\/steki\/zestaw-stekow-sezonowanych-i\/","url":"https:\/\/www.dobremiecho.pl\/sklep\/wolowina\/steki\/zestaw-stekow-sezonowanych-i\/","name":"Zestaw Startowy Steki - DobreMiecho.pl","isPartOf":{"@id":"https:\/\/www.dobremiecho.pl\/#website"},"primaryImageOfPage":{"@id":"https:\/\/www.dobremiecho.pl\/sklep\/wolowina\/steki\/zestaw-stekow-sezonowanych-i\/#primaryimage"},"image":{"@id":"https:\/\/www.dobremiecho.pl\/sklep\/wolowina\/steki\/zestaw-stekow-sezonowanych-i\/#primaryimage"},"thumbnailUrl":"https:\/\/www.dobremiecho.pl\/wp-content\/uploads\/2024\/04\/steki-sezonowane-zdjecie.jpeg","datePublished":"2021-11-25T22:31:18+00:00","dateModified":"2025-06-08T09:40:52+00:00","breadcrumb":{"@id":"https:\/\/www.dobremiecho.pl\/sklep\/wolowina\/steki\/zestaw-stekow-sezonowanych-i\/#breadcrumb"},"inLanguage":"en-GB","potentialAction":[{"@type":"ReadAction","target":["https:\/\/www.dobremiecho.pl\/sklep\/wolowina\/steki\/zestaw-stekow-sezonowanych-i\/"]}]},{"@type":"ImageObject","inLanguage":"en-GB","@id":"https:\/\/www.dobremiecho.pl\/sklep\/wolowina\/steki\/zestaw-stekow-sezonowanych-i\/#primaryimage","url":"https:\/\/www.dobremiecho.pl\/wp-content\/uploads\/2024\/04\/steki-sezonowane-zdjecie.jpeg","contentUrl":"https:\/\/www.dobremiecho.pl\/wp-content\/uploads\/2024\/04\/steki-sezonowane-zdjecie.jpeg","width":1600,"height":1200},{"@type":"BreadcrumbList","@id":"https:\/\/www.dobremiecho.pl\/sklep\/wolowina\/steki\/zestaw-stekow-sezonowanych-i\/#breadcrumb","itemListElement":[{"@type":"ListItem","position":1,"name":"Strona g\u0142\u00f3wna","item":"https:\/\/www.dobremiecho.pl\/"},{"@type":"ListItem","position":2,"name":"Sklep","item":"https:\/\/www.dobremiecho.pl\/sklep\/"},{"@type":"ListItem","position":3,"name":"Zestaw Startowy Steki"}]},{"@type":"WebSite","@id":"https:\/\/www.dobremiecho.pl\/#website","url":"https:\/\/www.dobremiecho.pl\/","name":"DobreMiecho.pl","description":"Wysokogatunkowe mi\u0119so z dostaw\u0105 do domu","publisher":{"@id":"https:\/\/www.dobremiecho.pl\/#organization"},"potentialAction":[{"@type":"SearchAction","target":{"@type":"EntryPoint","urlTemplate":"https:\/\/www.dobremiecho.pl\/?s={search_term_string}"},"query-input":{"@type":"PropertyValueSpecification","valueRequired":true,"valueName":"search_term_string"}}],"inLanguage":"en-GB"},{"@type":"Organization","@id":"https:\/\/www.dobremiecho.pl\/#organization","name":"DobreMiecho.pl","url":"https:\/\/www.dobremiecho.pl\/","logo":{"@type":"ImageObject","inLanguage":"en-GB","@id":"https:\/\/www.dobremiecho.pl\/#\/schema\/logo\/image\/","url":"https:\/\/www.dobremiecho.pl\/wp-content\/uploads\/2022\/10\/12091494-Raw-fresh-meat-T-bone-steak-seasoning-and-Butcher-cleaver-on-chopping-cutting-board-on-wooden-background.jpg","contentUrl":"https:\/\/www.dobremiecho.pl\/wp-content\/uploads\/2022\/10\/12091494-Raw-fresh-meat-T-bone-steak-seasoning-and-Butcher-cleaver-on-chopping-cutting-board-on-wooden-background.jpg","width":1100,"height":733,"caption":"DobreMiecho.pl"},"image":{"@id":"https:\/\/www.dobremiecho.pl\/#\/schema\/logo\/image\/"}}]}},"_links":{"self":[{"href":"https:\/\/www.dobremiecho.pl\/en\/wp-json\/wp\/v2\/product\/7509","targetHints":{"allow":["GET"]}}],"collection":[{"href":"https:\/\/www.dobremiecho.pl\/en\/wp-json\/wp\/v2\/product"}],"about":[{"href":"https:\/\/www.dobremiecho.pl\/en\/wp-json\/wp\/v2\/types\/product"}],"replies":[{"embeddable":true,"href":"https:\/\/www.dobremiecho.pl\/en\/wp-json\/wp\/v2\/comments?post=7509"}],"wp:featuredmedia":[{"embeddable":true,"href":"https:\/\/www.dobremiecho.pl\/en\/wp-json\/wp\/v2\/media\/10781"}],"wp:attachment":[{"href":"https:\/\/www.dobremiecho.pl\/en\/wp-json\/wp\/v2\/media?parent=7509"}],"wp:term":[{"taxonomy":"product_brand","embeddable":true,"href":"https:\/\/www.dobremiecho.pl\/en\/wp-json\/wp\/v2\/product_brand?post=7509"},{"taxonomy":"product_cat","embeddable":true,"href":"https:\/\/www.dobremiecho.pl\/en\/wp-json\/wp\/v2\/product_cat?post=7509"},{"taxonomy":"product_tag","embeddable":true,"href":"https:\/\/www.dobremiecho.pl\/en\/wp-json\/wp\/v2\/product_tag?post=7509"}],"curies":[{"name":"wp","href":"https:\/\/api.w.org\/{rel}","templated":true}]}}