{"id":7549,"date":"2022-07-31T22:49:21","date_gmt":"2022-07-31T22:49:21","guid":{"rendered":"https:\/\/www.robocza-rewa.pl\/index.php\/produkt\/zestaw-domowy\/"},"modified":"2026-04-22T18:08:28","modified_gmt":"2026-04-22T18:08:28","slug":"zestaw-domowy","status":"publish","type":"product","link":"https:\/\/www.dobremiecho.pl\/en\/sklep\/zestawy\/zestaw-domowy\/","title":{"rendered":"Meat set 3.5 kg (mix)"},"content":{"rendered":"<div class=\"group w-full text-token-text-primary border-b border-black\/10 dark:border-gray-900\/50 dark:bg-gray-800\">\n<div class=\"flex p-4 gap-4 text-base md:gap-6 md:max-w-2xl lg:max-w-[38rem] xl:max-w-3xl md:py-6 lg:px-0 m-auto\">\n<div class=\"relative flex w-[calc(100%-50px)] flex-col gap-1 md:gap-3 lg:w-[calc(100%-115px)]\">\n<div class=\"flex flex-grow flex-col gap-3\">\n<div class=\"min-h-[20px] flex flex-col items-start gap-3 overflow-x-auto whitespace-pre-wrap break-words\">\n<div class=\"group w-full text-token-text-primary border-b border-black\/10 dark:border-gray-900\/50 bg-gray-50 dark:bg-[#444654]\">\n<div class=\"flex p-4 gap-4 text-base md:gap-6 md:max-w-2xl lg:max-w-[38rem] xl:max-w-3xl md:py-6 lg:px-0 m-auto\">\n<div class=\"flex-shrink-0 flex flex-col relative items-end\">\n<div class=\"w-[30px]\">\n<div class=\"relative p-1 rounded-sm h-[30px] w-[30px] text-white flex items-center justify-center\">\n<p><span style=\"font-weight: 400\">Zestaw mi\u0119s 3,5 kg mix to praktyczna propozycja dla os\u00f3b, kt\u00f3re szukaj\u0105 r\u00f3\u017cnorodnych kawa\u0142k\u00f3w wo\u0142owiny do codziennego gotowania. Starannie dobrany sk\u0142ad sprawia, \u017ce zestaw \u015bwietnie sprawdzi si\u0119 do przygotowania bulion\u00f3w, gulaszy, da\u0144 duszonych oraz tradycyjnych potraw kuchni domowej. To wygodny wyb\u00f3r dla os\u00f3b, kt\u00f3re ceni\u0105 smak dobrej wo\u0142owiny i chc\u0105 mie\u0107 pod r\u0119k\u0105 mi\u0119so do kilku r\u00f3\u017cnych zastosowa\u0144.<\/span><\/p>\n<p><span style=\"font-weight: 400\">Set composition:<\/span><\/p>\n<ul>\n<li style=\"font-weight: 400\"><span style=\"font-weight: 400\">1 kg szpondra wo\u0142owego (\u017ceberka)\u00a0<\/span><\/li>\n<li style=\"font-weight: 400\"><span style=\"font-weight: 400\">1 kg mi\u0119sa gulaszowego wo\u0142owego<\/span><\/li>\n<li style=\"font-weight: 400\"><span style=\"font-weight: 400\">1,5 kg \u0142opatki wo\u0142owej<\/span><\/li>\n<\/ul>\n<p><b>Delivery<\/b><\/p>\n<p><span style=\"font-weight: 400\">We will ship your order within 36 hours of placing it.<\/span><\/p>\n<p><span style=\"font-weight: 400\">Na terenie Warszawy i okolic &#8211; transportem firmowym.<\/span><\/p>\n<p><span style=\"font-weight: 400\">Na terenie ca\u0142ej Polski &#8211; za po\u015brednictwem firmy kurierskiej.<\/span><\/p>\n<p><span style=\"font-weight: 400\">Orders shipped within Poland are packed in special styrofoam boxes that ensure freshness and the right temperature.<\/span><\/p>\n<\/div>\n<\/div>\n<\/div>\n<\/div>\n<\/div>\n<\/div>\n<\/div>\n<\/div>\n<\/div>\n<\/div>","protected":false},"excerpt":{"rendered":"<div class=\"flex flex-grow flex-col gap-3\">\n<div class=\"min-h-[20px] flex flex-col items-start gap-3 overflow-x-auto whitespace-pre-wrap break-words\">\n<div class=\"group w-full text-token-text-primary border-b border-black\/10 dark:border-gray-900\/50 bg-gray-50 dark:bg-[#444654]\">\n<div class=\"flex p-4 gap-4 text-base md:gap-6 md:max-w-2xl lg:max-w-[38rem] xl:max-w-3xl md:py-6 lg:px-0 m-auto\">\n<div class=\"flex-shrink-0 flex flex-col relative items-end\">\n<div class=\"w-[30px]\">\n<div class=\"relative p-1 rounded-sm h-[30px] w-[30px] text-white flex items-center justify-center\">\n<p><span style=\"font-weight: 400\">Set composition:<\/span><\/p>\n<ul>\n<li style=\"font-weight: 400\"><span style=\"font-weight: 400\">1 kg szpondra wo\u0142owego (\u017ceberka)\u00a0<\/span><\/li>\n<li style=\"font-weight: 400\"><span style=\"font-weight: 400\">1 kg mi\u0119sa gulaszowego wo\u0142owego<\/span><\/li>\n<li style=\"font-weight: 400\"><span style=\"font-weight: 400\">1,5 kg \u0142opatki wo\u0142owej<\/span><\/li>\n<\/ul>\n<p><strong>Origin:<\/strong> produkt pochodzi z najlepszych hodowli w Polsce.<\/div>\n<\/div>\n<\/div>\n<\/div>\n<\/div>\n<\/div>\n<\/div>","protected":false},"featured_media":20515,"comment_status":"open","ping_status":"closed","template":"","meta":{"_acf_changed":false,"inline_featured_image":false},"product_brand":[],"product_cat":[182],"product_tag":[],"class_list":{"0":"post-7549","1":"product","2":"type-product","3":"status-publish","4":"has-post-thumbnail","6":"product_cat-zestawy","8":"first","9":"instock","10":"shipping-taxable","11":"purchasable","12":"product-type-simple"},"acf":[],"yoast_head":"<!-- This site is optimized with the Yoast SEO Premium plugin v24.3 (Yoast SEO v25.2) - https:\/\/yoast.com\/wordpress\/plugins\/seo\/ -->\n<title>Zestaw mi\u0119s 3,5kg mix - DobreMiecho.pl<\/title>\n<meta name=\"robots\" content=\"index, follow, max-snippet:-1, max-image-preview:large, max-video-preview:-1\" \/>\n<link rel=\"canonical\" href=\"https:\/\/www.dobremiecho.pl\/en\/sklep\/zestawy\/zestaw-domowy\/\" \/>\n<meta property=\"og:locale\" content=\"en_GB\" \/>\n<meta property=\"og:type\" content=\"article\" \/>\n<meta property=\"og:title\" content=\"Zestaw mi\u0119s 3,5kg mix\" \/>\n<meta property=\"og:description\" content=\"Sk\u0142ad zestawu:   1 kg szpondra wo\u0142owego (\u017ceberka)\u00a0  1 kg mi\u0119sa gulaszowego wo\u0142owego  1,5 kg \u0142opatki wo\u0142owej  Pochodzenie: produkt pochodzi z najlepszych hodowli w Polsce.\" \/>\n<meta property=\"og:url\" content=\"https:\/\/www.dobremiecho.pl\/en\/sklep\/zestawy\/zestaw-domowy\/\" \/>\n<meta property=\"og:site_name\" content=\"DobreMiecho.pl\" \/>\n<meta property=\"article:modified_time\" content=\"2026-04-22T18:08:28+00:00\" \/>\n<meta property=\"og:image\" content=\"https:\/\/www.dobremiecho.pl\/wp-content\/uploads\/2022\/07\/Zestaw-mies-35kg-mix.png\" \/>\n\t<meta property=\"og:image:width\" content=\"1024\" \/>\n\t<meta property=\"og:image:height\" content=\"1024\" \/>\n\t<meta property=\"og:image:type\" content=\"image\/png\" \/>\n<meta name=\"twitter:card\" content=\"summary_large_image\" \/>\n<meta name=\"twitter:label1\" content=\"Estimated reading time\" \/>\n\t<meta name=\"twitter:data1\" content=\"1 minute\" \/>\n<script type=\"application\/ld+json\" class=\"yoast-schema-graph\">{\"@context\":\"https:\/\/schema.org\",\"@graph\":[{\"@type\":\"WebPage\",\"@id\":\"https:\/\/www.dobremiecho.pl\/sklep\/zestawy\/zestaw-domowy\/\",\"url\":\"https:\/\/www.dobremiecho.pl\/sklep\/zestawy\/zestaw-domowy\/\",\"name\":\"Zestaw mi\u0119s 3,5kg mix - DobreMiecho.pl\",\"isPartOf\":{\"@id\":\"https:\/\/www.dobremiecho.pl\/#website\"},\"primaryImageOfPage\":{\"@id\":\"https:\/\/www.dobremiecho.pl\/sklep\/zestawy\/zestaw-domowy\/#primaryimage\"},\"image\":{\"@id\":\"https:\/\/www.dobremiecho.pl\/sklep\/zestawy\/zestaw-domowy\/#primaryimage\"},\"thumbnailUrl\":\"https:\/\/www.dobremiecho.pl\/wp-content\/uploads\/2022\/07\/Zestaw-mies-35kg-mix.png\",\"datePublished\":\"2022-07-31T22:49:21+00:00\",\"dateModified\":\"2026-04-22T18:08:28+00:00\",\"breadcrumb\":{\"@id\":\"https:\/\/www.dobremiecho.pl\/sklep\/zestawy\/zestaw-domowy\/#breadcrumb\"},\"inLanguage\":\"en-GB\",\"potentialAction\":[{\"@type\":\"ReadAction\",\"target\":[\"https:\/\/www.dobremiecho.pl\/sklep\/zestawy\/zestaw-domowy\/\"]}]},{\"@type\":\"ImageObject\",\"inLanguage\":\"en-GB\",\"@id\":\"https:\/\/www.dobremiecho.pl\/sklep\/zestawy\/zestaw-domowy\/#primaryimage\",\"url\":\"https:\/\/www.dobremiecho.pl\/wp-content\/uploads\/2022\/07\/Zestaw-mies-35kg-mix.png\",\"contentUrl\":\"https:\/\/www.dobremiecho.pl\/wp-content\/uploads\/2022\/07\/Zestaw-mies-35kg-mix.png\",\"width\":1024,\"height\":1024},{\"@type\":\"BreadcrumbList\",\"@id\":\"https:\/\/www.dobremiecho.pl\/sklep\/zestawy\/zestaw-domowy\/#breadcrumb\",\"itemListElement\":[{\"@type\":\"ListItem\",\"position\":1,\"name\":\"Strona g\u0142\u00f3wna\",\"item\":\"https:\/\/www.dobremiecho.pl\/\"},{\"@type\":\"ListItem\",\"position\":2,\"name\":\"Sklep\",\"item\":\"https:\/\/www.dobremiecho.pl\/sklep\/\"},{\"@type\":\"ListItem\",\"position\":3,\"name\":\"Zestaw mi\u0119s 3,5kg mix\"}]},{\"@type\":\"WebSite\",\"@id\":\"https:\/\/www.dobremiecho.pl\/#website\",\"url\":\"https:\/\/www.dobremiecho.pl\/\",\"name\":\"DobreMiecho.pl\",\"description\":\"Wysokogatunkowe mi\u0119so z dostaw\u0105 do domu\",\"publisher\":{\"@id\":\"https:\/\/www.dobremiecho.pl\/#organization\"},\"potentialAction\":[{\"@type\":\"SearchAction\",\"target\":{\"@type\":\"EntryPoint\",\"urlTemplate\":\"https:\/\/www.dobremiecho.pl\/?s={search_term_string}\"},\"query-input\":{\"@type\":\"PropertyValueSpecification\",\"valueRequired\":true,\"valueName\":\"search_term_string\"}}],\"inLanguage\":\"en-GB\"},{\"@type\":\"Organization\",\"@id\":\"https:\/\/www.dobremiecho.pl\/#organization\",\"name\":\"DobreMiecho.pl\",\"url\":\"https:\/\/www.dobremiecho.pl\/\",\"logo\":{\"@type\":\"ImageObject\",\"inLanguage\":\"en-GB\",\"@id\":\"https:\/\/www.dobremiecho.pl\/#\/schema\/logo\/image\/\",\"url\":\"https:\/\/www.dobremiecho.pl\/wp-content\/uploads\/2022\/10\/12091494-Raw-fresh-meat-T-bone-steak-seasoning-and-Butcher-cleaver-on-chopping-cutting-board-on-wooden-background.jpg\",\"contentUrl\":\"https:\/\/www.dobremiecho.pl\/wp-content\/uploads\/2022\/10\/12091494-Raw-fresh-meat-T-bone-steak-seasoning-and-Butcher-cleaver-on-chopping-cutting-board-on-wooden-background.jpg\",\"width\":1100,\"height\":733,\"caption\":\"DobreMiecho.pl\"},\"image\":{\"@id\":\"https:\/\/www.dobremiecho.pl\/#\/schema\/logo\/image\/\"}}]}<\/script>\n<!-- \/ Yoast SEO Premium plugin. -->","yoast_head_json":{"title":"Zestaw mi\u0119s 3,5kg mix - DobreMiecho.pl","robots":{"index":"index","follow":"follow","max-snippet":"max-snippet:-1","max-image-preview":"max-image-preview:large","max-video-preview":"max-video-preview:-1"},"canonical":"https:\/\/www.dobremiecho.pl\/en\/sklep\/zestawy\/zestaw-domowy\/","og_locale":"en_GB","og_type":"article","og_title":"Zestaw mi\u0119s 3,5kg mix","og_description":"Sk\u0142ad zestawu:   1 kg szpondra wo\u0142owego (\u017ceberka)\u00a0  1 kg mi\u0119sa gulaszowego wo\u0142owego  1,5 kg \u0142opatki wo\u0142owej  Pochodzenie: produkt pochodzi z najlepszych hodowli w Polsce.","og_url":"https:\/\/www.dobremiecho.pl\/en\/sklep\/zestawy\/zestaw-domowy\/","og_site_name":"DobreMiecho.pl","article_modified_time":"2026-04-22T18:08:28+00:00","og_image":[{"width":1024,"height":1024,"url":"https:\/\/www.dobremiecho.pl\/wp-content\/uploads\/2022\/07\/Zestaw-mies-35kg-mix.png","type":"image\/png"}],"twitter_card":"summary_large_image","twitter_misc":{"Estimated reading time":"1 minute"},"schema":{"@context":"https:\/\/schema.org","@graph":[{"@type":"WebPage","@id":"https:\/\/www.dobremiecho.pl\/sklep\/zestawy\/zestaw-domowy\/","url":"https:\/\/www.dobremiecho.pl\/sklep\/zestawy\/zestaw-domowy\/","name":"Zestaw mi\u0119s 3,5kg mix - DobreMiecho.pl","isPartOf":{"@id":"https:\/\/www.dobremiecho.pl\/#website"},"primaryImageOfPage":{"@id":"https:\/\/www.dobremiecho.pl\/sklep\/zestawy\/zestaw-domowy\/#primaryimage"},"image":{"@id":"https:\/\/www.dobremiecho.pl\/sklep\/zestawy\/zestaw-domowy\/#primaryimage"},"thumbnailUrl":"https:\/\/www.dobremiecho.pl\/wp-content\/uploads\/2022\/07\/Zestaw-mies-35kg-mix.png","datePublished":"2022-07-31T22:49:21+00:00","dateModified":"2026-04-22T18:08:28+00:00","breadcrumb":{"@id":"https:\/\/www.dobremiecho.pl\/sklep\/zestawy\/zestaw-domowy\/#breadcrumb"},"inLanguage":"en-GB","potentialAction":[{"@type":"ReadAction","target":["https:\/\/www.dobremiecho.pl\/sklep\/zestawy\/zestaw-domowy\/"]}]},{"@type":"ImageObject","inLanguage":"en-GB","@id":"https:\/\/www.dobremiecho.pl\/sklep\/zestawy\/zestaw-domowy\/#primaryimage","url":"https:\/\/www.dobremiecho.pl\/wp-content\/uploads\/2022\/07\/Zestaw-mies-35kg-mix.png","contentUrl":"https:\/\/www.dobremiecho.pl\/wp-content\/uploads\/2022\/07\/Zestaw-mies-35kg-mix.png","width":1024,"height":1024},{"@type":"BreadcrumbList","@id":"https:\/\/www.dobremiecho.pl\/sklep\/zestawy\/zestaw-domowy\/#breadcrumb","itemListElement":[{"@type":"ListItem","position":1,"name":"Strona g\u0142\u00f3wna","item":"https:\/\/www.dobremiecho.pl\/"},{"@type":"ListItem","position":2,"name":"Sklep","item":"https:\/\/www.dobremiecho.pl\/sklep\/"},{"@type":"ListItem","position":3,"name":"Zestaw mi\u0119s 3,5kg mix"}]},{"@type":"WebSite","@id":"https:\/\/www.dobremiecho.pl\/#website","url":"https:\/\/www.dobremiecho.pl\/","name":"DobreMiecho.pl","description":"Wysokogatunkowe mi\u0119so z dostaw\u0105 do domu","publisher":{"@id":"https:\/\/www.dobremiecho.pl\/#organization"},"potentialAction":[{"@type":"SearchAction","target":{"@type":"EntryPoint","urlTemplate":"https:\/\/www.dobremiecho.pl\/?s={search_term_string}"},"query-input":{"@type":"PropertyValueSpecification","valueRequired":true,"valueName":"search_term_string"}}],"inLanguage":"en-GB"},{"@type":"Organization","@id":"https:\/\/www.dobremiecho.pl\/#organization","name":"DobreMiecho.pl","url":"https:\/\/www.dobremiecho.pl\/","logo":{"@type":"ImageObject","inLanguage":"en-GB","@id":"https:\/\/www.dobremiecho.pl\/#\/schema\/logo\/image\/","url":"https:\/\/www.dobremiecho.pl\/wp-content\/uploads\/2022\/10\/12091494-Raw-fresh-meat-T-bone-steak-seasoning-and-Butcher-cleaver-on-chopping-cutting-board-on-wooden-background.jpg","contentUrl":"https:\/\/www.dobremiecho.pl\/wp-content\/uploads\/2022\/10\/12091494-Raw-fresh-meat-T-bone-steak-seasoning-and-Butcher-cleaver-on-chopping-cutting-board-on-wooden-background.jpg","width":1100,"height":733,"caption":"DobreMiecho.pl"},"image":{"@id":"https:\/\/www.dobremiecho.pl\/#\/schema\/logo\/image\/"}}]}},"_links":{"self":[{"href":"https:\/\/www.dobremiecho.pl\/en\/wp-json\/wp\/v2\/product\/7549","targetHints":{"allow":["GET"]}}],"collection":[{"href":"https:\/\/www.dobremiecho.pl\/en\/wp-json\/wp\/v2\/product"}],"about":[{"href":"https:\/\/www.dobremiecho.pl\/en\/wp-json\/wp\/v2\/types\/product"}],"replies":[{"embeddable":true,"href":"https:\/\/www.dobremiecho.pl\/en\/wp-json\/wp\/v2\/comments?post=7549"}],"wp:featuredmedia":[{"embeddable":true,"href":"https:\/\/www.dobremiecho.pl\/en\/wp-json\/wp\/v2\/media\/20515"}],"wp:attachment":[{"href":"https:\/\/www.dobremiecho.pl\/en\/wp-json\/wp\/v2\/media?parent=7549"}],"wp:term":[{"taxonomy":"product_brand","embeddable":true,"href":"https:\/\/www.dobremiecho.pl\/en\/wp-json\/wp\/v2\/product_brand?post=7549"},{"taxonomy":"product_cat","embeddable":true,"href":"https:\/\/www.dobremiecho.pl\/en\/wp-json\/wp\/v2\/product_cat?post=7549"},{"taxonomy":"product_tag","embeddable":true,"href":"https:\/\/www.dobremiecho.pl\/en\/wp-json\/wp\/v2\/product_tag?post=7549"}],"curies":[{"name":"wp","href":"https:\/\/api.w.org\/{rel}","templated":true}]}}