{"id":7564,"date":"2023-11-28T18:31:03","date_gmt":"2023-11-28T18:31:03","guid":{"rendered":"https:\/\/www.robocza-rewa.pl\/index.php\/produkt\/tuszka-jagniecina-10-20kg\/"},"modified":"2025-06-12T10:57:35","modified_gmt":"2025-06-12T10:57:35","slug":"tuszka-jagniecina-10-17kg-copy","status":"publish","type":"product","link":"https:\/\/www.dobremiecho.pl\/en\/sklep\/inne-miesa\/tuszki\/tuszka-jagniecina-10-17kg-copy\/","title":{"rendered":"Whole lamb carcass 1pc (10\u201320kg)"},"content":{"rendered":"<p>Product available on order. Delivery time: 1\u20137 days<\/p>\n<p>Origin: Poland<\/p>\n<p>Weight: the weight of the whole carcass ranges between 10\u201320kg.<\/p>\n<p>The exact weight of the carcass is known only on the day of shipment. The indicated price refers to a carcass weighing 15kg.<\/p>\n<p>The carcass can be delivered whole, halved, quartered, or cut into parts.<\/p>\n<p><strong>Delivery<\/strong><\/p>\n<p data-start=\"186\" data-end=\"257\">We will ship your order within 36 hours of placing it.<\/p>\n<ul data-start=\"259\" data-end=\"470\">\n<li data-start=\"259\" data-end=\"318\">\n<p data-start=\"261\" data-end=\"318\">Within Warsaw and surrounding areas \u2013 by company transport.<\/p>\n<\/li>\n<li data-start=\"319\" data-end=\"470\">\n<p data-start=\"321\" data-end=\"470\">Throughout all of Poland \u2013 via courier service.<\/p>\n<\/li>\n<\/ul>\n<p data-start=\"321\" data-end=\"470\">Orders shipped within Poland are packed in special styrofoam boxes that ensure freshness and the right temperature.<\/p>\n<p>&nbsp;<\/p>\n<p>&nbsp;<\/p>","protected":false},"excerpt":{"rendered":"<p>Product available on order. Delivery time: 1\u20137 days<\/p>\n<p>Origin: Poland<\/p>\n<p>Weight: the weight of the whole carcass ranges between 10\u201320kg.<\/p>\n<p>The exact weight of the carcass is known only on the day of shipment. The indicated price refers to a carcass weighing 15kg.<\/p>\n<p>The carcass can be delivered whole, halved, quartered, or cut into parts.<\/p>","protected":false},"featured_media":10829,"comment_status":"open","ping_status":"closed","template":"","meta":{"_acf_changed":false,"inline_featured_image":false},"product_brand":[],"product_cat":[191,168],"product_tag":[],"class_list":{"0":"post-7564","1":"product","2":"type-product","3":"status-publish","4":"has-post-thumbnail","6":"product_cat-tuszki","7":"product_cat-jagniecina","9":"first","10":"onbackorder","11":"shipping-taxable","12":"purchasable","13":"product-type-simple"},"acf":[],"yoast_head":"<!-- This site is optimized with the Yoast SEO Premium plugin v24.3 (Yoast SEO v25.2) - https:\/\/yoast.com\/wordpress\/plugins\/seo\/ -->\n<title>Tuszka jagni\u0119ca 1szt. (10-20kg) - DobreMiecho.pl<\/title>\n<meta name=\"robots\" content=\"index, follow, max-snippet:-1, max-image-preview:large, max-video-preview:-1\" \/>\n<link rel=\"canonical\" href=\"https:\/\/www.dobremiecho.pl\/en\/sklep\/inne-miesa\/tuszki\/tuszka-jagniecina-10-17kg-copy\/\" \/>\n<meta property=\"og:locale\" content=\"en_GB\" \/>\n<meta property=\"og:type\" content=\"article\" \/>\n<meta property=\"og:title\" content=\"Tuszka jagni\u0119ca 1szt. (10-20kg)\" \/>\n<meta property=\"og:description\" content=\"Produkt dost\u0119pny na zam\u00f3wienie. Czas oczekiwania: 1-7 dni  Pochodzenie: Polska  Waga: Waga ca\u0142ej tuszki w przedziale 10-20kg, .  Dok\u0142adna waga tuszki znana jest dopiero w dniu wysy\u0142ki.\u00a0 Wskazana cena dotyczy tuszki o wadze 15kg.  Tuszka w ca\u0142o\u015bci, przeci\u0119ta na p\u00f3\u0142, w \u0107wiartkach lub elementach.\" \/>\n<meta property=\"og:url\" content=\"https:\/\/www.dobremiecho.pl\/en\/sklep\/inne-miesa\/tuszki\/tuszka-jagniecina-10-17kg-copy\/\" \/>\n<meta property=\"og:site_name\" content=\"DobreMiecho.pl\" \/>\n<meta property=\"article:modified_time\" content=\"2025-06-12T10:57:35+00:00\" \/>\n<meta property=\"og:image\" content=\"https:\/\/www.dobremiecho.pl\/wp-content\/uploads\/2024\/04\/PHOTO-2021-05-23-22-30-27-1.jpg\" \/>\n\t<meta property=\"og:image:width\" content=\"482\" \/>\n\t<meta property=\"og:image:height\" content=\"643\" \/>\n\t<meta property=\"og:image:type\" content=\"image\/jpeg\" \/>\n<meta name=\"twitter:card\" content=\"summary_large_image\" \/>\n<meta name=\"twitter:label1\" content=\"Estimated reading time\" \/>\n\t<meta name=\"twitter:data1\" content=\"1 minute\" \/>\n<script type=\"application\/ld+json\" class=\"yoast-schema-graph\">{\"@context\":\"https:\/\/schema.org\",\"@graph\":[{\"@type\":\"WebPage\",\"@id\":\"https:\/\/www.dobremiecho.pl\/sklep\/inne-miesa\/tuszki\/tuszka-jagniecina-10-17kg-copy\/\",\"url\":\"https:\/\/www.dobremiecho.pl\/sklep\/inne-miesa\/tuszki\/tuszka-jagniecina-10-17kg-copy\/\",\"name\":\"Tuszka jagni\u0119ca 1szt. (10-20kg) - DobreMiecho.pl\",\"isPartOf\":{\"@id\":\"https:\/\/www.dobremiecho.pl\/#website\"},\"primaryImageOfPage\":{\"@id\":\"https:\/\/www.dobremiecho.pl\/sklep\/inne-miesa\/tuszki\/tuszka-jagniecina-10-17kg-copy\/#primaryimage\"},\"image\":{\"@id\":\"https:\/\/www.dobremiecho.pl\/sklep\/inne-miesa\/tuszki\/tuszka-jagniecina-10-17kg-copy\/#primaryimage\"},\"thumbnailUrl\":\"https:\/\/www.dobremiecho.pl\/wp-content\/uploads\/2024\/04\/PHOTO-2021-05-23-22-30-27-1.jpg\",\"datePublished\":\"2023-11-28T18:31:03+00:00\",\"dateModified\":\"2025-06-12T10:57:35+00:00\",\"breadcrumb\":{\"@id\":\"https:\/\/www.dobremiecho.pl\/sklep\/inne-miesa\/tuszki\/tuszka-jagniecina-10-17kg-copy\/#breadcrumb\"},\"inLanguage\":\"en-GB\",\"potentialAction\":[{\"@type\":\"ReadAction\",\"target\":[\"https:\/\/www.dobremiecho.pl\/sklep\/inne-miesa\/tuszki\/tuszka-jagniecina-10-17kg-copy\/\"]}]},{\"@type\":\"ImageObject\",\"inLanguage\":\"en-GB\",\"@id\":\"https:\/\/www.dobremiecho.pl\/sklep\/inne-miesa\/tuszki\/tuszka-jagniecina-10-17kg-copy\/#primaryimage\",\"url\":\"https:\/\/www.dobremiecho.pl\/wp-content\/uploads\/2024\/04\/PHOTO-2021-05-23-22-30-27-1.jpg\",\"contentUrl\":\"https:\/\/www.dobremiecho.pl\/wp-content\/uploads\/2024\/04\/PHOTO-2021-05-23-22-30-27-1.jpg\",\"width\":482,\"height\":643},{\"@type\":\"BreadcrumbList\",\"@id\":\"https:\/\/www.dobremiecho.pl\/sklep\/inne-miesa\/tuszki\/tuszka-jagniecina-10-17kg-copy\/#breadcrumb\",\"itemListElement\":[{\"@type\":\"ListItem\",\"position\":1,\"name\":\"Strona g\u0142\u00f3wna\",\"item\":\"https:\/\/www.dobremiecho.pl\/\"},{\"@type\":\"ListItem\",\"position\":2,\"name\":\"Sklep\",\"item\":\"https:\/\/www.dobremiecho.pl\/sklep\/\"},{\"@type\":\"ListItem\",\"position\":3,\"name\":\"Tuszka jagni\u0119ca 1szt. (10-20kg)\"}]},{\"@type\":\"WebSite\",\"@id\":\"https:\/\/www.dobremiecho.pl\/#website\",\"url\":\"https:\/\/www.dobremiecho.pl\/\",\"name\":\"DobreMiecho.pl\",\"description\":\"Wysokogatunkowe mi\u0119so z dostaw\u0105 do domu\",\"publisher\":{\"@id\":\"https:\/\/www.dobremiecho.pl\/#organization\"},\"potentialAction\":[{\"@type\":\"SearchAction\",\"target\":{\"@type\":\"EntryPoint\",\"urlTemplate\":\"https:\/\/www.dobremiecho.pl\/?s={search_term_string}\"},\"query-input\":{\"@type\":\"PropertyValueSpecification\",\"valueRequired\":true,\"valueName\":\"search_term_string\"}}],\"inLanguage\":\"en-GB\"},{\"@type\":\"Organization\",\"@id\":\"https:\/\/www.dobremiecho.pl\/#organization\",\"name\":\"DobreMiecho.pl\",\"url\":\"https:\/\/www.dobremiecho.pl\/\",\"logo\":{\"@type\":\"ImageObject\",\"inLanguage\":\"en-GB\",\"@id\":\"https:\/\/www.dobremiecho.pl\/#\/schema\/logo\/image\/\",\"url\":\"https:\/\/www.dobremiecho.pl\/wp-content\/uploads\/2022\/10\/12091494-Raw-fresh-meat-T-bone-steak-seasoning-and-Butcher-cleaver-on-chopping-cutting-board-on-wooden-background.jpg\",\"contentUrl\":\"https:\/\/www.dobremiecho.pl\/wp-content\/uploads\/2022\/10\/12091494-Raw-fresh-meat-T-bone-steak-seasoning-and-Butcher-cleaver-on-chopping-cutting-board-on-wooden-background.jpg\",\"width\":1100,\"height\":733,\"caption\":\"DobreMiecho.pl\"},\"image\":{\"@id\":\"https:\/\/www.dobremiecho.pl\/#\/schema\/logo\/image\/\"}}]}<\/script>\n<!-- \/ Yoast SEO Premium plugin. -->","yoast_head_json":{"title":"Tuszka jagni\u0119ca 1szt. (10-20kg) - DobreMiecho.pl","robots":{"index":"index","follow":"follow","max-snippet":"max-snippet:-1","max-image-preview":"max-image-preview:large","max-video-preview":"max-video-preview:-1"},"canonical":"https:\/\/www.dobremiecho.pl\/en\/sklep\/inne-miesa\/tuszki\/tuszka-jagniecina-10-17kg-copy\/","og_locale":"en_GB","og_type":"article","og_title":"Tuszka jagni\u0119ca 1szt. (10-20kg)","og_description":"Produkt dost\u0119pny na zam\u00f3wienie. Czas oczekiwania: 1-7 dni  Pochodzenie: Polska  Waga: Waga ca\u0142ej tuszki w przedziale 10-20kg, .  Dok\u0142adna waga tuszki znana jest dopiero w dniu wysy\u0142ki.\u00a0 Wskazana cena dotyczy tuszki o wadze 15kg.  Tuszka w ca\u0142o\u015bci, przeci\u0119ta na p\u00f3\u0142, w \u0107wiartkach lub elementach.","og_url":"https:\/\/www.dobremiecho.pl\/en\/sklep\/inne-miesa\/tuszki\/tuszka-jagniecina-10-17kg-copy\/","og_site_name":"DobreMiecho.pl","article_modified_time":"2025-06-12T10:57:35+00:00","og_image":[{"width":482,"height":643,"url":"https:\/\/www.dobremiecho.pl\/wp-content\/uploads\/2024\/04\/PHOTO-2021-05-23-22-30-27-1.jpg","type":"image\/jpeg"}],"twitter_card":"summary_large_image","twitter_misc":{"Estimated reading time":"1 minute"},"schema":{"@context":"https:\/\/schema.org","@graph":[{"@type":"WebPage","@id":"https:\/\/www.dobremiecho.pl\/sklep\/inne-miesa\/tuszki\/tuszka-jagniecina-10-17kg-copy\/","url":"https:\/\/www.dobremiecho.pl\/sklep\/inne-miesa\/tuszki\/tuszka-jagniecina-10-17kg-copy\/","name":"Tuszka jagni\u0119ca 1szt. (10-20kg) - DobreMiecho.pl","isPartOf":{"@id":"https:\/\/www.dobremiecho.pl\/#website"},"primaryImageOfPage":{"@id":"https:\/\/www.dobremiecho.pl\/sklep\/inne-miesa\/tuszki\/tuszka-jagniecina-10-17kg-copy\/#primaryimage"},"image":{"@id":"https:\/\/www.dobremiecho.pl\/sklep\/inne-miesa\/tuszki\/tuszka-jagniecina-10-17kg-copy\/#primaryimage"},"thumbnailUrl":"https:\/\/www.dobremiecho.pl\/wp-content\/uploads\/2024\/04\/PHOTO-2021-05-23-22-30-27-1.jpg","datePublished":"2023-11-28T18:31:03+00:00","dateModified":"2025-06-12T10:57:35+00:00","breadcrumb":{"@id":"https:\/\/www.dobremiecho.pl\/sklep\/inne-miesa\/tuszki\/tuszka-jagniecina-10-17kg-copy\/#breadcrumb"},"inLanguage":"en-GB","potentialAction":[{"@type":"ReadAction","target":["https:\/\/www.dobremiecho.pl\/sklep\/inne-miesa\/tuszki\/tuszka-jagniecina-10-17kg-copy\/"]}]},{"@type":"ImageObject","inLanguage":"en-GB","@id":"https:\/\/www.dobremiecho.pl\/sklep\/inne-miesa\/tuszki\/tuszka-jagniecina-10-17kg-copy\/#primaryimage","url":"https:\/\/www.dobremiecho.pl\/wp-content\/uploads\/2024\/04\/PHOTO-2021-05-23-22-30-27-1.jpg","contentUrl":"https:\/\/www.dobremiecho.pl\/wp-content\/uploads\/2024\/04\/PHOTO-2021-05-23-22-30-27-1.jpg","width":482,"height":643},{"@type":"BreadcrumbList","@id":"https:\/\/www.dobremiecho.pl\/sklep\/inne-miesa\/tuszki\/tuszka-jagniecina-10-17kg-copy\/#breadcrumb","itemListElement":[{"@type":"ListItem","position":1,"name":"Strona g\u0142\u00f3wna","item":"https:\/\/www.dobremiecho.pl\/"},{"@type":"ListItem","position":2,"name":"Sklep","item":"https:\/\/www.dobremiecho.pl\/sklep\/"},{"@type":"ListItem","position":3,"name":"Tuszka jagni\u0119ca 1szt. (10-20kg)"}]},{"@type":"WebSite","@id":"https:\/\/www.dobremiecho.pl\/#website","url":"https:\/\/www.dobremiecho.pl\/","name":"DobreMiecho.pl","description":"Wysokogatunkowe mi\u0119so z dostaw\u0105 do domu","publisher":{"@id":"https:\/\/www.dobremiecho.pl\/#organization"},"potentialAction":[{"@type":"SearchAction","target":{"@type":"EntryPoint","urlTemplate":"https:\/\/www.dobremiecho.pl\/?s={search_term_string}"},"query-input":{"@type":"PropertyValueSpecification","valueRequired":true,"valueName":"search_term_string"}}],"inLanguage":"en-GB"},{"@type":"Organization","@id":"https:\/\/www.dobremiecho.pl\/#organization","name":"DobreMiecho.pl","url":"https:\/\/www.dobremiecho.pl\/","logo":{"@type":"ImageObject","inLanguage":"en-GB","@id":"https:\/\/www.dobremiecho.pl\/#\/schema\/logo\/image\/","url":"https:\/\/www.dobremiecho.pl\/wp-content\/uploads\/2022\/10\/12091494-Raw-fresh-meat-T-bone-steak-seasoning-and-Butcher-cleaver-on-chopping-cutting-board-on-wooden-background.jpg","contentUrl":"https:\/\/www.dobremiecho.pl\/wp-content\/uploads\/2022\/10\/12091494-Raw-fresh-meat-T-bone-steak-seasoning-and-Butcher-cleaver-on-chopping-cutting-board-on-wooden-background.jpg","width":1100,"height":733,"caption":"DobreMiecho.pl"},"image":{"@id":"https:\/\/www.dobremiecho.pl\/#\/schema\/logo\/image\/"}}]}},"_links":{"self":[{"href":"https:\/\/www.dobremiecho.pl\/en\/wp-json\/wp\/v2\/product\/7564","targetHints":{"allow":["GET"]}}],"collection":[{"href":"https:\/\/www.dobremiecho.pl\/en\/wp-json\/wp\/v2\/product"}],"about":[{"href":"https:\/\/www.dobremiecho.pl\/en\/wp-json\/wp\/v2\/types\/product"}],"replies":[{"embeddable":true,"href":"https:\/\/www.dobremiecho.pl\/en\/wp-json\/wp\/v2\/comments?post=7564"}],"wp:featuredmedia":[{"embeddable":true,"href":"https:\/\/www.dobremiecho.pl\/en\/wp-json\/wp\/v2\/media\/10829"}],"wp:attachment":[{"href":"https:\/\/www.dobremiecho.pl\/en\/wp-json\/wp\/v2\/media?parent=7564"}],"wp:term":[{"taxonomy":"product_brand","embeddable":true,"href":"https:\/\/www.dobremiecho.pl\/en\/wp-json\/wp\/v2\/product_brand?post=7564"},{"taxonomy":"product_cat","embeddable":true,"href":"https:\/\/www.dobremiecho.pl\/en\/wp-json\/wp\/v2\/product_cat?post=7564"},{"taxonomy":"product_tag","embeddable":true,"href":"https:\/\/www.dobremiecho.pl\/en\/wp-json\/wp\/v2\/product_tag?post=7564"}],"curies":[{"name":"wp","href":"https:\/\/api.w.org\/{rel}","templated":true}]}}