{"id":7573,"date":"2023-12-27T09:16:00","date_gmt":"2023-12-27T09:16:00","guid":{"rendered":"https:\/\/www.robocza-rewa.pl\/index.php\/produkt\/mostek-wolowy-oczyszczony-2kg\/"},"modified":"2025-06-08T18:39:36","modified_gmt":"2025-06-08T18:39:36","slug":"mostek-wolowy-oczyszczony-2kg","status":"publish","type":"product","link":"https:\/\/www.dobremiecho.pl\/en\/sklep\/wolowina\/elementy-wolowe\/mostek-wolowy-oczyszczony-2kg\/","title":{"rendered":"Trimmed Beef Brisket 2 kg"},"content":{"rendered":"<p data-start=\"136\" data-end=\"424\">Beef brisket is an exceptionally aromatic and juicy cut of meat, taken from the lower part of the animal\u2019s chest. The trimmed brisket is ready to use\u2014free of excess fat and membranes, yet still full of flavor and with a structure perfect for long cooking processes.<\/p>\n<p data-start=\"426\" data-end=\"667\">It\u2019s perfect for American-style cooking as a base for classic BBQ brisket, but also works wonderfully in braised, roasted, or slow-cooked dishes. When properly prepared, the meat becomes tender, juicy, and deeply flavorful.<\/p>\n<p><strong>Delivery<\/strong><\/p>\n<p data-start=\"186\" data-end=\"257\">We will ship your order within 36 hours of placing it.<\/p>\n<ul data-start=\"259\" data-end=\"470\">\n<li data-start=\"259\" data-end=\"318\">\n<p data-start=\"261\" data-end=\"318\">Within Warsaw and surrounding areas \u2013 by company transport.<\/p>\n<\/li>\n<li data-start=\"319\" data-end=\"470\">\n<p data-start=\"321\" data-end=\"470\">Throughout all of Poland \u2013 via courier service.<\/p>\n<\/li>\n<\/ul>\n<p data-start=\"321\" data-end=\"470\">Orders shipped within Poland are packed in special styrofoam boxes that ensure freshness and the right temperature.<\/p>","protected":false},"excerpt":{"rendered":"<p data-start=\"136\" data-end=\"424\">Beef brisket is an exceptionally aromatic and juicy cut of meat, taken from the lower part of the animal\u2019s chest. The trimmed brisket is ready to use\u2014free of excess fat and membranes, yet still full of flavor and with a structure perfect for long cooking processes.<\/p>\n<p data-start=\"426\" data-end=\"667\">It\u2019s perfect for American-style cooking as a base for classic BBQ brisket, but also works wonderfully in braised, roasted, or slow-cooked dishes. When properly prepared, the meat becomes tender, juicy, and deeply flavorful.<\/p>","protected":false},"featured_media":10837,"comment_status":"open","ping_status":"closed","template":"","meta":{"_acf_changed":false,"inline_featured_image":false},"product_brand":[],"product_cat":[148,147],"product_tag":[],"class_list":{"0":"post-7573","1":"product","2":"type-product","3":"status-publish","4":"has-post-thumbnail","6":"product_cat-wolowina","7":"product_cat-elementy-wolowe","9":"first","10":"instock","11":"shipping-taxable","12":"purchasable","13":"product-type-simple"},"acf":[],"yoast_head":"<!-- This site is optimized with the Yoast SEO Premium plugin v24.3 (Yoast SEO v25.2) - https:\/\/yoast.com\/wordpress\/plugins\/seo\/ -->\n<title>Mostek wo\u0142owy oczyszczony 2kg - DobreMiecho.pl<\/title>\n<meta name=\"robots\" content=\"index, follow, max-snippet:-1, max-image-preview:large, max-video-preview:-1\" \/>\n<link rel=\"canonical\" href=\"https:\/\/www.dobremiecho.pl\/en\/sklep\/wolowina\/elementy-wolowe\/mostek-wolowy-oczyszczony-2kg\/\" \/>\n<meta property=\"og:locale\" content=\"en_GB\" \/>\n<meta property=\"og:type\" content=\"article\" \/>\n<meta property=\"og:title\" content=\"Mostek wo\u0142owy oczyszczony 2kg\" \/>\n<meta property=\"og:description\" content=\"Mostek wo\u0142owy to wyj\u0105tkowo aromatyczny i soczysty element mi\u0119sa, pochodz\u0105cy z dolnej cz\u0119\u015bci klatki piersiowej wo\u0142u. Oczyszczony mostek to gotowy do u\u017cycia kawa\u0142ek \u2014 pozbawiony nadmiaru t\u0142uszczu i b\u0142on, a jednocze\u015bnie zachowuj\u0105cy pe\u0142ni\u0119 smaku i struktur\u0119 idealn\u0105 do d\u0142ugiego gotowania. \u015awietnie sprawdza si\u0119 w kuchni ameryka\u0144skiej jako baza do klasycznego BBQ brisket, ale r\u00f3wnie\u017c w daniach duszonych, pieczonych czy gotowanych na wolnym ogniu. Po odpowiednim przygotowaniu mi\u0119so staje si\u0119 mi\u0119kkie, kruche i intensywnie mi\u0119sne.\" \/>\n<meta property=\"og:url\" content=\"https:\/\/www.dobremiecho.pl\/en\/sklep\/wolowina\/elementy-wolowe\/mostek-wolowy-oczyszczony-2kg\/\" \/>\n<meta property=\"og:site_name\" content=\"DobreMiecho.pl\" \/>\n<meta property=\"article:modified_time\" content=\"2025-06-08T18:39:36+00:00\" \/>\n<meta property=\"og:image\" content=\"https:\/\/www.dobremiecho.pl\/wp-content\/uploads\/2024\/04\/mostek-wolowy.jpg\" \/>\n\t<meta property=\"og:image:width\" content=\"1500\" \/>\n\t<meta property=\"og:image:height\" content=\"2000\" \/>\n\t<meta property=\"og:image:type\" content=\"image\/jpeg\" \/>\n<meta name=\"twitter:card\" content=\"summary_large_image\" \/>\n<meta name=\"twitter:label1\" content=\"Estimated reading time\" \/>\n\t<meta name=\"twitter:data1\" content=\"1 minute\" \/>\n<script type=\"application\/ld+json\" class=\"yoast-schema-graph\">{\"@context\":\"https:\/\/schema.org\",\"@graph\":[{\"@type\":\"WebPage\",\"@id\":\"https:\/\/www.dobremiecho.pl\/sklep\/wolowina\/elementy-wolowe\/mostek-wolowy-oczyszczony-2kg\/\",\"url\":\"https:\/\/www.dobremiecho.pl\/sklep\/wolowina\/elementy-wolowe\/mostek-wolowy-oczyszczony-2kg\/\",\"name\":\"Mostek wo\u0142owy oczyszczony 2kg - DobreMiecho.pl\",\"isPartOf\":{\"@id\":\"https:\/\/www.dobremiecho.pl\/#website\"},\"primaryImageOfPage\":{\"@id\":\"https:\/\/www.dobremiecho.pl\/sklep\/wolowina\/elementy-wolowe\/mostek-wolowy-oczyszczony-2kg\/#primaryimage\"},\"image\":{\"@id\":\"https:\/\/www.dobremiecho.pl\/sklep\/wolowina\/elementy-wolowe\/mostek-wolowy-oczyszczony-2kg\/#primaryimage\"},\"thumbnailUrl\":\"https:\/\/www.dobremiecho.pl\/wp-content\/uploads\/2024\/04\/mostek-wolowy.jpg\",\"datePublished\":\"2023-12-27T09:16:00+00:00\",\"dateModified\":\"2025-06-08T18:39:36+00:00\",\"breadcrumb\":{\"@id\":\"https:\/\/www.dobremiecho.pl\/sklep\/wolowina\/elementy-wolowe\/mostek-wolowy-oczyszczony-2kg\/#breadcrumb\"},\"inLanguage\":\"en-GB\",\"potentialAction\":[{\"@type\":\"ReadAction\",\"target\":[\"https:\/\/www.dobremiecho.pl\/sklep\/wolowina\/elementy-wolowe\/mostek-wolowy-oczyszczony-2kg\/\"]}]},{\"@type\":\"ImageObject\",\"inLanguage\":\"en-GB\",\"@id\":\"https:\/\/www.dobremiecho.pl\/sklep\/wolowina\/elementy-wolowe\/mostek-wolowy-oczyszczony-2kg\/#primaryimage\",\"url\":\"https:\/\/www.dobremiecho.pl\/wp-content\/uploads\/2024\/04\/mostek-wolowy.jpg\",\"contentUrl\":\"https:\/\/www.dobremiecho.pl\/wp-content\/uploads\/2024\/04\/mostek-wolowy.jpg\",\"width\":1500,\"height\":2000},{\"@type\":\"BreadcrumbList\",\"@id\":\"https:\/\/www.dobremiecho.pl\/sklep\/wolowina\/elementy-wolowe\/mostek-wolowy-oczyszczony-2kg\/#breadcrumb\",\"itemListElement\":[{\"@type\":\"ListItem\",\"position\":1,\"name\":\"Strona g\u0142\u00f3wna\",\"item\":\"https:\/\/www.dobremiecho.pl\/\"},{\"@type\":\"ListItem\",\"position\":2,\"name\":\"Sklep\",\"item\":\"https:\/\/www.dobremiecho.pl\/sklep\/\"},{\"@type\":\"ListItem\",\"position\":3,\"name\":\"Mostek wo\u0142owy oczyszczony 2kg\"}]},{\"@type\":\"WebSite\",\"@id\":\"https:\/\/www.dobremiecho.pl\/#website\",\"url\":\"https:\/\/www.dobremiecho.pl\/\",\"name\":\"DobreMiecho.pl\",\"description\":\"Wysokogatunkowe mi\u0119so z dostaw\u0105 do domu\",\"publisher\":{\"@id\":\"https:\/\/www.dobremiecho.pl\/#organization\"},\"potentialAction\":[{\"@type\":\"SearchAction\",\"target\":{\"@type\":\"EntryPoint\",\"urlTemplate\":\"https:\/\/www.dobremiecho.pl\/?s={search_term_string}\"},\"query-input\":{\"@type\":\"PropertyValueSpecification\",\"valueRequired\":true,\"valueName\":\"search_term_string\"}}],\"inLanguage\":\"en-GB\"},{\"@type\":\"Organization\",\"@id\":\"https:\/\/www.dobremiecho.pl\/#organization\",\"name\":\"DobreMiecho.pl\",\"url\":\"https:\/\/www.dobremiecho.pl\/\",\"logo\":{\"@type\":\"ImageObject\",\"inLanguage\":\"en-GB\",\"@id\":\"https:\/\/www.dobremiecho.pl\/#\/schema\/logo\/image\/\",\"url\":\"https:\/\/www.dobremiecho.pl\/wp-content\/uploads\/2022\/10\/12091494-Raw-fresh-meat-T-bone-steak-seasoning-and-Butcher-cleaver-on-chopping-cutting-board-on-wooden-background.jpg\",\"contentUrl\":\"https:\/\/www.dobremiecho.pl\/wp-content\/uploads\/2022\/10\/12091494-Raw-fresh-meat-T-bone-steak-seasoning-and-Butcher-cleaver-on-chopping-cutting-board-on-wooden-background.jpg\",\"width\":1100,\"height\":733,\"caption\":\"DobreMiecho.pl\"},\"image\":{\"@id\":\"https:\/\/www.dobremiecho.pl\/#\/schema\/logo\/image\/\"}}]}<\/script>\n<!-- \/ Yoast SEO Premium plugin. -->","yoast_head_json":{"title":"Mostek wo\u0142owy oczyszczony 2kg - DobreMiecho.pl","robots":{"index":"index","follow":"follow","max-snippet":"max-snippet:-1","max-image-preview":"max-image-preview:large","max-video-preview":"max-video-preview:-1"},"canonical":"https:\/\/www.dobremiecho.pl\/en\/sklep\/wolowina\/elementy-wolowe\/mostek-wolowy-oczyszczony-2kg\/","og_locale":"en_GB","og_type":"article","og_title":"Mostek wo\u0142owy oczyszczony 2kg","og_description":"Mostek wo\u0142owy to wyj\u0105tkowo aromatyczny i soczysty element mi\u0119sa, pochodz\u0105cy z dolnej cz\u0119\u015bci klatki piersiowej wo\u0142u. Oczyszczony mostek to gotowy do u\u017cycia kawa\u0142ek \u2014 pozbawiony nadmiaru t\u0142uszczu i b\u0142on, a jednocze\u015bnie zachowuj\u0105cy pe\u0142ni\u0119 smaku i struktur\u0119 idealn\u0105 do d\u0142ugiego gotowania. \u015awietnie sprawdza si\u0119 w kuchni ameryka\u0144skiej jako baza do klasycznego BBQ brisket, ale r\u00f3wnie\u017c w daniach duszonych, pieczonych czy gotowanych na wolnym ogniu. Po odpowiednim przygotowaniu mi\u0119so staje si\u0119 mi\u0119kkie, kruche i intensywnie mi\u0119sne.","og_url":"https:\/\/www.dobremiecho.pl\/en\/sklep\/wolowina\/elementy-wolowe\/mostek-wolowy-oczyszczony-2kg\/","og_site_name":"DobreMiecho.pl","article_modified_time":"2025-06-08T18:39:36+00:00","og_image":[{"width":1500,"height":2000,"url":"https:\/\/www.dobremiecho.pl\/wp-content\/uploads\/2024\/04\/mostek-wolowy.jpg","type":"image\/jpeg"}],"twitter_card":"summary_large_image","twitter_misc":{"Estimated reading time":"1 minute"},"schema":{"@context":"https:\/\/schema.org","@graph":[{"@type":"WebPage","@id":"https:\/\/www.dobremiecho.pl\/sklep\/wolowina\/elementy-wolowe\/mostek-wolowy-oczyszczony-2kg\/","url":"https:\/\/www.dobremiecho.pl\/sklep\/wolowina\/elementy-wolowe\/mostek-wolowy-oczyszczony-2kg\/","name":"Mostek wo\u0142owy oczyszczony 2kg - DobreMiecho.pl","isPartOf":{"@id":"https:\/\/www.dobremiecho.pl\/#website"},"primaryImageOfPage":{"@id":"https:\/\/www.dobremiecho.pl\/sklep\/wolowina\/elementy-wolowe\/mostek-wolowy-oczyszczony-2kg\/#primaryimage"},"image":{"@id":"https:\/\/www.dobremiecho.pl\/sklep\/wolowina\/elementy-wolowe\/mostek-wolowy-oczyszczony-2kg\/#primaryimage"},"thumbnailUrl":"https:\/\/www.dobremiecho.pl\/wp-content\/uploads\/2024\/04\/mostek-wolowy.jpg","datePublished":"2023-12-27T09:16:00+00:00","dateModified":"2025-06-08T18:39:36+00:00","breadcrumb":{"@id":"https:\/\/www.dobremiecho.pl\/sklep\/wolowina\/elementy-wolowe\/mostek-wolowy-oczyszczony-2kg\/#breadcrumb"},"inLanguage":"en-GB","potentialAction":[{"@type":"ReadAction","target":["https:\/\/www.dobremiecho.pl\/sklep\/wolowina\/elementy-wolowe\/mostek-wolowy-oczyszczony-2kg\/"]}]},{"@type":"ImageObject","inLanguage":"en-GB","@id":"https:\/\/www.dobremiecho.pl\/sklep\/wolowina\/elementy-wolowe\/mostek-wolowy-oczyszczony-2kg\/#primaryimage","url":"https:\/\/www.dobremiecho.pl\/wp-content\/uploads\/2024\/04\/mostek-wolowy.jpg","contentUrl":"https:\/\/www.dobremiecho.pl\/wp-content\/uploads\/2024\/04\/mostek-wolowy.jpg","width":1500,"height":2000},{"@type":"BreadcrumbList","@id":"https:\/\/www.dobremiecho.pl\/sklep\/wolowina\/elementy-wolowe\/mostek-wolowy-oczyszczony-2kg\/#breadcrumb","itemListElement":[{"@type":"ListItem","position":1,"name":"Strona g\u0142\u00f3wna","item":"https:\/\/www.dobremiecho.pl\/"},{"@type":"ListItem","position":2,"name":"Sklep","item":"https:\/\/www.dobremiecho.pl\/sklep\/"},{"@type":"ListItem","position":3,"name":"Mostek wo\u0142owy oczyszczony 2kg"}]},{"@type":"WebSite","@id":"https:\/\/www.dobremiecho.pl\/#website","url":"https:\/\/www.dobremiecho.pl\/","name":"DobreMiecho.pl","description":"Wysokogatunkowe mi\u0119so z dostaw\u0105 do domu","publisher":{"@id":"https:\/\/www.dobremiecho.pl\/#organization"},"potentialAction":[{"@type":"SearchAction","target":{"@type":"EntryPoint","urlTemplate":"https:\/\/www.dobremiecho.pl\/?s={search_term_string}"},"query-input":{"@type":"PropertyValueSpecification","valueRequired":true,"valueName":"search_term_string"}}],"inLanguage":"en-GB"},{"@type":"Organization","@id":"https:\/\/www.dobremiecho.pl\/#organization","name":"DobreMiecho.pl","url":"https:\/\/www.dobremiecho.pl\/","logo":{"@type":"ImageObject","inLanguage":"en-GB","@id":"https:\/\/www.dobremiecho.pl\/#\/schema\/logo\/image\/","url":"https:\/\/www.dobremiecho.pl\/wp-content\/uploads\/2022\/10\/12091494-Raw-fresh-meat-T-bone-steak-seasoning-and-Butcher-cleaver-on-chopping-cutting-board-on-wooden-background.jpg","contentUrl":"https:\/\/www.dobremiecho.pl\/wp-content\/uploads\/2022\/10\/12091494-Raw-fresh-meat-T-bone-steak-seasoning-and-Butcher-cleaver-on-chopping-cutting-board-on-wooden-background.jpg","width":1100,"height":733,"caption":"DobreMiecho.pl"},"image":{"@id":"https:\/\/www.dobremiecho.pl\/#\/schema\/logo\/image\/"}}]}},"_links":{"self":[{"href":"https:\/\/www.dobremiecho.pl\/en\/wp-json\/wp\/v2\/product\/7573","targetHints":{"allow":["GET"]}}],"collection":[{"href":"https:\/\/www.dobremiecho.pl\/en\/wp-json\/wp\/v2\/product"}],"about":[{"href":"https:\/\/www.dobremiecho.pl\/en\/wp-json\/wp\/v2\/types\/product"}],"replies":[{"embeddable":true,"href":"https:\/\/www.dobremiecho.pl\/en\/wp-json\/wp\/v2\/comments?post=7573"}],"wp:featuredmedia":[{"embeddable":true,"href":"https:\/\/www.dobremiecho.pl\/en\/wp-json\/wp\/v2\/media\/10837"}],"wp:attachment":[{"href":"https:\/\/www.dobremiecho.pl\/en\/wp-json\/wp\/v2\/media?parent=7573"}],"wp:term":[{"taxonomy":"product_brand","embeddable":true,"href":"https:\/\/www.dobremiecho.pl\/en\/wp-json\/wp\/v2\/product_brand?post=7573"},{"taxonomy":"product_cat","embeddable":true,"href":"https:\/\/www.dobremiecho.pl\/en\/wp-json\/wp\/v2\/product_cat?post=7573"},{"taxonomy":"product_tag","embeddable":true,"href":"https:\/\/www.dobremiecho.pl\/en\/wp-json\/wp\/v2\/product_tag?post=7573"}],"curies":[{"name":"wp","href":"https:\/\/api.w.org\/{rel}","templated":true}]}}