{"id":7574,"date":"2023-12-27T09:18:08","date_gmt":"2023-12-27T09:18:08","guid":{"rendered":"https:\/\/www.robocza-rewa.pl\/index.php\/produkt\/poledwica-cyganska-15kg\/"},"modified":"2025-10-27T09:38:46","modified_gmt":"2025-10-27T09:38:46","slug":"poledwica-cyganska-15kg","status":"publish","type":"product","link":"https:\/\/www.dobremiecho.pl\/en\/sklep\/wolowina\/elementy-wolowe\/poledwica-cyganska-15kg\/","title":{"rendered":"Pol\u0119dwica Cyga\u0144ska 1-1,5kg"},"content":{"rendered":"<p data-start=\"165\" data-end=\"473\">Gypsy beef tenderloin is a raw beef cut with a compact, slightly elongated shape, taken from the hind part of the carcass. The meat is lean, yet very juicy and flavorful\u2014perfect for further heat processing. It stands out for its deep taste and delicate texture that remains soft and tender after cooking.<\/p>\n<p data-start=\"475\" data-end=\"687\">It\u2019s perfect for roasting whole, pan-searing, braising, as well as for making homemade cold cuts, roasts, or traditional roulades. A versatile cut appreciated by every lover of high-quality beef.<\/p>\n<p><strong>Delivery<\/strong><\/p>\n<p data-start=\"186\" data-end=\"257\">We will ship your order within 36 hours of placing it.<\/p>\n<ul data-start=\"259\" data-end=\"470\">\n<li data-start=\"259\" data-end=\"318\">\n<p data-start=\"261\" data-end=\"318\">Within Warsaw and surrounding areas \u2013 by company transport.<\/p>\n<\/li>\n<li data-start=\"319\" data-end=\"470\">\n<p data-start=\"321\" data-end=\"470\">Throughout all of Poland \u2013 via courier service.<\/p>\n<\/li>\n<\/ul>\n<p>Price for approx. 1.5 kg<\/p>\n<p data-start=\"321\" data-end=\"470\">Orders shipped within Poland are packed in special styrofoam boxes that ensure freshness and the right temperature.<\/p>","protected":false},"excerpt":{"rendered":"<p data-start=\"165\" data-end=\"473\">Gypsy beef tenderloin is a raw beef cut with a compact, slightly elongated shape, taken from the hind part of the carcass. The meat is lean, yet very juicy and flavorful\u2014perfect for further heat processing. It stands out for its deep taste and delicate texture that remains soft and tender after cooking.<\/p>\n<p data-start=\"475\" data-end=\"687\">It\u2019s perfect for roasting whole, pan-searing, braising, as well as for making homemade cold cuts, roasts, or traditional roulades. A versatile cut appreciated by every lover of high-quality beef.<\/p>\n<p>Price for approx. 1.5 kg<\/p>","protected":false},"featured_media":10838,"comment_status":"open","ping_status":"closed","template":"","meta":{"_acf_changed":false,"inline_featured_image":false},"product_brand":[],"product_cat":[148,147],"product_tag":[],"class_list":{"0":"post-7574","1":"product","2":"type-product","3":"status-publish","4":"has-post-thumbnail","6":"product_cat-wolowina","7":"product_cat-elementy-wolowe","9":"first","10":"instock","11":"shipping-taxable","12":"purchasable","13":"product-type-simple"},"acf":[],"yoast_head":"<!-- This site is optimized with the Yoast SEO Premium plugin v24.3 (Yoast SEO v25.2) - https:\/\/yoast.com\/wordpress\/plugins\/seo\/ -->\n<title>Pol\u0119dwica Cyga\u0144ska 1-1,5kg - DobreMiecho.pl<\/title>\n<meta name=\"robots\" content=\"index, follow, max-snippet:-1, max-image-preview:large, max-video-preview:-1\" \/>\n<link rel=\"canonical\" href=\"https:\/\/www.dobremiecho.pl\/en\/sklep\/wolowina\/elementy-wolowe\/poledwica-cyganska-15kg\/\" \/>\n<meta property=\"og:locale\" content=\"en_GB\" \/>\n<meta property=\"og:type\" content=\"article\" \/>\n<meta property=\"og:title\" content=\"Pol\u0119dwica Cyga\u0144ska 1-1,5kg\" \/>\n<meta property=\"og:description\" content=\"Pol\u0119dwica Cyga\u0144ska to surowy element wo\u0142owy o zwartym, lekko pod\u0142u\u017cnym kszta\u0142cie, wycinany z tylnej cz\u0119\u015bci tuszy. Mi\u0119so jest chude, ale bardzo soczyste i aromatyczne, idealne do dalszej obr\u00f3bki termicznej. Wyr\u00f3\u017cnia si\u0119 g\u0142\u0119bokim smakiem i delikatn\u0105 struktur\u0105, kt\u00f3ra po przygotowaniu pozostaje mi\u0119kka i krucha. \u015awietnie sprawdza si\u0119 do pieczenia w ca\u0142o\u015bci, sma\u017cenia, duszenia, a tak\u017ce do przygotowania domowych w\u0119dlin, pieczeni czy tradycyjnych zraz\u00f3w. To wszechstronny kawa\u0142ek, kt\u00f3ry doceni ka\u017cdy mi\u0142o\u015bnik dobrej wo\u0142owiny. Cena za ok. 1,5kg.\" \/>\n<meta property=\"og:url\" content=\"https:\/\/www.dobremiecho.pl\/en\/sklep\/wolowina\/elementy-wolowe\/poledwica-cyganska-15kg\/\" \/>\n<meta property=\"og:site_name\" content=\"DobreMiecho.pl\" \/>\n<meta property=\"article:modified_time\" content=\"2025-10-27T09:38:46+00:00\" \/>\n<meta property=\"og:image\" content=\"https:\/\/www.dobremiecho.pl\/wp-content\/uploads\/2024\/04\/poledwicza-cyganska.jpg\" \/>\n\t<meta property=\"og:image:width\" content=\"768\" \/>\n\t<meta property=\"og:image:height\" content=\"283\" \/>\n\t<meta property=\"og:image:type\" content=\"image\/jpeg\" \/>\n<meta name=\"twitter:card\" content=\"summary_large_image\" \/>\n<meta name=\"twitter:label1\" content=\"Estimated reading time\" \/>\n\t<meta name=\"twitter:data1\" content=\"1 minute\" \/>\n<script type=\"application\/ld+json\" class=\"yoast-schema-graph\">{\"@context\":\"https:\/\/schema.org\",\"@graph\":[{\"@type\":\"WebPage\",\"@id\":\"https:\/\/www.dobremiecho.pl\/sklep\/wolowina\/elementy-wolowe\/poledwica-cyganska-15kg\/\",\"url\":\"https:\/\/www.dobremiecho.pl\/sklep\/wolowina\/elementy-wolowe\/poledwica-cyganska-15kg\/\",\"name\":\"Pol\u0119dwica Cyga\u0144ska 1-1,5kg - DobreMiecho.pl\",\"isPartOf\":{\"@id\":\"https:\/\/www.dobremiecho.pl\/#website\"},\"primaryImageOfPage\":{\"@id\":\"https:\/\/www.dobremiecho.pl\/sklep\/wolowina\/elementy-wolowe\/poledwica-cyganska-15kg\/#primaryimage\"},\"image\":{\"@id\":\"https:\/\/www.dobremiecho.pl\/sklep\/wolowina\/elementy-wolowe\/poledwica-cyganska-15kg\/#primaryimage\"},\"thumbnailUrl\":\"https:\/\/www.dobremiecho.pl\/wp-content\/uploads\/2024\/04\/poledwicza-cyganska.jpg\",\"datePublished\":\"2023-12-27T09:18:08+00:00\",\"dateModified\":\"2025-10-27T09:38:46+00:00\",\"breadcrumb\":{\"@id\":\"https:\/\/www.dobremiecho.pl\/sklep\/wolowina\/elementy-wolowe\/poledwica-cyganska-15kg\/#breadcrumb\"},\"inLanguage\":\"en-GB\",\"potentialAction\":[{\"@type\":\"ReadAction\",\"target\":[\"https:\/\/www.dobremiecho.pl\/sklep\/wolowina\/elementy-wolowe\/poledwica-cyganska-15kg\/\"]}]},{\"@type\":\"ImageObject\",\"inLanguage\":\"en-GB\",\"@id\":\"https:\/\/www.dobremiecho.pl\/sklep\/wolowina\/elementy-wolowe\/poledwica-cyganska-15kg\/#primaryimage\",\"url\":\"https:\/\/www.dobremiecho.pl\/wp-content\/uploads\/2024\/04\/poledwicza-cyganska.jpg\",\"contentUrl\":\"https:\/\/www.dobremiecho.pl\/wp-content\/uploads\/2024\/04\/poledwicza-cyganska.jpg\",\"width\":768,\"height\":283},{\"@type\":\"BreadcrumbList\",\"@id\":\"https:\/\/www.dobremiecho.pl\/sklep\/wolowina\/elementy-wolowe\/poledwica-cyganska-15kg\/#breadcrumb\",\"itemListElement\":[{\"@type\":\"ListItem\",\"position\":1,\"name\":\"Strona g\u0142\u00f3wna\",\"item\":\"https:\/\/www.dobremiecho.pl\/\"},{\"@type\":\"ListItem\",\"position\":2,\"name\":\"Sklep\",\"item\":\"https:\/\/www.dobremiecho.pl\/sklep\/\"},{\"@type\":\"ListItem\",\"position\":3,\"name\":\"Pol\u0119dwica Cyga\u0144ska 1-1,5kg\"}]},{\"@type\":\"WebSite\",\"@id\":\"https:\/\/www.dobremiecho.pl\/#website\",\"url\":\"https:\/\/www.dobremiecho.pl\/\",\"name\":\"DobreMiecho.pl\",\"description\":\"Wysokogatunkowe mi\u0119so z dostaw\u0105 do domu\",\"publisher\":{\"@id\":\"https:\/\/www.dobremiecho.pl\/#organization\"},\"potentialAction\":[{\"@type\":\"SearchAction\",\"target\":{\"@type\":\"EntryPoint\",\"urlTemplate\":\"https:\/\/www.dobremiecho.pl\/?s={search_term_string}\"},\"query-input\":{\"@type\":\"PropertyValueSpecification\",\"valueRequired\":true,\"valueName\":\"search_term_string\"}}],\"inLanguage\":\"en-GB\"},{\"@type\":\"Organization\",\"@id\":\"https:\/\/www.dobremiecho.pl\/#organization\",\"name\":\"DobreMiecho.pl\",\"url\":\"https:\/\/www.dobremiecho.pl\/\",\"logo\":{\"@type\":\"ImageObject\",\"inLanguage\":\"en-GB\",\"@id\":\"https:\/\/www.dobremiecho.pl\/#\/schema\/logo\/image\/\",\"url\":\"https:\/\/www.dobremiecho.pl\/wp-content\/uploads\/2022\/10\/12091494-Raw-fresh-meat-T-bone-steak-seasoning-and-Butcher-cleaver-on-chopping-cutting-board-on-wooden-background.jpg\",\"contentUrl\":\"https:\/\/www.dobremiecho.pl\/wp-content\/uploads\/2022\/10\/12091494-Raw-fresh-meat-T-bone-steak-seasoning-and-Butcher-cleaver-on-chopping-cutting-board-on-wooden-background.jpg\",\"width\":1100,\"height\":733,\"caption\":\"DobreMiecho.pl\"},\"image\":{\"@id\":\"https:\/\/www.dobremiecho.pl\/#\/schema\/logo\/image\/\"}}]}<\/script>\n<!-- \/ Yoast SEO Premium plugin. -->","yoast_head_json":{"title":"Pol\u0119dwica Cyga\u0144ska 1-1,5kg - DobreMiecho.pl","robots":{"index":"index","follow":"follow","max-snippet":"max-snippet:-1","max-image-preview":"max-image-preview:large","max-video-preview":"max-video-preview:-1"},"canonical":"https:\/\/www.dobremiecho.pl\/en\/sklep\/wolowina\/elementy-wolowe\/poledwica-cyganska-15kg\/","og_locale":"en_GB","og_type":"article","og_title":"Pol\u0119dwica Cyga\u0144ska 1-1,5kg","og_description":"Pol\u0119dwica Cyga\u0144ska to surowy element wo\u0142owy o zwartym, lekko pod\u0142u\u017cnym kszta\u0142cie, wycinany z tylnej cz\u0119\u015bci tuszy. Mi\u0119so jest chude, ale bardzo soczyste i aromatyczne, idealne do dalszej obr\u00f3bki termicznej. Wyr\u00f3\u017cnia si\u0119 g\u0142\u0119bokim smakiem i delikatn\u0105 struktur\u0105, kt\u00f3ra po przygotowaniu pozostaje mi\u0119kka i krucha. \u015awietnie sprawdza si\u0119 do pieczenia w ca\u0142o\u015bci, sma\u017cenia, duszenia, a tak\u017ce do przygotowania domowych w\u0119dlin, pieczeni czy tradycyjnych zraz\u00f3w. To wszechstronny kawa\u0142ek, kt\u00f3ry doceni ka\u017cdy mi\u0142o\u015bnik dobrej wo\u0142owiny. Cena za ok. 1,5kg.","og_url":"https:\/\/www.dobremiecho.pl\/en\/sklep\/wolowina\/elementy-wolowe\/poledwica-cyganska-15kg\/","og_site_name":"DobreMiecho.pl","article_modified_time":"2025-10-27T09:38:46+00:00","og_image":[{"width":768,"height":283,"url":"https:\/\/www.dobremiecho.pl\/wp-content\/uploads\/2024\/04\/poledwicza-cyganska.jpg","type":"image\/jpeg"}],"twitter_card":"summary_large_image","twitter_misc":{"Estimated reading time":"1 minute"},"schema":{"@context":"https:\/\/schema.org","@graph":[{"@type":"WebPage","@id":"https:\/\/www.dobremiecho.pl\/sklep\/wolowina\/elementy-wolowe\/poledwica-cyganska-15kg\/","url":"https:\/\/www.dobremiecho.pl\/sklep\/wolowina\/elementy-wolowe\/poledwica-cyganska-15kg\/","name":"Pol\u0119dwica Cyga\u0144ska 1-1,5kg - DobreMiecho.pl","isPartOf":{"@id":"https:\/\/www.dobremiecho.pl\/#website"},"primaryImageOfPage":{"@id":"https:\/\/www.dobremiecho.pl\/sklep\/wolowina\/elementy-wolowe\/poledwica-cyganska-15kg\/#primaryimage"},"image":{"@id":"https:\/\/www.dobremiecho.pl\/sklep\/wolowina\/elementy-wolowe\/poledwica-cyganska-15kg\/#primaryimage"},"thumbnailUrl":"https:\/\/www.dobremiecho.pl\/wp-content\/uploads\/2024\/04\/poledwicza-cyganska.jpg","datePublished":"2023-12-27T09:18:08+00:00","dateModified":"2025-10-27T09:38:46+00:00","breadcrumb":{"@id":"https:\/\/www.dobremiecho.pl\/sklep\/wolowina\/elementy-wolowe\/poledwica-cyganska-15kg\/#breadcrumb"},"inLanguage":"en-GB","potentialAction":[{"@type":"ReadAction","target":["https:\/\/www.dobremiecho.pl\/sklep\/wolowina\/elementy-wolowe\/poledwica-cyganska-15kg\/"]}]},{"@type":"ImageObject","inLanguage":"en-GB","@id":"https:\/\/www.dobremiecho.pl\/sklep\/wolowina\/elementy-wolowe\/poledwica-cyganska-15kg\/#primaryimage","url":"https:\/\/www.dobremiecho.pl\/wp-content\/uploads\/2024\/04\/poledwicza-cyganska.jpg","contentUrl":"https:\/\/www.dobremiecho.pl\/wp-content\/uploads\/2024\/04\/poledwicza-cyganska.jpg","width":768,"height":283},{"@type":"BreadcrumbList","@id":"https:\/\/www.dobremiecho.pl\/sklep\/wolowina\/elementy-wolowe\/poledwica-cyganska-15kg\/#breadcrumb","itemListElement":[{"@type":"ListItem","position":1,"name":"Strona g\u0142\u00f3wna","item":"https:\/\/www.dobremiecho.pl\/"},{"@type":"ListItem","position":2,"name":"Sklep","item":"https:\/\/www.dobremiecho.pl\/sklep\/"},{"@type":"ListItem","position":3,"name":"Pol\u0119dwica Cyga\u0144ska 1-1,5kg"}]},{"@type":"WebSite","@id":"https:\/\/www.dobremiecho.pl\/#website","url":"https:\/\/www.dobremiecho.pl\/","name":"DobreMiecho.pl","description":"Wysokogatunkowe mi\u0119so z dostaw\u0105 do domu","publisher":{"@id":"https:\/\/www.dobremiecho.pl\/#organization"},"potentialAction":[{"@type":"SearchAction","target":{"@type":"EntryPoint","urlTemplate":"https:\/\/www.dobremiecho.pl\/?s={search_term_string}"},"query-input":{"@type":"PropertyValueSpecification","valueRequired":true,"valueName":"search_term_string"}}],"inLanguage":"en-GB"},{"@type":"Organization","@id":"https:\/\/www.dobremiecho.pl\/#organization","name":"DobreMiecho.pl","url":"https:\/\/www.dobremiecho.pl\/","logo":{"@type":"ImageObject","inLanguage":"en-GB","@id":"https:\/\/www.dobremiecho.pl\/#\/schema\/logo\/image\/","url":"https:\/\/www.dobremiecho.pl\/wp-content\/uploads\/2022\/10\/12091494-Raw-fresh-meat-T-bone-steak-seasoning-and-Butcher-cleaver-on-chopping-cutting-board-on-wooden-background.jpg","contentUrl":"https:\/\/www.dobremiecho.pl\/wp-content\/uploads\/2022\/10\/12091494-Raw-fresh-meat-T-bone-steak-seasoning-and-Butcher-cleaver-on-chopping-cutting-board-on-wooden-background.jpg","width":1100,"height":733,"caption":"DobreMiecho.pl"},"image":{"@id":"https:\/\/www.dobremiecho.pl\/#\/schema\/logo\/image\/"}}]}},"_links":{"self":[{"href":"https:\/\/www.dobremiecho.pl\/en\/wp-json\/wp\/v2\/product\/7574","targetHints":{"allow":["GET"]}}],"collection":[{"href":"https:\/\/www.dobremiecho.pl\/en\/wp-json\/wp\/v2\/product"}],"about":[{"href":"https:\/\/www.dobremiecho.pl\/en\/wp-json\/wp\/v2\/types\/product"}],"replies":[{"embeddable":true,"href":"https:\/\/www.dobremiecho.pl\/en\/wp-json\/wp\/v2\/comments?post=7574"}],"wp:featuredmedia":[{"embeddable":true,"href":"https:\/\/www.dobremiecho.pl\/en\/wp-json\/wp\/v2\/media\/10838"}],"wp:attachment":[{"href":"https:\/\/www.dobremiecho.pl\/en\/wp-json\/wp\/v2\/media?parent=7574"}],"wp:term":[{"taxonomy":"product_brand","embeddable":true,"href":"https:\/\/www.dobremiecho.pl\/en\/wp-json\/wp\/v2\/product_brand?post=7574"},{"taxonomy":"product_cat","embeddable":true,"href":"https:\/\/www.dobremiecho.pl\/en\/wp-json\/wp\/v2\/product_cat?post=7574"},{"taxonomy":"product_tag","embeddable":true,"href":"https:\/\/www.dobremiecho.pl\/en\/wp-json\/wp\/v2\/product_tag?post=7574"}],"curies":[{"name":"wp","href":"https:\/\/api.w.org\/{rel}","templated":true}]}}