{"id":10583,"date":"2021-04-03T22:57:53","date_gmt":"2021-04-03T22:57:53","guid":{"rendered":"https:\/\/www.robocza-rewa.pl\/sklep\/bez-kategorii\/antrykot-wagyu-2\/"},"modified":"2025-06-08T10:19:41","modified_gmt":"2025-06-08T10:19:41","slug":"antrykot-wagyu-2","status":"publish","type":"product","link":"https:\/\/www.dobremiecho.pl\/uk\/sklep\/wolowina\/steki\/antrykot-wagyu-2\/","title":{"rendered":"\u0410\u043d\u0442\u0440\u0435\u043a\u043e\u0442 \u0412\u0430\u0433\u044e 1 \u043a\u0433"},"content":{"rendered":"<p>\u0410\u043d\u0442\u0440\u0435\u043a\u043e\u0442 \u0412\u0430\u0433\u044e 1 \u043a\u0433<\/p>\n<p data-start=\"121\" data-end=\"387\">\u0410\u043d\u0442\u0440\u0435\u043a\u043e\u0442 \u0412\u0430\u0433\u044e \u2014 \u0441\u043f\u0440\u0430\u0432\u0436\u043d\u044f \u043f\u0435\u0440\u043b\u0438\u043d\u0430 \u0443 \u0441\u0432\u0456\u0442\u0456 \u044f\u043b\u043e\u0432\u0438\u0447\u0438\u043d\u0438: \u043d\u0430\u0434\u0437\u0432\u0438\u0447\u0430\u0439\u043d\u043e \u043c\u0430\u0440\u043c\u0443\u0440\u043e\u0432\u0435, \u0441\u043e\u043a\u043e\u0432\u0438\u0442\u0435 \u0439 \u043d\u0456\u0436\u043d\u0435 \u043c\u2019\u044f\u0441\u043e, \u044f\u043a\u0435 \u0437\u0430\u0431\u0435\u0437\u043f\u0435\u0447\u0443\u0454 \u043d\u0435\u043f\u0435\u0440\u0435\u0432\u0435\u0440\u0448\u0435\u043d\u0438\u0439 \u0441\u043c\u0430\u043a\u043e\u0432\u0438\u0439 \u0434\u043e\u0441\u0432\u0456\u0434. \u041c\u2019\u044f\u0441\u043e \u043f\u043e\u0445\u043e\u0434\u0438\u0442\u044c \u0456\u0437 \u0441\u0435\u0440\u0442\u0438\u0444\u0456\u043a\u043e\u0432\u0430\u043d\u0438\u0445 \u0433\u043e\u0441\u043f\u043e\u0434\u0430\u0440\u0441\u0442\u0432 \u043f\u043e\u0440\u043e\u0434\u0438 \u0412\u0430\u0433\u044e, \u0449\u043e \u0432\u0456\u0434\u043e\u043c\u0430 \u0432 \u0443\u0441\u044c\u043e\u043c\u0443 \u0441\u0432\u0456\u0442\u0456 \u0441\u0432\u043e\u0454\u044e \u0432\u0438\u043d\u044f\u0442\u043a\u043e\u0432\u043e\u044e \u044f\u043a\u0456\u0441\u0442\u044e \u0442\u0430 \u043c\u0430\u0441\u043b\u044f\u043d\u0438\u0441\u0442\u0438\u043c \u0441\u043c\u0430\u043a\u043e\u043c.<\/p>\n<p data-start=\"389\" data-end=\"657\">\u0417\u0430\u0432\u0434\u044f\u043a\u0438 \u0432\u0438\u0441\u043e\u043a\u043e\u043c\u0443 \u0432\u043c\u0456\u0441\u0442\u0443 \u0432\u043d\u0443\u0442\u0440\u0456\u0448\u043d\u044c\u043e\u043c\u2019\u044f\u0437\u043e\u0432\u043e\u0433\u043e \u0436\u0438\u0440\u0443 (\u043c\u0430\u0440\u043c\u0443\u0440\u043e\u0432\u0456\u0441\u0442\u043e\u0441\u0442\u0456), \u0430\u043d\u0442\u0440\u0435\u043a\u043e\u0442 \u0412\u0430\u0433\u044e \u0456\u0434\u0435\u0430\u043b\u044c\u043d\u043e \u043f\u0456\u0434\u0445\u043e\u0434\u0438\u0442\u044c \u0434\u043b\u044f \u043f\u0440\u0438\u0433\u043e\u0442\u0443\u0432\u0430\u043d\u043d\u044f \u043d\u0430 \u0433\u0440\u0438\u043b\u0456, \u0441\u043a\u043e\u0432\u043e\u0440\u043e\u0434\u0456 \u0430\u0431\u043e \u043c\u0435\u0442\u043e\u0434\u043e\u043c sous-vide. \u0426\u0435 \u0432\u0438\u0431\u0456\u0440 \u0434\u043b\u044f \u0441\u043f\u0440\u0430\u0432\u0436\u043d\u0456\u0445 \u0433\u0443\u0440\u043c\u0430\u043d\u0456\u0432, \u044f\u043a\u0456 \u0446\u0456\u043d\u0443\u044e\u0442\u044c \u043d\u0430\u0439\u0432\u0438\u0449\u0443 \u044f\u043a\u0456\u0441\u0442\u044c \u0456 \u0433\u043b\u0438\u0431\u043e\u043a\u0438\u0439, \u043d\u0430\u0441\u0438\u0447\u0435\u043d\u0438\u0439 \u0441\u043c\u0430\u043a.<\/p>\n<p data-start=\"389\" data-end=\"657\"><strong data-start=\"664\" data-end=\"678\">\u0412\u0430\u0433\u0430 \u043e\u0434\u043d\u0456\u0454\u0457 \u0448\u0442\u0443\u043a\u0438:<\/strong> \u043f\u0440\u0438\u0431\u043b\u0438\u0437\u043d\u043e 1 \u043a\u0433<br data-start=\"687\" data-end=\"690\" \/><strong data-start=\"690\" data-end=\"700\">\u041c\u2019\u044f\u0441\u043e:<\/strong> 100% \u044f\u043b\u043e\u0432\u0438\u0447\u0438\u043d\u0430 \u0412\u0430\u0433\u044e<br data-start=\"720\" data-end=\"723\" \/><strong data-start=\"723\" data-end=\"739\">\u041f\u043e\u0445\u043e\u0434\u0436\u0435\u043d\u043d\u044f:<\/strong> \u041f\u0440\u043e\u0434\u0443\u043a\u0442 \u043f\u043e\u0445\u043e\u0434\u0438\u0442\u044c \u0456\u0437 \u0441\u0435\u0440\u0442\u0438\u0444\u0456\u043a\u043e\u0432\u0430\u043d\u0438\u0445 \u0433\u043e\u0441\u043f\u043e\u0434\u0430\u0440\u0441\u0442\u0432 \u0412\u0430\u0433\u044e.<br data-start=\"788\" data-end=\"791\" \/><strong data-start=\"791\" data-end=\"805\">\u041f\u0430\u043a\u0443\u0432\u0430\u043d\u043d\u044f:<\/strong> \u0412\u0430\u043a\u0443\u0443\u043c\u043d\u0435<\/p>\n<p><strong>\u0414\u043e\u0441\u0442\u0430\u0432\u043a\u0430<\/strong><\/p>\n<p data-start=\"186\" data-end=\"257\">\u041c\u0438 \u043d\u0430\u0434\u0456\u0448\u043b\u0435\u043c\u043e \u0432\u0430\u0448\u0435 \u0437\u0430\u043c\u043e\u0432\u043b\u0435\u043d\u043d\u044f \u043f\u0440\u043e\u0442\u044f\u0433\u043e\u043c 36 \u0433\u043e\u0434\u0438\u043d \u0437 \u043c\u043e\u043c\u0435\u043d\u0442\u0443 \u0439\u043e\u0433\u043e \u043e\u0444\u043e\u0440\u043c\u043b\u0435\u043d\u043d\u044f.<\/p>\n<ul data-start=\"259\" data-end=\"470\">\n<li data-start=\"259\" data-end=\"318\">\n<p data-start=\"261\" data-end=\"318\">\u041d\u0430 \u0442\u0435\u0440\u0438\u0442\u043e\u0440\u0456\u0457 \u0412\u0430\u0440\u0448\u0430\u0432\u0438 \u0442\u0430 \u043e\u043a\u043e\u043b\u0438\u0446\u044c \u2013 \u0444\u0456\u0440\u043c\u043e\u0432\u0438\u043c \u0442\u0440\u0430\u043d\u0441\u043f\u043e\u0440\u0442\u043e\u043c.<\/p>\n<\/li>\n<li data-start=\"319\" data-end=\"470\">\n<p data-start=\"321\" data-end=\"470\">\u041d\u0430 \u0432\u0441\u0456\u0439 \u0442\u0435\u0440\u0438\u0442\u043e\u0440\u0456\u0457 \u041f\u043e\u043b\u044c\u0449\u0456 \u2013 \u0447\u0435\u0440\u0435\u0437 \u043a\u0443\u0440\u2019\u0454\u0440\u0441\u044c\u043a\u0443 \u0441\u043b\u0443\u0436\u0431\u0443.<\/p>\n<\/li>\n<\/ul>\n<p data-start=\"321\" data-end=\"470\">\u0417\u0430\u043c\u043e\u0432\u043b\u0435\u043d\u043d\u044f, \u0449\u043e \u043d\u0430\u0434\u0441\u0438\u043b\u0430\u044e\u0442\u044c\u0441\u044f \u043f\u043e \u0442\u0435\u0440\u0438\u0442\u043e\u0440\u0456\u0457 \u041f\u043e\u043b\u044c\u0449\u0456, \u043f\u0430\u043a\u0443\u044e\u0442\u044c\u0441\u044f \u0443 \u0441\u043f\u0435\u0446\u0456\u0430\u043b\u044c\u043d\u0456 \u0441\u0442\u0438\u0440\u043e\u0431\u043e\u043a\u0441\u0438, \u044f\u043a\u0456 \u0437\u0430\u0431\u0435\u0437\u043f\u0435\u0447\u0443\u044e\u0442\u044c \u0441\u0432\u0456\u0436\u0456\u0441\u0442\u044c \u0456 \u043d\u0430\u043b\u0435\u0436\u043d\u0443 \u0442\u0435\u043c\u043f\u0435\u0440\u0430\u0442\u0443\u0440\u0443.<\/p>","protected":false},"excerpt":{"rendered":"<p>\u0410\u043d\u0442\u0440\u0435\u043a\u043e\u0442 \u0412\u0430\u0433\u044e 1 \u043a\u0433<\/p>\n<p data-start=\"121\" data-end=\"387\">\u0410\u043d\u0442\u0440\u0435\u043a\u043e\u0442 \u0412\u0430\u0433\u044e \u2014 \u0441\u043f\u0440\u0430\u0432\u0436\u043d\u044f \u043f\u0435\u0440\u043b\u0438\u043d\u0430 \u0443 \u0441\u0432\u0456\u0442\u0456 \u044f\u043b\u043e\u0432\u0438\u0447\u0438\u043d\u0438: \u043d\u0430\u0434\u0437\u0432\u0438\u0447\u0430\u0439\u043d\u043e \u043c\u0430\u0440\u043c\u0443\u0440\u043e\u0432\u0435, \u0441\u043e\u043a\u043e\u0432\u0438\u0442\u0435 \u0439 \u043d\u0456\u0436\u043d\u0435 \u043c\u2019\u044f\u0441\u043e, \u044f\u043a\u0435 \u0437\u0430\u0431\u0435\u0437\u043f\u0435\u0447\u0443\u0454 \u043d\u0435\u043f\u0435\u0440\u0435\u0432\u0435\u0440\u0448\u0435\u043d\u0438\u0439 \u0441\u043c\u0430\u043a\u043e\u0432\u0438\u0439 \u0434\u043e\u0441\u0432\u0456\u0434. \u041c\u2019\u044f\u0441\u043e \u043f\u043e\u0445\u043e\u0434\u0438\u0442\u044c \u0456\u0437 \u0441\u0435\u0440\u0442\u0438\u0444\u0456\u043a\u043e\u0432\u0430\u043d\u0438\u0445 \u0433\u043e\u0441\u043f\u043e\u0434\u0430\u0440\u0441\u0442\u0432 \u043f\u043e\u0440\u043e\u0434\u0438 \u0412\u0430\u0433\u044e, \u0449\u043e \u0432\u0456\u0434\u043e\u043c\u0430 \u0432 \u0443\u0441\u044c\u043e\u043c\u0443 \u0441\u0432\u0456\u0442\u0456 \u0441\u0432\u043e\u0454\u044e \u0432\u0438\u043d\u044f\u0442\u043a\u043e\u0432\u043e\u044e \u044f\u043a\u0456\u0441\u0442\u044e \u0442\u0430 \u043c\u0430\u0441\u043b\u044f\u043d\u0438\u0441\u0442\u0438\u043c \u0441\u043c\u0430\u043a\u043e\u043c.<\/p>\n<p data-start=\"389\" data-end=\"657\">\u0417\u0430\u0432\u0434\u044f\u043a\u0438 \u0432\u0438\u0441\u043e\u043a\u043e\u043c\u0443 \u0432\u043c\u0456\u0441\u0442\u0443 \u0432\u043d\u0443\u0442\u0440\u0456\u0448\u043d\u044c\u043e\u043c\u2019\u044f\u0437\u043e\u0432\u043e\u0433\u043e \u0436\u0438\u0440\u0443 (\u043c\u0430\u0440\u043c\u0443\u0440\u043e\u0432\u0456\u0441\u0442\u043e\u0441\u0442\u0456), \u0430\u043d\u0442\u0440\u0435\u043a\u043e\u0442 \u0412\u0430\u0433\u044e \u0456\u0434\u0435\u0430\u043b\u044c\u043d\u043e \u043f\u0456\u0434\u0445\u043e\u0434\u0438\u0442\u044c \u0434\u043b\u044f \u043f\u0440\u0438\u0433\u043e\u0442\u0443\u0432\u0430\u043d\u043d\u044f \u043d\u0430 \u0433\u0440\u0438\u043b\u0456, \u0441\u043a\u043e\u0432\u043e\u0440\u043e\u0434\u0456 \u0430\u0431\u043e \u043c\u0435\u0442\u043e\u0434\u043e\u043c sous-vide. \u0426\u0435 \u0432\u0438\u0431\u0456\u0440 \u0434\u043b\u044f \u0441\u043f\u0440\u0430\u0432\u0436\u043d\u0456\u0445 \u0433\u0443\u0440\u043c\u0430\u043d\u0456\u0432, \u044f\u043a\u0456 \u0446\u0456\u043d\u0443\u044e\u0442\u044c \u043d\u0430\u0439\u0432\u0438\u0449\u0443 \u044f\u043a\u0456\u0441\u0442\u044c \u0456 \u0433\u043b\u0438\u0431\u043e\u043a\u0438\u0439, \u043d\u0430\u0441\u0438\u0447\u0435\u043d\u0438\u0439 \u0441\u043c\u0430\u043a.<\/p>\n<p data-start=\"389\" data-end=\"657\"><strong data-start=\"664\" data-end=\"678\">\u0412\u0430\u0433\u0430 \u043e\u0434\u043d\u0456\u0454\u0457 \u0448\u0442\u0443\u043a\u0438:<\/strong> \u043f\u0440\u0438\u0431\u043b\u0438\u0437\u043d\u043e 1 \u043a\u0433<br data-start=\"687\" data-end=\"690\" \/><strong data-start=\"690\" data-end=\"700\">\u041c\u2019\u044f\u0441\u043e:<\/strong> 100% \u044f\u043b\u043e\u0432\u0438\u0447\u0438\u043d\u0430 \u0412\u0430\u0433\u044e<br data-start=\"720\" data-end=\"723\" \/><strong data-start=\"723\" data-end=\"739\">\u041f\u043e\u0445\u043e\u0434\u0436\u0435\u043d\u043d\u044f:<\/strong> \u041f\u0440\u043e\u0434\u0443\u043a\u0442 \u043f\u043e\u0445\u043e\u0434\u0438\u0442\u044c \u0456\u0437 \u0441\u0435\u0440\u0442\u0438\u0444\u0456\u043a\u043e\u0432\u0430\u043d\u0438\u0445 \u0433\u043e\u0441\u043f\u043e\u0434\u0430\u0440\u0441\u0442\u0432 \u0412\u0430\u0433\u044e.<br data-start=\"788\" data-end=\"791\" \/><strong data-start=\"791\" data-end=\"805\">\u041f\u0430\u043a\u0443\u0432\u0430\u043d\u043d\u044f:<\/strong> \u0412\u0430\u043a\u0443\u0443\u043c\u043d\u0435<\/p>","protected":false},"featured_media":10584,"comment_status":"open","ping_status":"closed","template":"","meta":{"_acf_changed":false,"inline_featured_image":false},"product_brand":[],"product_cat":[187,148,166],"product_tag":[],"class_list":{"0":"post-10583","1":"product","2":"type-product","3":"status-publish","4":"has-post-thumbnail","6":"product_cat-wagyu","7":"product_cat-wolowina","8":"product_cat-steki","10":"first","11":"onbackorder","12":"shipping-taxable","13":"purchasable","14":"product-type-simple"},"acf":[],"yoast_head":"<!-- This site is optimized with the Yoast SEO Premium plugin v24.3 (Yoast SEO v25.2) - https:\/\/yoast.com\/wordpress\/plugins\/seo\/ -->\n<title>Antrykot wagyu 1kg - DobreMiecho.pl<\/title>\n<meta name=\"robots\" content=\"index, follow, max-snippet:-1, max-image-preview:large, max-video-preview:-1\" \/>\n<link rel=\"canonical\" href=\"https:\/\/www.dobremiecho.pl\/uk\/sklep\/wolowina\/steki\/antrykot-wagyu-2\/\" \/>\n<meta property=\"og:locale\" content=\"uk_UA\" \/>\n<meta property=\"og:type\" content=\"article\" \/>\n<meta property=\"og:title\" content=\"Antrykot wagyu 1kg\" \/>\n<meta property=\"og:description\" content=\"Antrykot wagyu 1kg Antrykot Wagyu to prawdziwa per\u0142a w \u015bwiecie wo\u0142owiny \u2013 niezwykle marmurkowate, soczyste i mi\u0119kkie mi\u0119so, kt\u00f3re zapewnia niezr\u00f3wnane doznania smakowe. Mi\u0119so pochodzi z certyfikowanych hodowli rasy Wagyu, znanej na ca\u0142ym \u015bwiecie z wyj\u0105tkowej jako\u015bci i ma\u015blanego smaku. Dzi\u0119ki wysokiej zawarto\u015bci t\u0142uszczu \u015br\u00f3dmi\u0119\u015bniowego (marmurkowato\u015bci), antrykot Wagyu idealnie nadaje si\u0119 do grillowania, sma\u017cenia na patelni lub przygotowania metod\u0105 sous-vide. To wyb\u00f3r dla prawdziwych koneser\u00f3w, ceni\u0105cych najwy\u017csz\u0105 jako\u015b\u0107 i g\u0142\u0119boki, intensywny smak. Gramatura: ok. 1 kgMi\u0119so: 100% wo\u0142owina WagyuPochodzenie: produkt pochodzi z certyfikowanych hodowli WagyuPakowanie: pr\u00f3\u017cniowe\" \/>\n<meta property=\"og:url\" content=\"https:\/\/www.dobremiecho.pl\/uk\/sklep\/wolowina\/steki\/antrykot-wagyu-2\/\" \/>\n<meta property=\"og:site_name\" content=\"DobreMiecho.pl\" \/>\n<meta property=\"article:modified_time\" content=\"2025-06-08T10:19:41+00:00\" \/>\n<meta property=\"og:image\" content=\"https:\/\/www.dobremiecho.pl\/wp-content\/uploads\/2024\/04\/PHOTO-2021-05-23-23-19-47.jpg\" \/>\n\t<meta property=\"og:image:width\" content=\"1600\" \/>\n\t<meta property=\"og:image:height\" content=\"1200\" \/>\n\t<meta property=\"og:image:type\" content=\"image\/jpeg\" \/>\n<meta name=\"twitter:card\" content=\"summary_large_image\" \/>\n<meta name=\"twitter:label1\" content=\"\u041f\u0440\u0438\u0431\u043b. \u0447\u0430\u0441 \u0447\u0438\u0442\u0430\u043d\u043d\u044f\" \/>\n\t<meta name=\"twitter:data1\" content=\"1 \u0445\u0432\u0438\u043b\u0438\u043d\u0430\" \/>\n<script type=\"application\/ld+json\" class=\"yoast-schema-graph\">{\"@context\":\"https:\/\/schema.org\",\"@graph\":[{\"@type\":\"WebPage\",\"@id\":\"https:\/\/www.dobremiecho.pl\/sklep\/wolowina\/steki\/antrykot-wagyu-2\/\",\"url\":\"https:\/\/www.dobremiecho.pl\/sklep\/wolowina\/steki\/antrykot-wagyu-2\/\",\"name\":\"Antrykot wagyu 1kg - DobreMiecho.pl\",\"isPartOf\":{\"@id\":\"https:\/\/www.dobremiecho.pl\/#website\"},\"primaryImageOfPage\":{\"@id\":\"https:\/\/www.dobremiecho.pl\/sklep\/wolowina\/steki\/antrykot-wagyu-2\/#primaryimage\"},\"image\":{\"@id\":\"https:\/\/www.dobremiecho.pl\/sklep\/wolowina\/steki\/antrykot-wagyu-2\/#primaryimage\"},\"thumbnailUrl\":\"https:\/\/www.dobremiecho.pl\/wp-content\/uploads\/2024\/04\/PHOTO-2021-05-23-23-19-47.jpg\",\"datePublished\":\"2021-04-03T22:57:53+00:00\",\"dateModified\":\"2025-06-08T10:19:41+00:00\",\"breadcrumb\":{\"@id\":\"https:\/\/www.dobremiecho.pl\/sklep\/wolowina\/steki\/antrykot-wagyu-2\/#breadcrumb\"},\"inLanguage\":\"uk\",\"potentialAction\":[{\"@type\":\"ReadAction\",\"target\":[\"https:\/\/www.dobremiecho.pl\/sklep\/wolowina\/steki\/antrykot-wagyu-2\/\"]}]},{\"@type\":\"ImageObject\",\"inLanguage\":\"uk\",\"@id\":\"https:\/\/www.dobremiecho.pl\/sklep\/wolowina\/steki\/antrykot-wagyu-2\/#primaryimage\",\"url\":\"https:\/\/www.dobremiecho.pl\/wp-content\/uploads\/2024\/04\/PHOTO-2021-05-23-23-19-47.jpg\",\"contentUrl\":\"https:\/\/www.dobremiecho.pl\/wp-content\/uploads\/2024\/04\/PHOTO-2021-05-23-23-19-47.jpg\",\"width\":1600,\"height\":1200},{\"@type\":\"BreadcrumbList\",\"@id\":\"https:\/\/www.dobremiecho.pl\/sklep\/wolowina\/steki\/antrykot-wagyu-2\/#breadcrumb\",\"itemListElement\":[{\"@type\":\"ListItem\",\"position\":1,\"name\":\"Strona g\u0142\u00f3wna\",\"item\":\"https:\/\/www.dobremiecho.pl\/\"},{\"@type\":\"ListItem\",\"position\":2,\"name\":\"Sklep\",\"item\":\"https:\/\/www.dobremiecho.pl\/sklep\/\"},{\"@type\":\"ListItem\",\"position\":3,\"name\":\"Antrykot wagyu 1kg\"}]},{\"@type\":\"WebSite\",\"@id\":\"https:\/\/www.dobremiecho.pl\/#website\",\"url\":\"https:\/\/www.dobremiecho.pl\/\",\"name\":\"DobreMiecho.pl\",\"description\":\"Wysokogatunkowe mi\u0119so z dostaw\u0105 do domu\",\"publisher\":{\"@id\":\"https:\/\/www.dobremiecho.pl\/#organization\"},\"potentialAction\":[{\"@type\":\"SearchAction\",\"target\":{\"@type\":\"EntryPoint\",\"urlTemplate\":\"https:\/\/www.dobremiecho.pl\/?s={search_term_string}\"},\"query-input\":{\"@type\":\"PropertyValueSpecification\",\"valueRequired\":true,\"valueName\":\"search_term_string\"}}],\"inLanguage\":\"uk\"},{\"@type\":\"Organization\",\"@id\":\"https:\/\/www.dobremiecho.pl\/#organization\",\"name\":\"DobreMiecho.pl\",\"url\":\"https:\/\/www.dobremiecho.pl\/\",\"logo\":{\"@type\":\"ImageObject\",\"inLanguage\":\"uk\",\"@id\":\"https:\/\/www.dobremiecho.pl\/#\/schema\/logo\/image\/\",\"url\":\"https:\/\/www.dobremiecho.pl\/wp-content\/uploads\/2022\/10\/12091494-Raw-fresh-meat-T-bone-steak-seasoning-and-Butcher-cleaver-on-chopping-cutting-board-on-wooden-background.jpg\",\"contentUrl\":\"https:\/\/www.dobremiecho.pl\/wp-content\/uploads\/2022\/10\/12091494-Raw-fresh-meat-T-bone-steak-seasoning-and-Butcher-cleaver-on-chopping-cutting-board-on-wooden-background.jpg\",\"width\":1100,\"height\":733,\"caption\":\"DobreMiecho.pl\"},\"image\":{\"@id\":\"https:\/\/www.dobremiecho.pl\/#\/schema\/logo\/image\/\"}}]}<\/script>\n<!-- \/ Yoast SEO Premium plugin. -->","yoast_head_json":{"title":"Antrykot wagyu 1kg - DobreMiecho.pl","robots":{"index":"index","follow":"follow","max-snippet":"max-snippet:-1","max-image-preview":"max-image-preview:large","max-video-preview":"max-video-preview:-1"},"canonical":"https:\/\/www.dobremiecho.pl\/uk\/sklep\/wolowina\/steki\/antrykot-wagyu-2\/","og_locale":"uk_UA","og_type":"article","og_title":"Antrykot wagyu 1kg","og_description":"Antrykot wagyu 1kg Antrykot Wagyu to prawdziwa per\u0142a w \u015bwiecie wo\u0142owiny \u2013 niezwykle marmurkowate, soczyste i mi\u0119kkie mi\u0119so, kt\u00f3re zapewnia niezr\u00f3wnane doznania smakowe. Mi\u0119so pochodzi z certyfikowanych hodowli rasy Wagyu, znanej na ca\u0142ym \u015bwiecie z wyj\u0105tkowej jako\u015bci i ma\u015blanego smaku. Dzi\u0119ki wysokiej zawarto\u015bci t\u0142uszczu \u015br\u00f3dmi\u0119\u015bniowego (marmurkowato\u015bci), antrykot Wagyu idealnie nadaje si\u0119 do grillowania, sma\u017cenia na patelni lub przygotowania metod\u0105 sous-vide. To wyb\u00f3r dla prawdziwych koneser\u00f3w, ceni\u0105cych najwy\u017csz\u0105 jako\u015b\u0107 i g\u0142\u0119boki, intensywny smak. Gramatura: ok. 1 kgMi\u0119so: 100% wo\u0142owina WagyuPochodzenie: produkt pochodzi z certyfikowanych hodowli WagyuPakowanie: pr\u00f3\u017cniowe","og_url":"https:\/\/www.dobremiecho.pl\/uk\/sklep\/wolowina\/steki\/antrykot-wagyu-2\/","og_site_name":"DobreMiecho.pl","article_modified_time":"2025-06-08T10:19:41+00:00","og_image":[{"width":1600,"height":1200,"url":"https:\/\/www.dobremiecho.pl\/wp-content\/uploads\/2024\/04\/PHOTO-2021-05-23-23-19-47.jpg","type":"image\/jpeg"}],"twitter_card":"summary_large_image","twitter_misc":{"\u041f\u0440\u0438\u0431\u043b. \u0447\u0430\u0441 \u0447\u0438\u0442\u0430\u043d\u043d\u044f":"1 \u0445\u0432\u0438\u043b\u0438\u043d\u0430"},"schema":{"@context":"https:\/\/schema.org","@graph":[{"@type":"WebPage","@id":"https:\/\/www.dobremiecho.pl\/sklep\/wolowina\/steki\/antrykot-wagyu-2\/","url":"https:\/\/www.dobremiecho.pl\/sklep\/wolowina\/steki\/antrykot-wagyu-2\/","name":"Antrykot wagyu 1kg - DobreMiecho.pl","isPartOf":{"@id":"https:\/\/www.dobremiecho.pl\/#website"},"primaryImageOfPage":{"@id":"https:\/\/www.dobremiecho.pl\/sklep\/wolowina\/steki\/antrykot-wagyu-2\/#primaryimage"},"image":{"@id":"https:\/\/www.dobremiecho.pl\/sklep\/wolowina\/steki\/antrykot-wagyu-2\/#primaryimage"},"thumbnailUrl":"https:\/\/www.dobremiecho.pl\/wp-content\/uploads\/2024\/04\/PHOTO-2021-05-23-23-19-47.jpg","datePublished":"2021-04-03T22:57:53+00:00","dateModified":"2025-06-08T10:19:41+00:00","breadcrumb":{"@id":"https:\/\/www.dobremiecho.pl\/sklep\/wolowina\/steki\/antrykot-wagyu-2\/#breadcrumb"},"inLanguage":"uk","potentialAction":[{"@type":"ReadAction","target":["https:\/\/www.dobremiecho.pl\/sklep\/wolowina\/steki\/antrykot-wagyu-2\/"]}]},{"@type":"ImageObject","inLanguage":"uk","@id":"https:\/\/www.dobremiecho.pl\/sklep\/wolowina\/steki\/antrykot-wagyu-2\/#primaryimage","url":"https:\/\/www.dobremiecho.pl\/wp-content\/uploads\/2024\/04\/PHOTO-2021-05-23-23-19-47.jpg","contentUrl":"https:\/\/www.dobremiecho.pl\/wp-content\/uploads\/2024\/04\/PHOTO-2021-05-23-23-19-47.jpg","width":1600,"height":1200},{"@type":"BreadcrumbList","@id":"https:\/\/www.dobremiecho.pl\/sklep\/wolowina\/steki\/antrykot-wagyu-2\/#breadcrumb","itemListElement":[{"@type":"ListItem","position":1,"name":"Strona g\u0142\u00f3wna","item":"https:\/\/www.dobremiecho.pl\/"},{"@type":"ListItem","position":2,"name":"Sklep","item":"https:\/\/www.dobremiecho.pl\/sklep\/"},{"@type":"ListItem","position":3,"name":"Antrykot wagyu 1kg"}]},{"@type":"WebSite","@id":"https:\/\/www.dobremiecho.pl\/#website","url":"https:\/\/www.dobremiecho.pl\/","name":"DobreMiecho.pl","description":"Wysokogatunkowe mi\u0119so z dostaw\u0105 do domu","publisher":{"@id":"https:\/\/www.dobremiecho.pl\/#organization"},"potentialAction":[{"@type":"SearchAction","target":{"@type":"EntryPoint","urlTemplate":"https:\/\/www.dobremiecho.pl\/?s={search_term_string}"},"query-input":{"@type":"PropertyValueSpecification","valueRequired":true,"valueName":"search_term_string"}}],"inLanguage":"uk"},{"@type":"Organization","@id":"https:\/\/www.dobremiecho.pl\/#organization","name":"DobreMiecho.pl","url":"https:\/\/www.dobremiecho.pl\/","logo":{"@type":"ImageObject","inLanguage":"uk","@id":"https:\/\/www.dobremiecho.pl\/#\/schema\/logo\/image\/","url":"https:\/\/www.dobremiecho.pl\/wp-content\/uploads\/2022\/10\/12091494-Raw-fresh-meat-T-bone-steak-seasoning-and-Butcher-cleaver-on-chopping-cutting-board-on-wooden-background.jpg","contentUrl":"https:\/\/www.dobremiecho.pl\/wp-content\/uploads\/2022\/10\/12091494-Raw-fresh-meat-T-bone-steak-seasoning-and-Butcher-cleaver-on-chopping-cutting-board-on-wooden-background.jpg","width":1100,"height":733,"caption":"DobreMiecho.pl"},"image":{"@id":"https:\/\/www.dobremiecho.pl\/#\/schema\/logo\/image\/"}}]}},"_links":{"self":[{"href":"https:\/\/www.dobremiecho.pl\/uk\/wp-json\/wp\/v2\/product\/10583","targetHints":{"allow":["GET"]}}],"collection":[{"href":"https:\/\/www.dobremiecho.pl\/uk\/wp-json\/wp\/v2\/product"}],"about":[{"href":"https:\/\/www.dobremiecho.pl\/uk\/wp-json\/wp\/v2\/types\/product"}],"replies":[{"embeddable":true,"href":"https:\/\/www.dobremiecho.pl\/uk\/wp-json\/wp\/v2\/comments?post=10583"}],"wp:featuredmedia":[{"embeddable":true,"href":"https:\/\/www.dobremiecho.pl\/uk\/wp-json\/wp\/v2\/media\/10584"}],"wp:attachment":[{"href":"https:\/\/www.dobremiecho.pl\/uk\/wp-json\/wp\/v2\/media?parent=10583"}],"wp:term":[{"taxonomy":"product_brand","embeddable":true,"href":"https:\/\/www.dobremiecho.pl\/uk\/wp-json\/wp\/v2\/product_brand?post=10583"},{"taxonomy":"product_cat","embeddable":true,"href":"https:\/\/www.dobremiecho.pl\/uk\/wp-json\/wp\/v2\/product_cat?post=10583"},{"taxonomy":"product_tag","embeddable":true,"href":"https:\/\/www.dobremiecho.pl\/uk\/wp-json\/wp\/v2\/product_tag?post=10583"}],"curies":[{"name":"wp","href":"https:\/\/api.w.org\/{rel}","templated":true}]}}