{"id":10585,"date":"2021-04-03T22:58:38","date_gmt":"2021-04-03T22:58:38","guid":{"rendered":"https:\/\/www.robocza-rewa.pl\/sklep\/bez-kategorii\/poledwica-wagyu-2\/"},"modified":"2025-08-06T17:50:49","modified_gmt":"2025-08-06T17:50:49","slug":"poledwica-wagyu-2","status":"publish","type":"product","link":"https:\/\/www.dobremiecho.pl\/uk\/sklep\/wolowina\/wagyu\/poledwica-wagyu-2\/","title":{"rendered":"Pol\u0119dwica wagyu oko\u0142o 5kg"},"content":{"rendered":"<p data-start=\"128\" data-end=\"415\">\u0412\u0438\u0440\u0456\u0437\u043a\u0430 \u0412\u0430\u0433\u044e 1 \u043a\u0433<\/p>\n<p data-start=\"128\" data-end=\"415\">\u0421\u043f\u0440\u0430\u0432\u0436\u043d\u0456\u0439 \u0434\u0435\u043b\u0456\u043a\u0430\u0442\u0435\u0441 \u0434\u043b\u044f \u0456\u0441\u0442\u0438\u043d\u043d\u0438\u0445 \u043f\u043e\u0446\u0456\u043d\u043e\u0432\u0443\u0432\u0430\u0447\u0456\u0432 \u043c\u2019\u044f\u0441\u0430. \u0412\u0438\u0440\u0456\u0437\u043a\u0430 \u0412\u0430\u0433\u044e \u2014 \u043d\u0430\u0439\u0446\u0456\u043d\u043d\u0456\u0448\u0430 \u0447\u0430\u0441\u0442\u0438\u043d\u0430 \u044f\u043b\u043e\u0432\u0438\u0447\u0438\u043d\u0438 \u043e\u0434\u043d\u0456\u0454\u0457 \u0437 \u043d\u0430\u0439\u0432\u0456\u0434\u043e\u043c\u0456\u0448\u0438\u0445 \u043f\u043e\u0440\u0456\u0434 \u0432\u0435\u043b\u0438\u043a\u043e\u0457 \u0440\u043e\u0433\u0430\u0442\u043e\u0457 \u0445\u0443\u0434\u043e\u0431\u0438 \u0443 \u0441\u0432\u0456\u0442\u0456. \u041c\u2019\u044f\u0441\u043e \u0432\u0438\u0440\u0456\u0437\u043d\u044f\u0454\u0442\u044c\u0441\u044f \u043d\u0435\u0439\u043c\u043e\u0432\u0456\u0440\u043d\u043e\u044e \u043c\u0430\u0440\u043c\u0443\u0440\u043e\u0432\u0456\u0441\u0442\u044e, \u043d\u0456\u0436\u043d\u0456\u0441\u0442\u044e \u0442\u0430 \u043d\u0430\u0441\u0438\u0447\u0435\u043d\u0438\u043c \u043c\u0430\u0441\u043b\u044f\u043d\u0438\u0441\u0442\u0438\u043c \u0441\u043c\u0430\u043a\u043e\u043c, \u0449\u043e \u0431\u0443\u043a\u0432\u0430\u043b\u044c\u043d\u043e \u0442\u0430\u043d\u0435 \u0432 \u0440\u043e\u0442\u0456.<\/p>\n<p data-start=\"417\" data-end=\"609\">\u0406\u0434\u0435\u0430\u043b\u044c\u043d\u043e \u043f\u0456\u0434\u0445\u043e\u0434\u0438\u0442\u044c \u0434\u043b\u044f \u043f\u0440\u0438\u0433\u043e\u0442\u0443\u0432\u0430\u043d\u043d\u044f \u043d\u0430 \u0433\u0440\u0438\u043b\u0456, \u0441\u043a\u043e\u0432\u043e\u0440\u043e\u0434\u0456 \u0430\u0431\u043e \u043c\u0435\u0442\u043e\u0434\u043e\u043c sous-vide. \u0417\u0430\u0432\u0434\u044f\u043a\u0438 \u043f\u0440\u0430\u0432\u0438\u043b\u044c\u043d\u043e\u043c\u0443 \u0434\u043e\u0437\u0440\u0456\u0432\u0430\u043d\u043d\u044e \u0442\u0430 \u0440\u0435\u0442\u0435\u043b\u044c\u043d\u043e\u043c\u0443 \u0432\u0456\u0434\u0431\u043e\u0440\u0443, \u043d\u0430\u0448\u0430 \u0432\u0438\u0440\u0456\u0437\u043a\u0430 \u0412\u0430\u0433\u044e \u0437\u0430\u0431\u0435\u0437\u043f\u0435\u0447\u0443\u0454 \u043d\u0430\u0439\u0432\u0438\u0449\u0438\u0439 \u0440\u0456\u0432\u0435\u043d\u044c \u043a\u0443\u043b\u0456\u043d\u0430\u0440\u043d\u043e\u0433\u043e \u0437\u0430\u0434\u043e\u0432\u043e\u043b\u0435\u043d\u043d\u044f.<\/p>\n<p data-start=\"417\" data-end=\"609\"><strong data-start=\"616\" data-end=\"630\">\u0412\u0430\u0433\u0430 \u043e\u0434\u043d\u0456\u0454\u0457 \u0448\u0442\u0443\u043a\u0438:<\/strong> \u043f\u0440\u0438\u0431\u043b\u0438\u0437\u043d\u043e 1 \u043a\u0433<br data-start=\"639\" data-end=\"642\" \/><strong data-start=\"642\" data-end=\"658\">\u041f\u043e\u0445\u043e\u0434\u0436\u0435\u043d\u043d\u044f:<\/strong> \u041f\u0440\u043e\u0434\u0443\u043a\u0442 \u043f\u043e\u0445\u043e\u0434\u0438\u0442\u044c \u0456\u0437 \u0441\u0435\u0440\u0442\u0438\u0444\u0456\u043a\u043e\u0432\u0430\u043d\u0438\u0445 \u0433\u043e\u0441\u043f\u043e\u0434\u0430\u0440\u0441\u0442\u0432 \u0412\u0430\u0433\u044e.<br data-start=\"707\" data-end=\"710\" \/><strong data-start=\"710\" data-end=\"724\">\u041f\u0430\u043a\u0443\u0432\u0430\u043d\u043d\u044f:<\/strong> \u0412\u0430\u043a\u0443\u0443\u043c\u043d\u0435<\/p>\n<p><strong>\u0414\u043e\u0441\u0442\u0430\u0432\u043a\u0430<\/strong><\/p>\n<p data-start=\"186\" data-end=\"257\">\u041c\u0438 \u043d\u0430\u0434\u0456\u0448\u043b\u0435\u043c\u043e \u0432\u0430\u0448\u0435 \u0437\u0430\u043c\u043e\u0432\u043b\u0435\u043d\u043d\u044f \u043f\u0440\u043e\u0442\u044f\u0433\u043e\u043c 36 \u0433\u043e\u0434\u0438\u043d \u0437 \u043c\u043e\u043c\u0435\u043d\u0442\u0443 \u0439\u043e\u0433\u043e \u043e\u0444\u043e\u0440\u043c\u043b\u0435\u043d\u043d\u044f.<\/p>\n<ul data-start=\"259\" data-end=\"470\">\n<li data-start=\"259\" data-end=\"318\">\n<p data-start=\"261\" data-end=\"318\">\u041d\u0430 \u0442\u0435\u0440\u0438\u0442\u043e\u0440\u0456\u0457 \u0412\u0430\u0440\u0448\u0430\u0432\u0438 \u0442\u0430 \u043e\u043a\u043e\u043b\u0438\u0446\u044c \u2013 \u0444\u0456\u0440\u043c\u043e\u0432\u0438\u043c \u0442\u0440\u0430\u043d\u0441\u043f\u043e\u0440\u0442\u043e\u043c.<\/p>\n<\/li>\n<li data-start=\"319\" data-end=\"470\">\n<p data-start=\"321\" data-end=\"470\">\u041d\u0430 \u0432\u0441\u0456\u0439 \u0442\u0435\u0440\u0438\u0442\u043e\u0440\u0456\u0457 \u041f\u043e\u043b\u044c\u0449\u0456 \u2013 \u0447\u0435\u0440\u0435\u0437 \u043a\u0443\u0440\u2019\u0454\u0440\u0441\u044c\u043a\u0443 \u0441\u043b\u0443\u0436\u0431\u0443.<\/p>\n<\/li>\n<\/ul>\n<p data-start=\"321\" data-end=\"470\">\u0417\u0430\u043c\u043e\u0432\u043b\u0435\u043d\u043d\u044f, \u0449\u043e \u043d\u0430\u0434\u0441\u0438\u043b\u0430\u044e\u0442\u044c\u0441\u044f \u043f\u043e \u0442\u0435\u0440\u0438\u0442\u043e\u0440\u0456\u0457 \u041f\u043e\u043b\u044c\u0449\u0456, \u043f\u0430\u043a\u0443\u044e\u0442\u044c\u0441\u044f \u0443 \u0441\u043f\u0435\u0446\u0456\u0430\u043b\u044c\u043d\u0456 \u0441\u0442\u0438\u0440\u043e\u0431\u043e\u043a\u0441\u0438, \u044f\u043a\u0456 \u0437\u0430\u0431\u0435\u0437\u043f\u0435\u0447\u0443\u044e\u0442\u044c \u0441\u0432\u0456\u0436\u0456\u0441\u0442\u044c \u0456 \u043d\u0430\u043b\u0435\u0436\u043d\u0443 \u0442\u0435\u043c\u043f\u0435\u0440\u0430\u0442\u0443\u0440\u0443.<\/p>","protected":false},"excerpt":{"rendered":"<p data-start=\"128\" data-end=\"415\">\u0412\u0438\u0440\u0456\u0437\u043a\u0430 \u0412\u0430\u0433\u044e 1 \u043a\u0433<\/p>\n<p data-start=\"128\" data-end=\"415\">\u0421\u043f\u0440\u0430\u0432\u0436\u043d\u0456\u0439 \u0434\u0435\u043b\u0456\u043a\u0430\u0442\u0435\u0441 \u0434\u043b\u044f \u0456\u0441\u0442\u0438\u043d\u043d\u0438\u0445 \u043f\u043e\u0446\u0456\u043d\u043e\u0432\u0443\u0432\u0430\u0447\u0456\u0432 \u043c\u2019\u044f\u0441\u0430. \u0412\u0438\u0440\u0456\u0437\u043a\u0430 \u0412\u0430\u0433\u044e \u2014 \u043d\u0430\u0439\u0446\u0456\u043d\u043d\u0456\u0448\u0430 \u0447\u0430\u0441\u0442\u0438\u043d\u0430 \u044f\u043b\u043e\u0432\u0438\u0447\u0438\u043d\u0438 \u043e\u0434\u043d\u0456\u0454\u0457 \u0437 \u043d\u0430\u0439\u0432\u0456\u0434\u043e\u043c\u0456\u0448\u0438\u0445 \u043f\u043e\u0440\u0456\u0434 \u0432\u0435\u043b\u0438\u043a\u043e\u0457 \u0440\u043e\u0433\u0430\u0442\u043e\u0457 \u0445\u0443\u0434\u043e\u0431\u0438 \u0443 \u0441\u0432\u0456\u0442\u0456. \u041c\u2019\u044f\u0441\u043e \u0432\u0438\u0440\u0456\u0437\u043d\u044f\u0454\u0442\u044c\u0441\u044f \u043d\u0435\u0439\u043c\u043e\u0432\u0456\u0440\u043d\u043e\u044e \u043c\u0430\u0440\u043c\u0443\u0440\u043e\u0432\u0456\u0441\u0442\u044e, \u043d\u0456\u0436\u043d\u0456\u0441\u0442\u044e \u0442\u0430 \u043d\u0430\u0441\u0438\u0447\u0435\u043d\u0438\u043c \u043c\u0430\u0441\u043b\u044f\u043d\u0438\u0441\u0442\u0438\u043c \u0441\u043c\u0430\u043a\u043e\u043c, \u0449\u043e \u0431\u0443\u043a\u0432\u0430\u043b\u044c\u043d\u043e \u0442\u0430\u043d\u0435 \u0432 \u0440\u043e\u0442\u0456.<\/p>\n<p data-start=\"417\" data-end=\"609\">\u0406\u0434\u0435\u0430\u043b\u044c\u043d\u043e \u043f\u0456\u0434\u0445\u043e\u0434\u0438\u0442\u044c \u0434\u043b\u044f \u043f\u0440\u0438\u0433\u043e\u0442\u0443\u0432\u0430\u043d\u043d\u044f \u043d\u0430 \u0433\u0440\u0438\u043b\u0456, \u0441\u043a\u043e\u0432\u043e\u0440\u043e\u0434\u0456 \u0430\u0431\u043e \u043c\u0435\u0442\u043e\u0434\u043e\u043c sous-vide. \u0417\u0430\u0432\u0434\u044f\u043a\u0438 \u043f\u0440\u0430\u0432\u0438\u043b\u044c\u043d\u043e\u043c\u0443 \u0434\u043e\u0437\u0440\u0456\u0432\u0430\u043d\u043d\u044e \u0442\u0430 \u0440\u0435\u0442\u0435\u043b\u044c\u043d\u043e\u043c\u0443 \u0432\u0456\u0434\u0431\u043e\u0440\u0443, \u043d\u0430\u0448\u0430 \u0432\u0438\u0440\u0456\u0437\u043a\u0430 \u0412\u0430\u0433\u044e \u0437\u0430\u0431\u0435\u0437\u043f\u0435\u0447\u0443\u0454 \u043d\u0430\u0439\u0432\u0438\u0449\u0438\u0439 \u0440\u0456\u0432\u0435\u043d\u044c \u043a\u0443\u043b\u0456\u043d\u0430\u0440\u043d\u043e\u0433\u043e \u0437\u0430\u0434\u043e\u0432\u043e\u043b\u0435\u043d\u043d\u044f.<\/p>\n<p data-start=\"417\" data-end=\"609\"><strong data-start=\"616\" data-end=\"630\">\u0412\u0430\u0433\u0430 \u043e\u0434\u043d\u0456\u0454\u0457 \u0448\u0442\u0443\u043a\u0438:<\/strong> \u043f\u0440\u0438\u0431\u043b\u0438\u0437\u043d\u043e 1 \u043a\u0433<br data-start=\"639\" data-end=\"642\" \/><strong data-start=\"642\" data-end=\"658\">\u041f\u043e\u0445\u043e\u0434\u0436\u0435\u043d\u043d\u044f:<\/strong> \u041f\u0440\u043e\u0434\u0443\u043a\u0442 \u043f\u043e\u0445\u043e\u0434\u0438\u0442\u044c \u0456\u0437 \u0441\u0435\u0440\u0442\u0438\u0444\u0456\u043a\u043e\u0432\u0430\u043d\u0438\u0445 \u0433\u043e\u0441\u043f\u043e\u0434\u0430\u0440\u0441\u0442\u0432 \u0412\u0430\u0433\u044e.<br data-start=\"707\" data-end=\"710\" \/><strong data-start=\"710\" data-end=\"724\">\u041f\u0430\u043a\u0443\u0432\u0430\u043d\u043d\u044f:<\/strong> \u0412\u0430\u043a\u0443\u0443\u043c\u043d\u0435<\/p>","protected":false},"featured_media":10586,"comment_status":"open","ping_status":"closed","template":"","meta":{"_acf_changed":false,"inline_featured_image":false},"product_brand":[],"product_cat":[187,148],"product_tag":[],"class_list":{"0":"post-10585","1":"product","2":"type-product","3":"status-publish","4":"has-post-thumbnail","6":"product_cat-wagyu","7":"product_cat-wolowina","9":"first","10":"onbackorder","11":"shipping-taxable","12":"purchasable","13":"product-type-simple"},"acf":[],"yoast_head":"<!-- This site is optimized with the Yoast SEO Premium plugin v24.3 (Yoast SEO v25.2) - https:\/\/yoast.com\/wordpress\/plugins\/seo\/ -->\n<title>Pol\u0119dwica wagyu oko\u0142o 5kg - DobreMiecho.pl<\/title>\n<meta name=\"robots\" content=\"index, follow, max-snippet:-1, max-image-preview:large, max-video-preview:-1\" \/>\n<link rel=\"canonical\" href=\"https:\/\/www.dobremiecho.pl\/uk\/sklep\/wolowina\/wagyu\/poledwica-wagyu-2\/\" \/>\n<meta property=\"og:locale\" content=\"uk_UA\" \/>\n<meta property=\"og:type\" content=\"article\" \/>\n<meta property=\"og:title\" content=\"Pol\u0119dwica wagyu oko\u0142o 5kg\" \/>\n<meta property=\"og:description\" content=\"Pol\u0119dwica wagyu 1kg Wyj\u0105tkowy rarytas dla prawdziwych koneser\u00f3w mi\u0119sa. Pol\u0119dwica Wagyu to najbardziej ceniona cz\u0119\u015b\u0107 wo\u0142owiny jednej z najs\u0142ynniejszych ras byd\u0142a na \u015bwiecie. Mi\u0119so wyr\u00f3\u017cnia si\u0119 niesamowit\u0105 marmurkowato\u015bci\u0105, delikatno\u015bci\u0105 i intensywnym, ma\u015blanym smakiem, kt\u00f3ry dos\u0142ownie rozp\u0142ywa si\u0119 w ustach. Idealna do przygotowania na grillu, patelni lub w wersji sous-vide. Dzi\u0119ki odpowiedniemu dojrzewaniu i starannej selekcji, nasza pol\u0119dwica Wagyu gwarantuje najwy\u017cszy poziom dozna\u0144 kulinarnych. Gramatura: ok. 1 kgPochodzenie: produkt pochodzi z certyfikowanych hodowli WagyuPakowanie: pr\u00f3\u017cniowe\" \/>\n<meta property=\"og:url\" content=\"https:\/\/www.dobremiecho.pl\/uk\/sklep\/wolowina\/wagyu\/poledwica-wagyu-2\/\" \/>\n<meta property=\"og:site_name\" content=\"DobreMiecho.pl\" \/>\n<meta property=\"article:modified_time\" content=\"2025-08-06T17:50:49+00:00\" \/>\n<meta property=\"og:image\" content=\"https:\/\/www.dobremiecho.pl\/wp-content\/uploads\/2024\/04\/PHOTO-2021-05-23-23-19-13-e1621884037655.jpg\" \/>\n\t<meta property=\"og:image:width\" content=\"1600\" \/>\n\t<meta property=\"og:image:height\" content=\"1200\" \/>\n\t<meta property=\"og:image:type\" content=\"image\/jpeg\" \/>\n<meta name=\"twitter:card\" content=\"summary_large_image\" \/>\n<meta name=\"twitter:label1\" content=\"\u041f\u0440\u0438\u0431\u043b. \u0447\u0430\u0441 \u0447\u0438\u0442\u0430\u043d\u043d\u044f\" \/>\n\t<meta name=\"twitter:data1\" content=\"1 \u0445\u0432\u0438\u043b\u0438\u043d\u0430\" \/>\n<script type=\"application\/ld+json\" class=\"yoast-schema-graph\">{\"@context\":\"https:\/\/schema.org\",\"@graph\":[{\"@type\":\"WebPage\",\"@id\":\"https:\/\/www.dobremiecho.pl\/sklep\/wolowina\/wagyu\/poledwica-wagyu-2\/\",\"url\":\"https:\/\/www.dobremiecho.pl\/sklep\/wolowina\/wagyu\/poledwica-wagyu-2\/\",\"name\":\"Pol\u0119dwica wagyu oko\u0142o 5kg - DobreMiecho.pl\",\"isPartOf\":{\"@id\":\"https:\/\/www.dobremiecho.pl\/#website\"},\"primaryImageOfPage\":{\"@id\":\"https:\/\/www.dobremiecho.pl\/sklep\/wolowina\/wagyu\/poledwica-wagyu-2\/#primaryimage\"},\"image\":{\"@id\":\"https:\/\/www.dobremiecho.pl\/sklep\/wolowina\/wagyu\/poledwica-wagyu-2\/#primaryimage\"},\"thumbnailUrl\":\"https:\/\/www.dobremiecho.pl\/wp-content\/uploads\/2024\/04\/PHOTO-2021-05-23-23-19-13-e1621884037655.jpg\",\"datePublished\":\"2021-04-03T22:58:38+00:00\",\"dateModified\":\"2025-08-06T17:50:49+00:00\",\"breadcrumb\":{\"@id\":\"https:\/\/www.dobremiecho.pl\/sklep\/wolowina\/wagyu\/poledwica-wagyu-2\/#breadcrumb\"},\"inLanguage\":\"uk\",\"potentialAction\":[{\"@type\":\"ReadAction\",\"target\":[\"https:\/\/www.dobremiecho.pl\/sklep\/wolowina\/wagyu\/poledwica-wagyu-2\/\"]}]},{\"@type\":\"ImageObject\",\"inLanguage\":\"uk\",\"@id\":\"https:\/\/www.dobremiecho.pl\/sklep\/wolowina\/wagyu\/poledwica-wagyu-2\/#primaryimage\",\"url\":\"https:\/\/www.dobremiecho.pl\/wp-content\/uploads\/2024\/04\/PHOTO-2021-05-23-23-19-13-e1621884037655.jpg\",\"contentUrl\":\"https:\/\/www.dobremiecho.pl\/wp-content\/uploads\/2024\/04\/PHOTO-2021-05-23-23-19-13-e1621884037655.jpg\",\"width\":1600,\"height\":1200},{\"@type\":\"BreadcrumbList\",\"@id\":\"https:\/\/www.dobremiecho.pl\/sklep\/wolowina\/wagyu\/poledwica-wagyu-2\/#breadcrumb\",\"itemListElement\":[{\"@type\":\"ListItem\",\"position\":1,\"name\":\"Strona g\u0142\u00f3wna\",\"item\":\"https:\/\/www.dobremiecho.pl\/\"},{\"@type\":\"ListItem\",\"position\":2,\"name\":\"Sklep\",\"item\":\"https:\/\/www.dobremiecho.pl\/sklep\/\"},{\"@type\":\"ListItem\",\"position\":3,\"name\":\"Pol\u0119dwica wagyu oko\u0142o 5kg\"}]},{\"@type\":\"WebSite\",\"@id\":\"https:\/\/www.dobremiecho.pl\/#website\",\"url\":\"https:\/\/www.dobremiecho.pl\/\",\"name\":\"DobreMiecho.pl\",\"description\":\"Wysokogatunkowe mi\u0119so z dostaw\u0105 do domu\",\"publisher\":{\"@id\":\"https:\/\/www.dobremiecho.pl\/#organization\"},\"potentialAction\":[{\"@type\":\"SearchAction\",\"target\":{\"@type\":\"EntryPoint\",\"urlTemplate\":\"https:\/\/www.dobremiecho.pl\/?s={search_term_string}\"},\"query-input\":{\"@type\":\"PropertyValueSpecification\",\"valueRequired\":true,\"valueName\":\"search_term_string\"}}],\"inLanguage\":\"uk\"},{\"@type\":\"Organization\",\"@id\":\"https:\/\/www.dobremiecho.pl\/#organization\",\"name\":\"DobreMiecho.pl\",\"url\":\"https:\/\/www.dobremiecho.pl\/\",\"logo\":{\"@type\":\"ImageObject\",\"inLanguage\":\"uk\",\"@id\":\"https:\/\/www.dobremiecho.pl\/#\/schema\/logo\/image\/\",\"url\":\"https:\/\/www.dobremiecho.pl\/wp-content\/uploads\/2022\/10\/12091494-Raw-fresh-meat-T-bone-steak-seasoning-and-Butcher-cleaver-on-chopping-cutting-board-on-wooden-background.jpg\",\"contentUrl\":\"https:\/\/www.dobremiecho.pl\/wp-content\/uploads\/2022\/10\/12091494-Raw-fresh-meat-T-bone-steak-seasoning-and-Butcher-cleaver-on-chopping-cutting-board-on-wooden-background.jpg\",\"width\":1100,\"height\":733,\"caption\":\"DobreMiecho.pl\"},\"image\":{\"@id\":\"https:\/\/www.dobremiecho.pl\/#\/schema\/logo\/image\/\"}}]}<\/script>\n<!-- \/ Yoast SEO Premium plugin. -->","yoast_head_json":{"title":"Pol\u0119dwica wagyu oko\u0142o 5kg - DobreMiecho.pl","robots":{"index":"index","follow":"follow","max-snippet":"max-snippet:-1","max-image-preview":"max-image-preview:large","max-video-preview":"max-video-preview:-1"},"canonical":"https:\/\/www.dobremiecho.pl\/uk\/sklep\/wolowina\/wagyu\/poledwica-wagyu-2\/","og_locale":"uk_UA","og_type":"article","og_title":"Pol\u0119dwica wagyu oko\u0142o 5kg","og_description":"Pol\u0119dwica wagyu 1kg Wyj\u0105tkowy rarytas dla prawdziwych koneser\u00f3w mi\u0119sa. Pol\u0119dwica Wagyu to najbardziej ceniona cz\u0119\u015b\u0107 wo\u0142owiny jednej z najs\u0142ynniejszych ras byd\u0142a na \u015bwiecie. Mi\u0119so wyr\u00f3\u017cnia si\u0119 niesamowit\u0105 marmurkowato\u015bci\u0105, delikatno\u015bci\u0105 i intensywnym, ma\u015blanym smakiem, kt\u00f3ry dos\u0142ownie rozp\u0142ywa si\u0119 w ustach. Idealna do przygotowania na grillu, patelni lub w wersji sous-vide. Dzi\u0119ki odpowiedniemu dojrzewaniu i starannej selekcji, nasza pol\u0119dwica Wagyu gwarantuje najwy\u017cszy poziom dozna\u0144 kulinarnych. Gramatura: ok. 1 kgPochodzenie: produkt pochodzi z certyfikowanych hodowli WagyuPakowanie: pr\u00f3\u017cniowe","og_url":"https:\/\/www.dobremiecho.pl\/uk\/sklep\/wolowina\/wagyu\/poledwica-wagyu-2\/","og_site_name":"DobreMiecho.pl","article_modified_time":"2025-08-06T17:50:49+00:00","og_image":[{"width":1600,"height":1200,"url":"https:\/\/www.dobremiecho.pl\/wp-content\/uploads\/2024\/04\/PHOTO-2021-05-23-23-19-13-e1621884037655.jpg","type":"image\/jpeg"}],"twitter_card":"summary_large_image","twitter_misc":{"\u041f\u0440\u0438\u0431\u043b. \u0447\u0430\u0441 \u0447\u0438\u0442\u0430\u043d\u043d\u044f":"1 \u0445\u0432\u0438\u043b\u0438\u043d\u0430"},"schema":{"@context":"https:\/\/schema.org","@graph":[{"@type":"WebPage","@id":"https:\/\/www.dobremiecho.pl\/sklep\/wolowina\/wagyu\/poledwica-wagyu-2\/","url":"https:\/\/www.dobremiecho.pl\/sklep\/wolowina\/wagyu\/poledwica-wagyu-2\/","name":"Pol\u0119dwica wagyu oko\u0142o 5kg - DobreMiecho.pl","isPartOf":{"@id":"https:\/\/www.dobremiecho.pl\/#website"},"primaryImageOfPage":{"@id":"https:\/\/www.dobremiecho.pl\/sklep\/wolowina\/wagyu\/poledwica-wagyu-2\/#primaryimage"},"image":{"@id":"https:\/\/www.dobremiecho.pl\/sklep\/wolowina\/wagyu\/poledwica-wagyu-2\/#primaryimage"},"thumbnailUrl":"https:\/\/www.dobremiecho.pl\/wp-content\/uploads\/2024\/04\/PHOTO-2021-05-23-23-19-13-e1621884037655.jpg","datePublished":"2021-04-03T22:58:38+00:00","dateModified":"2025-08-06T17:50:49+00:00","breadcrumb":{"@id":"https:\/\/www.dobremiecho.pl\/sklep\/wolowina\/wagyu\/poledwica-wagyu-2\/#breadcrumb"},"inLanguage":"uk","potentialAction":[{"@type":"ReadAction","target":["https:\/\/www.dobremiecho.pl\/sklep\/wolowina\/wagyu\/poledwica-wagyu-2\/"]}]},{"@type":"ImageObject","inLanguage":"uk","@id":"https:\/\/www.dobremiecho.pl\/sklep\/wolowina\/wagyu\/poledwica-wagyu-2\/#primaryimage","url":"https:\/\/www.dobremiecho.pl\/wp-content\/uploads\/2024\/04\/PHOTO-2021-05-23-23-19-13-e1621884037655.jpg","contentUrl":"https:\/\/www.dobremiecho.pl\/wp-content\/uploads\/2024\/04\/PHOTO-2021-05-23-23-19-13-e1621884037655.jpg","width":1600,"height":1200},{"@type":"BreadcrumbList","@id":"https:\/\/www.dobremiecho.pl\/sklep\/wolowina\/wagyu\/poledwica-wagyu-2\/#breadcrumb","itemListElement":[{"@type":"ListItem","position":1,"name":"Strona g\u0142\u00f3wna","item":"https:\/\/www.dobremiecho.pl\/"},{"@type":"ListItem","position":2,"name":"Sklep","item":"https:\/\/www.dobremiecho.pl\/sklep\/"},{"@type":"ListItem","position":3,"name":"Pol\u0119dwica wagyu oko\u0142o 5kg"}]},{"@type":"WebSite","@id":"https:\/\/www.dobremiecho.pl\/#website","url":"https:\/\/www.dobremiecho.pl\/","name":"DobreMiecho.pl","description":"Wysokogatunkowe mi\u0119so z dostaw\u0105 do domu","publisher":{"@id":"https:\/\/www.dobremiecho.pl\/#organization"},"potentialAction":[{"@type":"SearchAction","target":{"@type":"EntryPoint","urlTemplate":"https:\/\/www.dobremiecho.pl\/?s={search_term_string}"},"query-input":{"@type":"PropertyValueSpecification","valueRequired":true,"valueName":"search_term_string"}}],"inLanguage":"uk"},{"@type":"Organization","@id":"https:\/\/www.dobremiecho.pl\/#organization","name":"DobreMiecho.pl","url":"https:\/\/www.dobremiecho.pl\/","logo":{"@type":"ImageObject","inLanguage":"uk","@id":"https:\/\/www.dobremiecho.pl\/#\/schema\/logo\/image\/","url":"https:\/\/www.dobremiecho.pl\/wp-content\/uploads\/2022\/10\/12091494-Raw-fresh-meat-T-bone-steak-seasoning-and-Butcher-cleaver-on-chopping-cutting-board-on-wooden-background.jpg","contentUrl":"https:\/\/www.dobremiecho.pl\/wp-content\/uploads\/2022\/10\/12091494-Raw-fresh-meat-T-bone-steak-seasoning-and-Butcher-cleaver-on-chopping-cutting-board-on-wooden-background.jpg","width":1100,"height":733,"caption":"DobreMiecho.pl"},"image":{"@id":"https:\/\/www.dobremiecho.pl\/#\/schema\/logo\/image\/"}}]}},"_links":{"self":[{"href":"https:\/\/www.dobremiecho.pl\/uk\/wp-json\/wp\/v2\/product\/10585","targetHints":{"allow":["GET"]}}],"collection":[{"href":"https:\/\/www.dobremiecho.pl\/uk\/wp-json\/wp\/v2\/product"}],"about":[{"href":"https:\/\/www.dobremiecho.pl\/uk\/wp-json\/wp\/v2\/types\/product"}],"replies":[{"embeddable":true,"href":"https:\/\/www.dobremiecho.pl\/uk\/wp-json\/wp\/v2\/comments?post=10585"}],"wp:featuredmedia":[{"embeddable":true,"href":"https:\/\/www.dobremiecho.pl\/uk\/wp-json\/wp\/v2\/media\/10586"}],"wp:attachment":[{"href":"https:\/\/www.dobremiecho.pl\/uk\/wp-json\/wp\/v2\/media?parent=10585"}],"wp:term":[{"taxonomy":"product_brand","embeddable":true,"href":"https:\/\/www.dobremiecho.pl\/uk\/wp-json\/wp\/v2\/product_brand?post=10585"},{"taxonomy":"product_cat","embeddable":true,"href":"https:\/\/www.dobremiecho.pl\/uk\/wp-json\/wp\/v2\/product_cat?post=10585"},{"taxonomy":"product_tag","embeddable":true,"href":"https:\/\/www.dobremiecho.pl\/uk\/wp-json\/wp\/v2\/product_tag?post=10585"}],"curies":[{"name":"wp","href":"https:\/\/api.w.org\/{rel}","templated":true}]}}