{"id":18064,"date":"2025-04-04T18:51:08","date_gmt":"2025-04-04T18:51:08","guid":{"rendered":"https:\/\/www.dobremiecho.pl\/?post_type=product&#038;p=18064"},"modified":"2025-06-15T20:27:55","modified_gmt":"2025-06-15T20:27:55","slug":"krewetki-w-tempurze-800g","status":"publish","type":"product","link":"https:\/\/www.dobremiecho.pl\/uk\/sklep\/ryby\/krewetki-w-tempurze-800g\/","title":{"rendered":"\u041a\u0440\u0435\u0432\u0435\u0442\u043a\u0438 \u0432 \u0442\u0435\u043c\u043f\u0443\u0440\u0456 800\u0433"},"content":{"rendered":"<p data-start=\"92\" data-end=\"497\">\u0425\u0440\u0443\u0441\u0442\u043a\u0456, \u043d\u0456\u0436\u043d\u0456 \u0442\u0430 \u0433\u043e\u0442\u043e\u0432\u0456 \u0434\u043e \u043f\u043e\u0434\u0430\u0447\u0456 \u0437\u0430 \u043a\u0456\u043b\u044c\u043a\u0430 \u0445\u0432\u0438\u043b\u0438\u043d \u2014 \u043a\u0440\u0435\u0432\u0435\u0442\u043a\u0438 \u0432 \u0442\u0435\u043c\u043f\u0443\u0440\u0456 \u0432\u0456\u0434 Dayseaday \u2014 \u0456\u0434\u0435\u0430\u043b\u044c\u043d\u0438\u0439 \u0432\u0438\u0431\u0456\u0440 \u0434\u043b\u044f \u0448\u0430\u043d\u0443\u0432\u0430\u043b\u044c\u043d\u0438\u043a\u0456\u0432 \u0430\u0437\u0456\u0439\u0441\u044c\u043a\u043e\u0457 \u043a\u0443\u0445\u043d\u0456 \u0442\u0430 \u043d\u0435 \u0442\u0456\u043b\u044c\u043a\u0438. \u0420\u0435\u0442\u0435\u043b\u044c\u043d\u043e \u0432\u0456\u0434\u0456\u0431\u0440\u0430\u043d\u0456 \u043a\u0440\u0435\u0432\u0435\u0442\u043a\u0438 \u043f\u043e\u043a\u0440\u0438\u0442\u0456 \u043b\u0435\u0433\u043a\u0438\u043c \u043a\u043b\u044f\u0440\u043e\u043c \u0442\u0435\u043c\u043f\u0443\u0440\u0430, \u044f\u043a\u0438\u0439 \u043f\u0456\u0441\u043b\u044f \u0441\u043c\u0430\u0436\u0435\u043d\u043d\u044f \u043d\u0430\u0431\u0443\u0432\u0430\u0454 \u0437\u043e\u043b\u043e\u0442\u0438\u0441\u0442\u043e\u0457, \u043f\u043e\u0432\u0456\u0442\u0440\u044f\u043d\u043e\u0457 \u0441\u0442\u0440\u0443\u043a\u0442\u0443\u0440\u0438. \u0417\u0430\u043c\u043e\u0440\u043e\u0436\u0435\u043d\u0438\u0439 \u043f\u0440\u043e\u0434\u0443\u043a\u0442, \u0433\u043e\u0442\u043e\u0432\u0438\u0439 \u0434\u043e \u0448\u0432\u0438\u0434\u043a\u043e\u0433\u043e \u043f\u0440\u0438\u0433\u043e\u0442\u0443\u0432\u0430\u043d\u043d\u044f \u2014 \u0434\u043e\u0441\u0442\u0430\u0442\u043d\u044c\u043e \u043a\u0456\u043b\u044c\u043a\u043e\u0445 \u0445\u0432\u0438\u043b\u0438\u043d \u0443 \u0444\u0440\u0438\u0442\u044e\u0440\u0456 \u0430\u0431\u043e \u0434\u0443\u0445\u043e\u0432\u0446\u0456.<\/p>\n<p data-start=\"499\" data-end=\"712\">\u0412\u0430\u0433\u0430 \u0443\u043f\u0430\u043a\u043e\u0432\u043a\u0438: 800 \u0433<br data-start=\"525\" data-end=\"528\" \/>\u0412\u0438\u0440\u043e\u0431\u043d\u0438\u043a: Dayseaday<br data-start=\"552\" data-end=\"555\" \/>\u0417\u0430\u0441\u0442\u043e\u0441\u0443\u0432\u0430\u043d\u043d\u044f: \u043e\u0441\u043d\u043e\u0432\u043d\u0430 \u0441\u0442\u0440\u0430\u0432\u0430, \u0437\u0430\u043a\u0443\u0441\u043a\u0430, \u043a\u043e\u043c\u043f\u043e\u043d\u0435\u043d\u0442 \u0441\u0443\u0448\u0456 \u0430\u0431\u043e \u0444\u0443\u0440\u0448\u0435\u0442\u043d\u0430 \u0441\u0442\u0440\u0430\u0432\u0430 \u0434\u043b\u044f \u0432\u0435\u0447\u0456\u0440\u043e\u043a<br data-start=\"638\" data-end=\"641\" \/>\u0421\u043f\u043e\u0441\u0456\u0431 \u043f\u0440\u0438\u0433\u043e\u0442\u0443\u0432\u0430\u043d\u043d\u044f: \u0441\u043c\u0430\u0436\u0435\u043d\u043d\u044f \u0443 \u0444\u0440\u0438\u0442\u044e\u0440\u0456 \u0430\u0431\u043e \u0437\u0430\u043f\u0456\u043a\u0430\u043d\u043d\u044f<\/p>\n<p data-start=\"714\" data-end=\"772\">\u0406\u0434\u0435\u0430\u043b\u044c\u043d\u043e \u043f\u043e\u0454\u0434\u043d\u0443\u0454\u0442\u044c\u0441\u044f \u0437 \u043a\u0438\u0441\u043b\u043e-\u0441\u043e\u043b\u043e\u0434\u043a\u0438\u043c \u0441\u043e\u0443\u0441\u043e\u043c, \u0442\u0435\u0440\u0456\u044f\u043a\u0456 \u0430\u0431\u043e \u0432\u0430\u0441\u0430\u0431\u0456-\u043c\u0430\u0439\u043e!<\/p>\n<p><strong>\u0414\u043e\u0441\u0442\u0430\u0432\u043a\u0430<\/strong><\/p>\n<p data-start=\"186\" data-end=\"257\">\u041c\u0438 \u043d\u0430\u0434\u0456\u0448\u043b\u0435\u043c\u043e \u0432\u0430\u0448\u0435 \u0437\u0430\u043c\u043e\u0432\u043b\u0435\u043d\u043d\u044f \u043f\u0440\u043e\u0442\u044f\u0433\u043e\u043c 36 \u0433\u043e\u0434\u0438\u043d \u0437 \u043c\u043e\u043c\u0435\u043d\u0442\u0443 \u0439\u043e\u0433\u043e \u043e\u0444\u043e\u0440\u043c\u043b\u0435\u043d\u043d\u044f.<\/p>\n<ul data-start=\"259\" data-end=\"470\">\n<li data-start=\"259\" data-end=\"318\">\n<p data-start=\"261\" data-end=\"318\">\u041d\u0430 \u0442\u0435\u0440\u0438\u0442\u043e\u0440\u0456\u0457 \u0412\u0430\u0440\u0448\u0430\u0432\u0438 \u0442\u0430 \u043e\u043a\u043e\u043b\u0438\u0446\u044c \u2013 \u0444\u0456\u0440\u043c\u043e\u0432\u0438\u043c \u0442\u0440\u0430\u043d\u0441\u043f\u043e\u0440\u0442\u043e\u043c.<\/p>\n<\/li>\n<li data-start=\"319\" data-end=\"470\">\n<p data-start=\"321\" data-end=\"470\">\u041d\u0430 \u0432\u0441\u0456\u0439 \u0442\u0435\u0440\u0438\u0442\u043e\u0440\u0456\u0457 \u041f\u043e\u043b\u044c\u0449\u0456 \u2013 \u0447\u0435\u0440\u0435\u0437 \u043a\u0443\u0440\u2019\u0454\u0440\u0441\u044c\u043a\u0443 \u0441\u043b\u0443\u0436\u0431\u0443.<\/p>\n<\/li>\n<\/ul>\n<p data-start=\"321\" data-end=\"470\">\u0417\u0430\u043c\u043e\u0432\u043b\u0435\u043d\u043d\u044f, \u0449\u043e \u043d\u0430\u0434\u0441\u0438\u043b\u0430\u044e\u0442\u044c\u0441\u044f \u043f\u043e \u0442\u0435\u0440\u0438\u0442\u043e\u0440\u0456\u0457 \u041f\u043e\u043b\u044c\u0449\u0456, \u043f\u0430\u043a\u0443\u044e\u0442\u044c\u0441\u044f \u0443 \u0441\u043f\u0435\u0446\u0456\u0430\u043b\u044c\u043d\u0456 \u0441\u0442\u0438\u0440\u043e\u0431\u043e\u043a\u0441\u0438, \u044f\u043a\u0456 \u0437\u0430\u0431\u0435\u0437\u043f\u0435\u0447\u0443\u044e\u0442\u044c \u0441\u0432\u0456\u0436\u0456\u0441\u0442\u044c \u0456 \u043d\u0430\u043b\u0435\u0436\u043d\u0443 \u0442\u0435\u043c\u043f\u0435\u0440\u0430\u0442\u0443\u0440\u0443.<\/p>","protected":false},"excerpt":{"rendered":"<p data-start=\"92\" data-end=\"497\">\u0425\u0440\u0443\u0441\u0442\u043a\u0456, \u043d\u0456\u0436\u043d\u0456 \u0442\u0430 \u0433\u043e\u0442\u043e\u0432\u0456 \u0434\u043e \u043f\u043e\u0434\u0430\u0447\u0456 \u0437\u0430 \u043a\u0456\u043b\u044c\u043a\u0430 \u0445\u0432\u0438\u043b\u0438\u043d \u2014 \u043a\u0440\u0435\u0432\u0435\u0442\u043a\u0438 \u0432 \u0442\u0435\u043c\u043f\u0443\u0440\u0456 \u0432\u0456\u0434 Dayseaday \u2014 \u0456\u0434\u0435\u0430\u043b\u044c\u043d\u0438\u0439 \u0432\u0438\u0431\u0456\u0440 \u0434\u043b\u044f \u0448\u0430\u043d\u0443\u0432\u0430\u043b\u044c\u043d\u0438\u043a\u0456\u0432 \u0430\u0437\u0456\u0439\u0441\u044c\u043a\u043e\u0457 \u043a\u0443\u0445\u043d\u0456 \u0442\u0430 \u043d\u0435 \u0442\u0456\u043b\u044c\u043a\u0438. \u0420\u0435\u0442\u0435\u043b\u044c\u043d\u043e \u0432\u0456\u0434\u0456\u0431\u0440\u0430\u043d\u0456 \u043a\u0440\u0435\u0432\u0435\u0442\u043a\u0438 \u043f\u043e\u043a\u0440\u0438\u0442\u0456 \u043b\u0435\u0433\u043a\u0438\u043c \u043a\u043b\u044f\u0440\u043e\u043c \u0442\u0435\u043c\u043f\u0443\u0440\u0430, \u044f\u043a\u0438\u0439 \u043f\u0456\u0441\u043b\u044f \u0441\u043c\u0430\u0436\u0435\u043d\u043d\u044f \u043d\u0430\u0431\u0443\u0432\u0430\u0454 \u0437\u043e\u043b\u043e\u0442\u0438\u0441\u0442\u043e\u0457, \u043f\u043e\u0432\u0456\u0442\u0440\u044f\u043d\u043e\u0457 \u0441\u0442\u0440\u0443\u043a\u0442\u0443\u0440\u0438. \u0417\u0430\u043c\u043e\u0440\u043e\u0436\u0435\u043d\u0438\u0439 \u043f\u0440\u043e\u0434\u0443\u043a\u0442, \u0433\u043e\u0442\u043e\u0432\u0438\u0439 \u0434\u043e \u0448\u0432\u0438\u0434\u043a\u043e\u0433\u043e \u043f\u0440\u0438\u0433\u043e\u0442\u0443\u0432\u0430\u043d\u043d\u044f \u2014 \u0434\u043e\u0441\u0442\u0430\u0442\u043d\u044c\u043e \u043a\u0456\u043b\u044c\u043a\u043e\u0445 \u0445\u0432\u0438\u043b\u0438\u043d \u0443 \u0444\u0440\u0438\u0442\u044e\u0440\u0456 \u0430\u0431\u043e \u0434\u0443\u0445\u043e\u0432\u0446\u0456.<\/p>\n<p data-start=\"499\" data-end=\"712\">\u0412\u0430\u0433\u0430 \u0443\u043f\u0430\u043a\u043e\u0432\u043a\u0438: 800 \u0433<br data-start=\"525\" data-end=\"528\" \/>\u0412\u0438\u0440\u043e\u0431\u043d\u0438\u043a: Dayseaday<br data-start=\"552\" data-end=\"555\" \/>\u0417\u0430\u0441\u0442\u043e\u0441\u0443\u0432\u0430\u043d\u043d\u044f: \u043e\u0441\u043d\u043e\u0432\u043d\u0430 \u0441\u0442\u0440\u0430\u0432\u0430, \u0437\u0430\u043a\u0443\u0441\u043a\u0430, \u043a\u043e\u043c\u043f\u043e\u043d\u0435\u043d\u0442 \u0441\u0443\u0448\u0456 \u0430\u0431\u043e \u0444\u0443\u0440\u0448\u0435\u0442\u043d\u0430 \u0441\u0442\u0440\u0430\u0432\u0430 \u0434\u043b\u044f \u0432\u0435\u0447\u0456\u0440\u043e\u043a<br data-start=\"638\" data-end=\"641\" \/>\u0421\u043f\u043e\u0441\u0456\u0431 \u043f\u0440\u0438\u0433\u043e\u0442\u0443\u0432\u0430\u043d\u043d\u044f: \u0441\u043c\u0430\u0436\u0435\u043d\u043d\u044f \u0443 \u0444\u0440\u0438\u0442\u044e\u0440\u0456 \u0430\u0431\u043e \u0437\u0430\u043f\u0456\u043a\u0430\u043d\u043d\u044f<\/p>\n<p data-start=\"714\" data-end=\"772\">\u0406\u0434\u0435\u0430\u043b\u044c\u043d\u043e \u043f\u043e\u0454\u0434\u043d\u0443\u0454\u0442\u044c\u0441\u044f \u0437 \u043a\u0438\u0441\u043b\u043e-\u0441\u043e\u043b\u043e\u0434\u043a\u0438\u043c \u0441\u043e\u0443\u0441\u043e\u043c, \u0442\u0435\u0440\u0456\u044f\u043a\u0456 \u0430\u0431\u043e \u0432\u0430\u0441\u0430\u0431\u0456-\u043c\u0430\u0439\u043e!<\/p>","protected":false},"featured_media":18065,"comment_status":"closed","ping_status":"closed","template":"","meta":{"_acf_changed":false,"inline_featured_image":false},"product_brand":[],"product_cat":[189],"product_tag":[],"class_list":{"0":"post-18064","1":"product","2":"type-product","3":"status-publish","4":"has-post-thumbnail","6":"product_cat-ryby","8":"first","9":"instock","10":"shipping-taxable","11":"purchasable","12":"product-type-simple"},"acf":[],"yoast_head":"<!-- This site is optimized with the Yoast SEO Premium plugin v24.3 (Yoast SEO v25.2) - https:\/\/yoast.com\/wordpress\/plugins\/seo\/ -->\n<title>Krewetki w tempurze 800g - DobreMiecho.pl<\/title>\n<meta name=\"robots\" content=\"index, follow, max-snippet:-1, max-image-preview:large, max-video-preview:-1\" \/>\n<link rel=\"canonical\" href=\"https:\/\/www.dobremiecho.pl\/uk\/sklep\/ryby\/krewetki-w-tempurze-800g\/\" \/>\n<meta property=\"og:locale\" content=\"uk_UA\" \/>\n<meta property=\"og:type\" content=\"article\" \/>\n<meta property=\"og:title\" content=\"Krewetki w tempurze 800g\" \/>\n<meta property=\"og:description\" content=\"Chrupi\u0105ce, delikatne i gotowe do podania w kilka minut \u2013 krewetki w tempurze marki Dayseaday to idealny wyb\u00f3r dla mi\u0142o\u015bnik\u00f3w azjatyckiej kuchni i nie tylko. Starannie wyselekcjonowane krewetki zosta\u0142y obtoczone w lekkim cie\u015bcie tempura, kt\u00f3re po usma\u017ceniu zyskuje z\u0142ocist\u0105, puszyst\u0105 struktur\u0119. Produkt mro\u017cony, gotowy do szybkiego przygotowania \u2013 wystarczy kilka minut w g\u0142\u0119bokim oleju lub piekarniku. Waga opakowania: 800 gProducent: DayseadayZastosowanie: danie g\u0142\u00f3wne, przek\u0105ska, element sushi lub finger food na imprezySpos\u00f3b przygotowania: sma\u017cenie na g\u0142\u0119bokim t\u0142uszczu lub pieczenie Idealne do sosu s\u0142odko-kwa\u015bnego, teriyaki lub wasabi-mayo!\" \/>\n<meta property=\"og:url\" content=\"https:\/\/www.dobremiecho.pl\/uk\/sklep\/ryby\/krewetki-w-tempurze-800g\/\" \/>\n<meta property=\"og:site_name\" content=\"DobreMiecho.pl\" \/>\n<meta property=\"article:modified_time\" content=\"2025-06-15T20:27:55+00:00\" \/>\n<meta property=\"og:image\" content=\"https:\/\/www.dobremiecho.pl\/wp-content\/uploads\/2025\/04\/krewetki-w-tempurze.jpg\" \/>\n\t<meta property=\"og:image:width\" content=\"1200\" \/>\n\t<meta property=\"og:image:height\" content=\"1600\" \/>\n\t<meta property=\"og:image:type\" content=\"image\/jpeg\" \/>\n<meta name=\"twitter:card\" content=\"summary_large_image\" \/>\n<meta name=\"twitter:label1\" content=\"\u041f\u0440\u0438\u0431\u043b. \u0447\u0430\u0441 \u0447\u0438\u0442\u0430\u043d\u043d\u044f\" \/>\n\t<meta name=\"twitter:data1\" content=\"1 \u0445\u0432\u0438\u043b\u0438\u043d\u0430\" \/>\n<script type=\"application\/ld+json\" class=\"yoast-schema-graph\">{\"@context\":\"https:\/\/schema.org\",\"@graph\":[{\"@type\":\"WebPage\",\"@id\":\"https:\/\/www.dobremiecho.pl\/sklep\/ryby\/krewetki-w-tempurze-800g\/\",\"url\":\"https:\/\/www.dobremiecho.pl\/sklep\/ryby\/krewetki-w-tempurze-800g\/\",\"name\":\"Krewetki w tempurze 800g - DobreMiecho.pl\",\"isPartOf\":{\"@id\":\"https:\/\/www.dobremiecho.pl\/#website\"},\"primaryImageOfPage\":{\"@id\":\"https:\/\/www.dobremiecho.pl\/sklep\/ryby\/krewetki-w-tempurze-800g\/#primaryimage\"},\"image\":{\"@id\":\"https:\/\/www.dobremiecho.pl\/sklep\/ryby\/krewetki-w-tempurze-800g\/#primaryimage\"},\"thumbnailUrl\":\"https:\/\/www.dobremiecho.pl\/wp-content\/uploads\/2025\/04\/krewetki-w-tempurze.jpg\",\"datePublished\":\"2025-04-04T18:51:08+00:00\",\"dateModified\":\"2025-06-15T20:27:55+00:00\",\"breadcrumb\":{\"@id\":\"https:\/\/www.dobremiecho.pl\/sklep\/ryby\/krewetki-w-tempurze-800g\/#breadcrumb\"},\"inLanguage\":\"uk\",\"potentialAction\":[{\"@type\":\"ReadAction\",\"target\":[\"https:\/\/www.dobremiecho.pl\/sklep\/ryby\/krewetki-w-tempurze-800g\/\"]}]},{\"@type\":\"ImageObject\",\"inLanguage\":\"uk\",\"@id\":\"https:\/\/www.dobremiecho.pl\/sklep\/ryby\/krewetki-w-tempurze-800g\/#primaryimage\",\"url\":\"https:\/\/www.dobremiecho.pl\/wp-content\/uploads\/2025\/04\/krewetki-w-tempurze.jpg\",\"contentUrl\":\"https:\/\/www.dobremiecho.pl\/wp-content\/uploads\/2025\/04\/krewetki-w-tempurze.jpg\",\"width\":1200,\"height\":1600},{\"@type\":\"BreadcrumbList\",\"@id\":\"https:\/\/www.dobremiecho.pl\/sklep\/ryby\/krewetki-w-tempurze-800g\/#breadcrumb\",\"itemListElement\":[{\"@type\":\"ListItem\",\"position\":1,\"name\":\"Strona g\u0142\u00f3wna\",\"item\":\"https:\/\/www.dobremiecho.pl\/\"},{\"@type\":\"ListItem\",\"position\":2,\"name\":\"Sklep\",\"item\":\"https:\/\/www.dobremiecho.pl\/sklep\/\"},{\"@type\":\"ListItem\",\"position\":3,\"name\":\"Krewetki w tempurze 800g\"}]},{\"@type\":\"WebSite\",\"@id\":\"https:\/\/www.dobremiecho.pl\/#website\",\"url\":\"https:\/\/www.dobremiecho.pl\/\",\"name\":\"DobreMiecho.pl\",\"description\":\"Wysokogatunkowe mi\u0119so z dostaw\u0105 do domu\",\"publisher\":{\"@id\":\"https:\/\/www.dobremiecho.pl\/#organization\"},\"potentialAction\":[{\"@type\":\"SearchAction\",\"target\":{\"@type\":\"EntryPoint\",\"urlTemplate\":\"https:\/\/www.dobremiecho.pl\/?s={search_term_string}\"},\"query-input\":{\"@type\":\"PropertyValueSpecification\",\"valueRequired\":true,\"valueName\":\"search_term_string\"}}],\"inLanguage\":\"uk\"},{\"@type\":\"Organization\",\"@id\":\"https:\/\/www.dobremiecho.pl\/#organization\",\"name\":\"DobreMiecho.pl\",\"url\":\"https:\/\/www.dobremiecho.pl\/\",\"logo\":{\"@type\":\"ImageObject\",\"inLanguage\":\"uk\",\"@id\":\"https:\/\/www.dobremiecho.pl\/#\/schema\/logo\/image\/\",\"url\":\"https:\/\/www.dobremiecho.pl\/wp-content\/uploads\/2022\/10\/12091494-Raw-fresh-meat-T-bone-steak-seasoning-and-Butcher-cleaver-on-chopping-cutting-board-on-wooden-background.jpg\",\"contentUrl\":\"https:\/\/www.dobremiecho.pl\/wp-content\/uploads\/2022\/10\/12091494-Raw-fresh-meat-T-bone-steak-seasoning-and-Butcher-cleaver-on-chopping-cutting-board-on-wooden-background.jpg\",\"width\":1100,\"height\":733,\"caption\":\"DobreMiecho.pl\"},\"image\":{\"@id\":\"https:\/\/www.dobremiecho.pl\/#\/schema\/logo\/image\/\"}}]}<\/script>\n<!-- \/ Yoast SEO Premium plugin. -->","yoast_head_json":{"title":"Krewetki w tempurze 800g - DobreMiecho.pl","robots":{"index":"index","follow":"follow","max-snippet":"max-snippet:-1","max-image-preview":"max-image-preview:large","max-video-preview":"max-video-preview:-1"},"canonical":"https:\/\/www.dobremiecho.pl\/uk\/sklep\/ryby\/krewetki-w-tempurze-800g\/","og_locale":"uk_UA","og_type":"article","og_title":"Krewetki w tempurze 800g","og_description":"Chrupi\u0105ce, delikatne i gotowe do podania w kilka minut \u2013 krewetki w tempurze marki Dayseaday to idealny wyb\u00f3r dla mi\u0142o\u015bnik\u00f3w azjatyckiej kuchni i nie tylko. Starannie wyselekcjonowane krewetki zosta\u0142y obtoczone w lekkim cie\u015bcie tempura, kt\u00f3re po usma\u017ceniu zyskuje z\u0142ocist\u0105, puszyst\u0105 struktur\u0119. Produkt mro\u017cony, gotowy do szybkiego przygotowania \u2013 wystarczy kilka minut w g\u0142\u0119bokim oleju lub piekarniku. Waga opakowania: 800 gProducent: DayseadayZastosowanie: danie g\u0142\u00f3wne, przek\u0105ska, element sushi lub finger food na imprezySpos\u00f3b przygotowania: sma\u017cenie na g\u0142\u0119bokim t\u0142uszczu lub pieczenie Idealne do sosu s\u0142odko-kwa\u015bnego, teriyaki lub wasabi-mayo!","og_url":"https:\/\/www.dobremiecho.pl\/uk\/sklep\/ryby\/krewetki-w-tempurze-800g\/","og_site_name":"DobreMiecho.pl","article_modified_time":"2025-06-15T20:27:55+00:00","og_image":[{"width":1200,"height":1600,"url":"https:\/\/www.dobremiecho.pl\/wp-content\/uploads\/2025\/04\/krewetki-w-tempurze.jpg","type":"image\/jpeg"}],"twitter_card":"summary_large_image","twitter_misc":{"\u041f\u0440\u0438\u0431\u043b. \u0447\u0430\u0441 \u0447\u0438\u0442\u0430\u043d\u043d\u044f":"1 \u0445\u0432\u0438\u043b\u0438\u043d\u0430"},"schema":{"@context":"https:\/\/schema.org","@graph":[{"@type":"WebPage","@id":"https:\/\/www.dobremiecho.pl\/sklep\/ryby\/krewetki-w-tempurze-800g\/","url":"https:\/\/www.dobremiecho.pl\/sklep\/ryby\/krewetki-w-tempurze-800g\/","name":"Krewetki w tempurze 800g - DobreMiecho.pl","isPartOf":{"@id":"https:\/\/www.dobremiecho.pl\/#website"},"primaryImageOfPage":{"@id":"https:\/\/www.dobremiecho.pl\/sklep\/ryby\/krewetki-w-tempurze-800g\/#primaryimage"},"image":{"@id":"https:\/\/www.dobremiecho.pl\/sklep\/ryby\/krewetki-w-tempurze-800g\/#primaryimage"},"thumbnailUrl":"https:\/\/www.dobremiecho.pl\/wp-content\/uploads\/2025\/04\/krewetki-w-tempurze.jpg","datePublished":"2025-04-04T18:51:08+00:00","dateModified":"2025-06-15T20:27:55+00:00","breadcrumb":{"@id":"https:\/\/www.dobremiecho.pl\/sklep\/ryby\/krewetki-w-tempurze-800g\/#breadcrumb"},"inLanguage":"uk","potentialAction":[{"@type":"ReadAction","target":["https:\/\/www.dobremiecho.pl\/sklep\/ryby\/krewetki-w-tempurze-800g\/"]}]},{"@type":"ImageObject","inLanguage":"uk","@id":"https:\/\/www.dobremiecho.pl\/sklep\/ryby\/krewetki-w-tempurze-800g\/#primaryimage","url":"https:\/\/www.dobremiecho.pl\/wp-content\/uploads\/2025\/04\/krewetki-w-tempurze.jpg","contentUrl":"https:\/\/www.dobremiecho.pl\/wp-content\/uploads\/2025\/04\/krewetki-w-tempurze.jpg","width":1200,"height":1600},{"@type":"BreadcrumbList","@id":"https:\/\/www.dobremiecho.pl\/sklep\/ryby\/krewetki-w-tempurze-800g\/#breadcrumb","itemListElement":[{"@type":"ListItem","position":1,"name":"Strona g\u0142\u00f3wna","item":"https:\/\/www.dobremiecho.pl\/"},{"@type":"ListItem","position":2,"name":"Sklep","item":"https:\/\/www.dobremiecho.pl\/sklep\/"},{"@type":"ListItem","position":3,"name":"Krewetki w tempurze 800g"}]},{"@type":"WebSite","@id":"https:\/\/www.dobremiecho.pl\/#website","url":"https:\/\/www.dobremiecho.pl\/","name":"DobreMiecho.pl","description":"Wysokogatunkowe mi\u0119so z dostaw\u0105 do domu","publisher":{"@id":"https:\/\/www.dobremiecho.pl\/#organization"},"potentialAction":[{"@type":"SearchAction","target":{"@type":"EntryPoint","urlTemplate":"https:\/\/www.dobremiecho.pl\/?s={search_term_string}"},"query-input":{"@type":"PropertyValueSpecification","valueRequired":true,"valueName":"search_term_string"}}],"inLanguage":"uk"},{"@type":"Organization","@id":"https:\/\/www.dobremiecho.pl\/#organization","name":"DobreMiecho.pl","url":"https:\/\/www.dobremiecho.pl\/","logo":{"@type":"ImageObject","inLanguage":"uk","@id":"https:\/\/www.dobremiecho.pl\/#\/schema\/logo\/image\/","url":"https:\/\/www.dobremiecho.pl\/wp-content\/uploads\/2022\/10\/12091494-Raw-fresh-meat-T-bone-steak-seasoning-and-Butcher-cleaver-on-chopping-cutting-board-on-wooden-background.jpg","contentUrl":"https:\/\/www.dobremiecho.pl\/wp-content\/uploads\/2022\/10\/12091494-Raw-fresh-meat-T-bone-steak-seasoning-and-Butcher-cleaver-on-chopping-cutting-board-on-wooden-background.jpg","width":1100,"height":733,"caption":"DobreMiecho.pl"},"image":{"@id":"https:\/\/www.dobremiecho.pl\/#\/schema\/logo\/image\/"}}]}},"_links":{"self":[{"href":"https:\/\/www.dobremiecho.pl\/uk\/wp-json\/wp\/v2\/product\/18064","targetHints":{"allow":["GET"]}}],"collection":[{"href":"https:\/\/www.dobremiecho.pl\/uk\/wp-json\/wp\/v2\/product"}],"about":[{"href":"https:\/\/www.dobremiecho.pl\/uk\/wp-json\/wp\/v2\/types\/product"}],"replies":[{"embeddable":true,"href":"https:\/\/www.dobremiecho.pl\/uk\/wp-json\/wp\/v2\/comments?post=18064"}],"wp:featuredmedia":[{"embeddable":true,"href":"https:\/\/www.dobremiecho.pl\/uk\/wp-json\/wp\/v2\/media\/18065"}],"wp:attachment":[{"href":"https:\/\/www.dobremiecho.pl\/uk\/wp-json\/wp\/v2\/media?parent=18064"}],"wp:term":[{"taxonomy":"product_brand","embeddable":true,"href":"https:\/\/www.dobremiecho.pl\/uk\/wp-json\/wp\/v2\/product_brand?post=18064"},{"taxonomy":"product_cat","embeddable":true,"href":"https:\/\/www.dobremiecho.pl\/uk\/wp-json\/wp\/v2\/product_cat?post=18064"},{"taxonomy":"product_tag","embeddable":true,"href":"https:\/\/www.dobremiecho.pl\/uk\/wp-json\/wp\/v2\/product_tag?post=18064"}],"curies":[{"name":"wp","href":"https:\/\/api.w.org\/{rel}","templated":true}]}}