{"id":7534,"date":"2022-04-05T17:00:47","date_gmt":"2022-04-05T17:00:47","guid":{"rendered":"https:\/\/www.robocza-rewa.pl\/index.php\/produkt\/antrykot-z-koscia-stek-sezonowany\/"},"modified":"2025-06-08T07:41:47","modified_gmt":"2025-06-08T07:41:47","slug":"antrykot-z-koscia-stek-sezonowany","status":"publish","type":"product","link":"https:\/\/www.dobremiecho.pl\/uk\/sklep\/wolowina\/steki\/antrykot-z-koscia-stek-sezonowany\/","title":{"rendered":"\u0412\u0438\u0442\u0440\u0438\u043c\u0430\u043d\u0438\u0439 \u0441\u0442\u0435\u0439\u043a \u0430\u043d\u0442\u0440\u0438\u043a\u043e\u0442 \u043d\u0430 \u043a\u0456\u0441\u0442\u0446\u0456, 1 \u043a\u0433"},"content":{"rendered":"<div class=\"summary entry-summary\">\n<div class=\"woocommerce-product-details__short-description\">\n<p>\u0412\u0438\u0442\u0440\u0438\u043c\u0430\u043d\u0438\u0439 \u0441\u0442\u0435\u0439\u043a \u0430\u043d\u0442\u0440\u0438\u043a\u043e\u0442 \u043d\u0430 \u043a\u0456\u0441\u0442\u0446\u0456, 1 \u043a\u0433<\/p>\n<p>\u0412\u0430\u0433\u0430: \u0426\u0456\u043d\u0430 \u0432\u043a\u0430\u0437\u0430\u043d\u0430 \u0437\u0430 1 \u043a\u0433. \u041a\u0456\u043b\u044c\u043a\u0456\u0441\u0442\u044c \u0442\u043e\u0432\u0430\u0440\u0443 \u0432 \u043a\u043e\u0448\u0438\u043a\u0443 \u0432\u0456\u0434\u043f\u043e\u0432\u0456\u0434\u0430\u0454 \u043a\u0456\u043b\u044c\u043a\u043e\u0441\u0442\u0456 \u0437\u0430\u043c\u043e\u0432\u043b\u0435\u043d\u0438\u0445 \u043a\u0456\u043b\u043e\u0433\u0440\u0430\u043c\u0456\u0432.<\/p>\n<p>C\u00f4te de Boeuf, \u0441\u0442\u0435\u0439\u043a \u0440\u0456\u0431\u0430\u0439 \u043d\u0430 \u043a\u0456\u0441\u0442\u0446\u0456 \u2013 \u0432\u0438\u0442\u0440\u0438\u043c\u0430\u043d\u0438\u0439 \u043d\u0430 \u0441\u0443\u0445\u043e, \u0443 \u0432\u0430\u043a\u0443\u0443\u043c\u043d\u0456\u0439 \u0443\u043f\u0430\u043a\u043e\u0432\u0446\u0456.<br \/>\n\u0422\u0435\u0440\u043c\u0456\u043d \u043f\u0440\u0438\u0434\u0430\u0442\u043d\u043e\u0441\u0442\u0456: 7 \u0434\u043d\u0456\u0432.<\/p>\n<p><strong>\u0414\u043e\u0441\u0442\u0430\u0432\u043a\u0430<\/strong><\/p>\n<p data-start=\"186\" data-end=\"257\">\u041c\u0438 \u043d\u0430\u0434\u0456\u0448\u043b\u0435\u043c\u043e \u0432\u0430\u0448\u0435 \u0437\u0430\u043c\u043e\u0432\u043b\u0435\u043d\u043d\u044f \u043f\u0440\u043e\u0442\u044f\u0433\u043e\u043c 36 \u0433\u043e\u0434\u0438\u043d \u0437 \u043c\u043e\u043c\u0435\u043d\u0442\u0443 \u0439\u043e\u0433\u043e \u043e\u0444\u043e\u0440\u043c\u043b\u0435\u043d\u043d\u044f.<\/p>\n<ul data-start=\"259\" data-end=\"470\">\n<li data-start=\"259\" data-end=\"318\">\n<p data-start=\"261\" data-end=\"318\">\u041d\u0430 \u0442\u0435\u0440\u0438\u0442\u043e\u0440\u0456\u0457 \u0412\u0430\u0440\u0448\u0430\u0432\u0438 \u0442\u0430 \u043e\u043a\u043e\u043b\u0438\u0446\u044c \u2013 \u0444\u0456\u0440\u043c\u043e\u0432\u0438\u043c \u0442\u0440\u0430\u043d\u0441\u043f\u043e\u0440\u0442\u043e\u043c.<\/p>\n<\/li>\n<li data-start=\"319\" data-end=\"470\">\n<p data-start=\"321\" data-end=\"470\">\u041d\u0430 \u0432\u0441\u0456\u0439 \u0442\u0435\u0440\u0438\u0442\u043e\u0440\u0456\u0457 \u041f\u043e\u043b\u044c\u0449\u0456 \u2013 \u0447\u0435\u0440\u0435\u0437 \u043a\u0443\u0440\u2019\u0454\u0440\u0441\u044c\u043a\u0443 \u0441\u043b\u0443\u0436\u0431\u0443.<\/p>\n<\/li>\n<\/ul>\n<p data-start=\"321\" data-end=\"470\">\u0417\u0430\u043c\u043e\u0432\u043b\u0435\u043d\u043d\u044f, \u0449\u043e \u043d\u0430\u0434\u0441\u0438\u043b\u0430\u044e\u0442\u044c\u0441\u044f \u043f\u043e \u0442\u0435\u0440\u0438\u0442\u043e\u0440\u0456\u0457 \u041f\u043e\u043b\u044c\u0449\u0456, \u043f\u0430\u043a\u0443\u044e\u0442\u044c\u0441\u044f \u0443 \u0441\u043f\u0435\u0446\u0456\u0430\u043b\u044c\u043d\u0456 \u0441\u0442\u0438\u0440\u043e\u0431\u043e\u043a\u0441\u0438, \u044f\u043a\u0456 \u0437\u0430\u0431\u0435\u0437\u043f\u0435\u0447\u0443\u044e\u0442\u044c \u0441\u0432\u0456\u0436\u0456\u0441\u0442\u044c \u0456 \u043d\u0430\u043b\u0435\u0436\u043d\u0443 \u0442\u0435\u043c\u043f\u0435\u0440\u0430\u0442\u0443\u0440\u0443.<\/p>\n<p>&nbsp;<\/p>\n<\/div>\n<form class=\"variations_form cart\" style=\"box-sizing: inherit; margin: 0px 0px 1.2em;\" action=\"https:\/\/polskiesteki.pl\/produkt\/antrykot-z-koscia-stek\/\" enctype=\"multipart\/form-data\" method=\"post\" data-product_id=\"182\" data-product_variations=\"[{&quot;attributes&quot;:{&quot;attribute_pa_gramatura&quot;:&quot;400g&quot;},&quot;availability_html&quot;:&quot;&quot;,&quot;backorders_allowed&quot;:false,&quot;dimensions&quot;:{&quot;length&quot;:&quot;&quot;,&quot;width&quot;:&quot;&quot;,&quot;height&quot;:&quot;&quot;},&quot;dimensions_html&quot;:&quot;Brak danych&quot;,&quot;display_price&quot;:48,&quot;display_regular_price&quot;:48,&quot;image&quot;:{&quot;title&quot;:&quot;antrykot z kou015bciu0105&quot;,&quot;caption&quot;:&quot;&quot;,&quot;url&quot;:&quot;https:\/\/polskiesteki.pl\/wp-content\/uploads\/2021\/04\/antrykot-z-koscia.jpg&quot;,&quot;alt&quot;:&quot;&quot;,&quot;src&quot;:&quot;https:\/\/polskiesteki.pl\/wp-content\/uploads\/2021\/04\/antrykot-z-koscia.jpg&quot;,&quot;srcset&quot;:&quot;https:\/\/polskiesteki.pl\/wp-content\/uploads\/2021\/04\/antrykot-z-koscia.jpg 415w, https:\/\/polskiesteki.pl\/wp-content\/uploads\/2021\/04\/antrykot-z-koscia-300x240.jpg 300w&quot;,&quot;sizes&quot;:&quot;(max-width: 415px) 100vw, 415px&quot;,&quot;full_src&quot;:&quot;https:\/\/polskiesteki.pl\/wp-content\/uploads\/2021\/04\/antrykot-z-koscia.jpg&quot;,&quot;full_src_w&quot;:415,&quot;full_src_h&quot;:332,&quot;gallery_thumbnail_src&quot;:&quot;https:\/\/polskiesteki.pl\/wp-content\/uploads\/2021\/04\/antrykot-z-koscia-100x100.jpg&quot;,&quot;gallery_thumbnail_src_w&quot;:100,&quot;gallery_thumbnail_src_h&quot;:100,&quot;thumb_src&quot;:&quot;https:\/\/polskiesteki.pl\/wp-content\/uploads\/2021\/04\/antrykot-z-koscia-300x300.jpg&quot;,&quot;thumb_src_w&quot;:300,&quot;thumb_src_h&quot;:300,&quot;src_w&quot;:415,&quot;src_h&quot;:332},&quot;image_id&quot;:382,&quot;is_downloadable&quot;:false,&quot;is_in_stock&quot;:true,&quot;is_purchasable&quot;:true,&quot;is_sold_individually&quot;:&quot;no&quot;,&quot;is_virtual&quot;:false,&quot;max_qty&quot;:&quot;&quot;,&quot;min_qty&quot;:1,&quot;price_html&quot;:&quot;&lt;span class=&quot;price&quot;&gt;&lt;span class=&quot;woocommerce-Price-amount amount&quot;&gt;&lt;bdi&gt;48,00&amp;nbsp;&lt;span class=&quot;woocommerce-Price-currencySymbol&quot;&gt;&amp;#122;&amp;#322;&lt;\/span&gt;&lt;\/bdi&gt;&lt;\/span&gt;&lt;\/span&gt;&quot;,&quot;sku&quot;:&quot;&quot;,&quot;variation_description&quot;:&quot;&quot;,&quot;variation_id&quot;:398,&quot;variation_is_active&quot;:true,&quot;variation_is_visible&quot;:true,&quot;weight&quot;:&quot;&quot;,&quot;weight_html&quot;:&quot;Brak danych&quot;},{&quot;attributes&quot;:{&quot;attribute_pa_gramatura&quot;:&quot;500g&quot;},&quot;availability_html&quot;:&quot;&quot;,&quot;backorders_allowed&quot;:false,&quot;dimensions&quot;:{&quot;length&quot;:&quot;&quot;,&quot;width&quot;:&quot;&quot;,&quot;height&quot;:&quot;&quot;},&quot;dimensions_html&quot;:&quot;Brak danych&quot;,&quot;display_price&quot;:60,&quot;display_regular_price&quot;:60,&quot;image&quot;:{&quot;title&quot;:&quot;antrykot z kou015bciu0105&quot;,&quot;caption&quot;:&quot;&quot;,&quot;url&quot;:&quot;https:\/\/polskiesteki.pl\/wp-content\/uploads\/2021\/04\/antrykot-z-koscia.jpg&quot;,&quot;alt&quot;:&quot;&quot;,&quot;src&quot;:&quot;https:\/\/polskiesteki.pl\/wp-content\/uploads\/2021\/04\/antrykot-z-koscia.jpg&quot;,&quot;srcset&quot;:&quot;https:\/\/polskiesteki.pl\/wp-content\/uploads\/2021\/04\/antrykot-z-koscia.jpg 415w, https:\/\/polskiesteki.pl\/wp-content\/uploads\/2021\/04\/antrykot-z-koscia-300x240.jpg 300w&quot;,&quot;sizes&quot;:&quot;(max-width: 415px) 100vw, 415px&quot;,&quot;full_src&quot;:&quot;https:\/\/polskiesteki.pl\/wp-content\/uploads\/2021\/04\/antrykot-z-koscia.jpg&quot;,&quot;full_src_w&quot;:415,&quot;full_src_h&quot;:332,&quot;gallery_thumbnail_src&quot;:&quot;https:\/\/polskiesteki.pl\/wp-content\/uploads\/2021\/04\/antrykot-z-koscia-100x100.jpg&quot;,&quot;gallery_thumbnail_src_w&quot;:100,&quot;gallery_thumbnail_src_h&quot;:100,&quot;thumb_src&quot;:&quot;https:\/\/polskiesteki.pl\/wp-content\/uploads\/2021\/04\/antrykot-z-koscia-300x300.jpg&quot;,&quot;thumb_src_w&quot;:300,&quot;thumb_src_h&quot;:300,&quot;src_w&quot;:415,&quot;src_h&quot;:332},&quot;image_id&quot;:382,&quot;is_downloadable&quot;:false,&quot;is_in_stock&quot;:true,&quot;is_purchasable&quot;:true,&quot;is_sold_individually&quot;:&quot;no&quot;,&quot;is_virtual&quot;:false,&quot;max_qty&quot;:&quot;&quot;,&quot;min_qty&quot;:1,&quot;price_html&quot;:&quot;&lt;span class=&quot;price&quot;&gt;&lt;span class=&quot;woocommerce-Price-amount amount&quot;&gt;&lt;bdi&gt;60,00&amp;nbsp;&lt;span class=&quot;woocommerce-Price-currencySymbol&quot;&gt;&amp;#122;&amp;#322;&lt;\/span&gt;&lt;\/bdi&gt;&lt;\/span&gt;&lt;\/span&gt;&quot;,&quot;sku&quot;:&quot;&quot;,&quot;variation_description&quot;:&quot;&quot;,&quot;variation_id&quot;:399,&quot;variation_is_active&quot;:true,&quot;variation_is_visible&quot;:true,&quot;weight&quot;:&quot;&quot;,&quot;weight_html&quot;:&quot;Brak danych&quot;},{&quot;attributes&quot;:{&quot;attribute_pa_gramatura&quot;:&quot;600g&quot;},&quot;availability_html&quot;:&quot;&quot;,&quot;backorders_allowed&quot;:false,&quot;dimensions&quot;:{&quot;length&quot;:&quot;&quot;,&quot;width&quot;:&quot;&quot;,&quot;height&quot;:&quot;&quot;},&quot;dimensions_html&quot;:&quot;Brak danych&quot;,&quot;display_price&quot;:72,&quot;display_regular_price&quot;:72,&quot;image&quot;:{&quot;title&quot;:&quot;antrykot z kou015bciu0105&quot;,&quot;caption&quot;:&quot;&quot;,&quot;url&quot;:&quot;https:\/\/polskiesteki.pl\/wp-content\/uploads\/2021\/04\/antrykot-z-koscia.jpg&quot;,&quot;alt&quot;:&quot;&quot;,&quot;src&quot;:&quot;https:\/\/polskiesteki.pl\/wp-content\/uploads\/2021\/04\/antrykot-z-koscia.jpg&quot;,&quot;srcset&quot;:&quot;https:\/\/polskiesteki.pl\/wp-content\/uploads\/2021\/04\/antrykot-z-koscia.jpg 415w, https:\/\/polskiesteki.pl\/wp-content\/uploads\/2021\/04\/antrykot-z-koscia-300x240.jpg 300w&quot;,&quot;sizes&quot;:&quot;(max-width: 415px) 100vw, 415px&quot;,&quot;full_src&quot;:&quot;https:\/\/polskiesteki.pl\/wp-content\/uploads\/2021\/04\/antrykot-z-koscia.jpg&quot;,&quot;full_src_w&quot;:415,&quot;full_src_h&quot;:332,&quot;gallery_thumbnail_src&quot;:&quot;https:\/\/polskiesteki.pl\/wp-content\/uploads\/2021\/04\/antrykot-z-koscia-100x100.jpg&quot;,&quot;gallery_thumbnail_src_w&quot;:100,&quot;gallery_thumbnail_src_h&quot;:100,&quot;thumb_src&quot;:&quot;https:\/\/polskiesteki.pl\/wp-content\/uploads\/2021\/04\/antrykot-z-koscia-300x300.jpg&quot;,&quot;thumb_src_w&quot;:300,&quot;thumb_src_h&quot;:300,&quot;src_w&quot;:415,&quot;src_h&quot;:332},&quot;image_id&quot;:382,&quot;is_downloadable&quot;:false,&quot;is_in_stock&quot;:true,&quot;is_purchasable&quot;:true,&quot;is_sold_individually&quot;:&quot;no&quot;,&quot;is_virtual&quot;:false,&quot;max_qty&quot;:&quot;&quot;,&quot;min_qty&quot;:1,&quot;price_html&quot;:&quot;&lt;span class=&quot;price&quot;&gt;&lt;span class=&quot;woocommerce-Price-amount amount&quot;&gt;&lt;bdi&gt;72,00&amp;nbsp;&lt;span class=&quot;woocommerce-Price-currencySymbol&quot;&gt;&amp;#122;&amp;#322;&lt;\/span&gt;&lt;\/bdi&gt;&lt;\/span&gt;&lt;\/span&gt;&quot;,&quot;sku&quot;:&quot;&quot;,&quot;variation_description&quot;:&quot;&quot;,&quot;variation_id&quot;:400,&quot;variation_is_active&quot;:true,&quot;variation_is_visible&quot;:true,&quot;weight&quot;:&quot;&quot;,&quot;weight_html&quot;:&quot;Brak danych&quot;},{&quot;attributes&quot;:{&quot;attribute_pa_gramatura&quot;:&quot;700g&quot;},&quot;availability_html&quot;:&quot;&quot;,&quot;backorders_allowed&quot;:false,&quot;dimensions&quot;:{&quot;length&quot;:&quot;&quot;,&quot;width&quot;:&quot;&quot;,&quot;height&quot;:&quot;&quot;},&quot;dimensions_html&quot;:&quot;Brak danych&quot;,&quot;display_price&quot;:84,&quot;display_regular_price&quot;:84,&quot;image&quot;:{&quot;title&quot;:&quot;antrykot z kou015bciu0105&quot;,&quot;caption&quot;:&quot;&quot;,&quot;url&quot;:&quot;https:\/\/polskiesteki.pl\/wp-content\/uploads\/2021\/04\/antrykot-z-koscia.jpg&quot;,&quot;alt&quot;:&quot;&quot;,&quot;src&quot;:&quot;https:\/\/polskiesteki.pl\/wp-content\/uploads\/2021\/04\/antrykot-z-koscia.jpg&quot;,&quot;srcset&quot;:&quot;https:\/\/polskiesteki.pl\/wp-content\/uploads\/2021\/04\/antrykot-z-koscia.jpg 415w, https:\/\/polskiesteki.pl\/wp-content\/uploads\/2021\/04\/antrykot-z-koscia-300x240.jpg 300w&quot;,&quot;sizes&quot;:&quot;(max-width: 415px) 100vw, 415px&quot;,&quot;full_src&quot;:&quot;https:\/\/polskiesteki.pl\/wp-content\/uploads\/2021\/04\/antrykot-z-koscia.jpg&quot;,&quot;full_src_w&quot;:415,&quot;full_src_h&quot;:332,&quot;gallery_thumbnail_src&quot;:&quot;https:\/\/polskiesteki.pl\/wp-content\/uploads\/2021\/04\/antrykot-z-koscia-100x100.jpg&quot;,&quot;gallery_thumbnail_src_w&quot;:100,&quot;gallery_thumbnail_src_h&quot;:100,&quot;thumb_src&quot;:&quot;https:\/\/polskiesteki.pl\/wp-content\/uploads\/2021\/04\/antrykot-z-koscia-300x300.jpg&quot;,&quot;thumb_src_w&quot;:300,&quot;thumb_src_h&quot;:300,&quot;src_w&quot;:415,&quot;src_h&quot;:332},&quot;image_id&quot;:382,&quot;is_downloadable&quot;:false,&quot;is_in_stock&quot;:true,&quot;is_purchasable&quot;:true,&quot;is_sold_individually&quot;:&quot;no&quot;,&quot;is_virtual&quot;:false,&quot;max_qty&quot;:&quot;&quot;,&quot;min_qty&quot;:1,&quot;price_html&quot;:&quot;&lt;span class=&quot;price&quot;&gt;&lt;span class=&quot;woocommerce-Price-amount amount&quot;&gt;&lt;bdi&gt;84,00&amp;nbsp;&lt;span class=&quot;woocommerce-Price-currencySymbol&quot;&gt;&amp;#122;&amp;#322;&lt;\/span&gt;&lt;\/bdi&gt;&lt;\/span&gt;&lt;\/span&gt;&quot;,&quot;sku&quot;:&quot;&quot;,&quot;variation_description&quot;:&quot;&quot;,&quot;variation_id&quot;:401,&quot;variation_is_active&quot;:true,&quot;variation_is_visible&quot;:true,&quot;weight&quot;:&quot;&quot;,&quot;weight_html&quot;:&quot;Brak danych&quot;}]\">\n<div class=\"single_variation_wrap\">\n<div class=\"woocommerce-variation single_variation\"><\/div>\n<\/div>\n<\/form>\n<\/div>\n<section class=\"related products\">\n<h2><\/h2>\n<\/section>","protected":false},"excerpt":{"rendered":"<p>\u0412\u0438\u0442\u0440\u0438\u043c\u0430\u043d\u0438\u0439 \u0441\u0442\u0435\u0439\u043a \u0430\u043d\u0442\u0440\u0438\u043a\u043e\u0442 \u043d\u0430 \u043a\u0456\u0441\u0442\u0446\u0456, 1 \u043a\u0433<\/p>\n<p>\u0412\u0430\u0433\u0430: \u0426\u0456\u043d\u0430 \u0432\u043a\u0430\u0437\u0430\u043d\u0430 \u0437\u0430 1 \u043a\u0433. \u041a\u0456\u043b\u044c\u043a\u0456\u0441\u0442\u044c \u0442\u043e\u0432\u0430\u0440\u0443 \u0432 \u043a\u043e\u0448\u0438\u043a\u0443 \u0432\u0456\u0434\u043f\u043e\u0432\u0456\u0434\u0430\u0454 \u043a\u0456\u043b\u044c\u043a\u043e\u0441\u0442\u0456 \u0437\u0430\u043c\u043e\u0432\u043b\u0435\u043d\u0438\u0445 \u043a\u0456\u043b\u043e\u0433\u0440\u0430\u043c\u0456\u0432.<\/p>\n<p>C\u00f4te de Boeuf, \u0441\u0442\u0435\u0439\u043a \u0440\u0456\u0431\u0430\u0439 \u043d\u0430 \u043a\u0456\u0441\u0442\u0446\u0456 \u2013 \u0432\u0438\u0442\u0440\u0438\u043c\u0430\u043d\u0438\u0439 \u043d\u0430 \u0441\u0443\u0445\u043e, \u0443 \u0432\u0430\u043a\u0443\u0443\u043c\u043d\u0456\u0439 \u0443\u043f\u0430\u043a\u043e\u0432\u0446\u0456.<br \/>\n\u0422\u0435\u0440\u043c\u0456\u043d \u043f\u0440\u0438\u0434\u0430\u0442\u043d\u043e\u0441\u0442\u0456: 7 \u0434\u043d\u0456\u0432.<\/p>","protected":false},"featured_media":17669,"comment_status":"open","ping_status":"closed","template":"","meta":{"_acf_changed":false,"inline_featured_image":false},"product_brand":[],"product_cat":[148,166],"product_tag":[],"class_list":{"0":"post-7534","1":"product","2":"type-product","3":"status-publish","4":"has-post-thumbnail","6":"product_cat-wolowina","7":"product_cat-steki","9":"first","10":"instock","11":"shipping-taxable","12":"purchasable","13":"product-type-simple"},"acf":[],"yoast_head":"<!-- This site is optimized with the Yoast SEO Premium plugin v24.3 (Yoast SEO v25.2) - https:\/\/yoast.com\/wordpress\/plugins\/seo\/ -->\n<title>Antrykot z ko\u015bci\u0105 stek sezonowany 1kg - DobreMiecho.pl<\/title>\n<meta name=\"robots\" content=\"index, follow, max-snippet:-1, max-image-preview:large, max-video-preview:-1\" \/>\n<link rel=\"canonical\" href=\"https:\/\/www.dobremiecho.pl\/uk\/sklep\/wolowina\/steki\/antrykot-z-koscia-stek-sezonowany\/\" \/>\n<meta property=\"og:locale\" content=\"uk_UA\" \/>\n<meta property=\"og:type\" content=\"article\" \/>\n<meta property=\"og:title\" content=\"Antrykot z ko\u015bci\u0105 stek sezonowany 1kg\" \/>\n<meta property=\"og:description\" content=\"Antrykot z ko\u015bci\u0105 stek sezonowany 1kg  Waga:\u00a0Cena podana za 1 kg, ilo\u015b\u0107 produktu w koszyku jest r\u00f3wnoznaczna z ilo\u015bci\u0105 zamawianych kilogram\u00f3w  Cote de beof, ribeye bone in steak, antrykot z ko\u015bci\u0105 sezonowany na sucho, pakowany pr\u00f3\u017cniowo. Termin przydatno\u015bci do spo\u017cycia 7 dni.\" \/>\n<meta property=\"og:url\" content=\"https:\/\/www.dobremiecho.pl\/uk\/sklep\/wolowina\/steki\/antrykot-z-koscia-stek-sezonowany\/\" \/>\n<meta property=\"og:site_name\" content=\"DobreMiecho.pl\" \/>\n<meta property=\"article:modified_time\" content=\"2025-06-08T07:41:47+00:00\" \/>\n<meta property=\"og:image\" content=\"https:\/\/www.dobremiecho.pl\/wp-content\/uploads\/2022\/04\/antrykot.png\" \/>\n\t<meta property=\"og:image:width\" content=\"400\" \/>\n\t<meta property=\"og:image:height\" content=\"400\" \/>\n\t<meta property=\"og:image:type\" content=\"image\/png\" \/>\n<meta name=\"twitter:card\" content=\"summary_large_image\" \/>\n<meta name=\"twitter:label1\" content=\"\u041f\u0440\u0438\u0431\u043b. \u0447\u0430\u0441 \u0447\u0438\u0442\u0430\u043d\u043d\u044f\" \/>\n\t<meta name=\"twitter:data1\" content=\"1 \u0445\u0432\u0438\u043b\u0438\u043d\u0430\" \/>\n<script type=\"application\/ld+json\" class=\"yoast-schema-graph\">{\"@context\":\"https:\/\/schema.org\",\"@graph\":[{\"@type\":\"WebPage\",\"@id\":\"https:\/\/www.dobremiecho.pl\/sklep\/wolowina\/steki\/antrykot-z-koscia-stek-sezonowany\/\",\"url\":\"https:\/\/www.dobremiecho.pl\/sklep\/wolowina\/steki\/antrykot-z-koscia-stek-sezonowany\/\",\"name\":\"Antrykot z ko\u015bci\u0105 stek sezonowany 1kg - DobreMiecho.pl\",\"isPartOf\":{\"@id\":\"https:\/\/www.dobremiecho.pl\/#website\"},\"primaryImageOfPage\":{\"@id\":\"https:\/\/www.dobremiecho.pl\/sklep\/wolowina\/steki\/antrykot-z-koscia-stek-sezonowany\/#primaryimage\"},\"image\":{\"@id\":\"https:\/\/www.dobremiecho.pl\/sklep\/wolowina\/steki\/antrykot-z-koscia-stek-sezonowany\/#primaryimage\"},\"thumbnailUrl\":\"https:\/\/www.dobremiecho.pl\/wp-content\/uploads\/2022\/04\/antrykot.png\",\"datePublished\":\"2022-04-05T17:00:47+00:00\",\"dateModified\":\"2025-06-08T07:41:47+00:00\",\"breadcrumb\":{\"@id\":\"https:\/\/www.dobremiecho.pl\/sklep\/wolowina\/steki\/antrykot-z-koscia-stek-sezonowany\/#breadcrumb\"},\"inLanguage\":\"uk\",\"potentialAction\":[{\"@type\":\"ReadAction\",\"target\":[\"https:\/\/www.dobremiecho.pl\/sklep\/wolowina\/steki\/antrykot-z-koscia-stek-sezonowany\/\"]}]},{\"@type\":\"ImageObject\",\"inLanguage\":\"uk\",\"@id\":\"https:\/\/www.dobremiecho.pl\/sklep\/wolowina\/steki\/antrykot-z-koscia-stek-sezonowany\/#primaryimage\",\"url\":\"https:\/\/www.dobremiecho.pl\/wp-content\/uploads\/2022\/04\/antrykot.png\",\"contentUrl\":\"https:\/\/www.dobremiecho.pl\/wp-content\/uploads\/2022\/04\/antrykot.png\",\"width\":400,\"height\":400},{\"@type\":\"BreadcrumbList\",\"@id\":\"https:\/\/www.dobremiecho.pl\/sklep\/wolowina\/steki\/antrykot-z-koscia-stek-sezonowany\/#breadcrumb\",\"itemListElement\":[{\"@type\":\"ListItem\",\"position\":1,\"name\":\"Strona g\u0142\u00f3wna\",\"item\":\"https:\/\/www.dobremiecho.pl\/\"},{\"@type\":\"ListItem\",\"position\":2,\"name\":\"Sklep\",\"item\":\"https:\/\/www.dobremiecho.pl\/sklep\/\"},{\"@type\":\"ListItem\",\"position\":3,\"name\":\"Antrykot z ko\u015bci\u0105 stek sezonowany 1kg\"}]},{\"@type\":\"WebSite\",\"@id\":\"https:\/\/www.dobremiecho.pl\/#website\",\"url\":\"https:\/\/www.dobremiecho.pl\/\",\"name\":\"DobreMiecho.pl\",\"description\":\"Wysokogatunkowe mi\u0119so z dostaw\u0105 do domu\",\"publisher\":{\"@id\":\"https:\/\/www.dobremiecho.pl\/#organization\"},\"potentialAction\":[{\"@type\":\"SearchAction\",\"target\":{\"@type\":\"EntryPoint\",\"urlTemplate\":\"https:\/\/www.dobremiecho.pl\/?s={search_term_string}\"},\"query-input\":{\"@type\":\"PropertyValueSpecification\",\"valueRequired\":true,\"valueName\":\"search_term_string\"}}],\"inLanguage\":\"uk\"},{\"@type\":\"Organization\",\"@id\":\"https:\/\/www.dobremiecho.pl\/#organization\",\"name\":\"DobreMiecho.pl\",\"url\":\"https:\/\/www.dobremiecho.pl\/\",\"logo\":{\"@type\":\"ImageObject\",\"inLanguage\":\"uk\",\"@id\":\"https:\/\/www.dobremiecho.pl\/#\/schema\/logo\/image\/\",\"url\":\"https:\/\/www.dobremiecho.pl\/wp-content\/uploads\/2022\/10\/12091494-Raw-fresh-meat-T-bone-steak-seasoning-and-Butcher-cleaver-on-chopping-cutting-board-on-wooden-background.jpg\",\"contentUrl\":\"https:\/\/www.dobremiecho.pl\/wp-content\/uploads\/2022\/10\/12091494-Raw-fresh-meat-T-bone-steak-seasoning-and-Butcher-cleaver-on-chopping-cutting-board-on-wooden-background.jpg\",\"width\":1100,\"height\":733,\"caption\":\"DobreMiecho.pl\"},\"image\":{\"@id\":\"https:\/\/www.dobremiecho.pl\/#\/schema\/logo\/image\/\"}}]}<\/script>\n<!-- \/ Yoast SEO Premium plugin. -->","yoast_head_json":{"title":"Antrykot z ko\u015bci\u0105 stek sezonowany 1kg - DobreMiecho.pl","robots":{"index":"index","follow":"follow","max-snippet":"max-snippet:-1","max-image-preview":"max-image-preview:large","max-video-preview":"max-video-preview:-1"},"canonical":"https:\/\/www.dobremiecho.pl\/uk\/sklep\/wolowina\/steki\/antrykot-z-koscia-stek-sezonowany\/","og_locale":"uk_UA","og_type":"article","og_title":"Antrykot z ko\u015bci\u0105 stek sezonowany 1kg","og_description":"Antrykot z ko\u015bci\u0105 stek sezonowany 1kg  Waga:\u00a0Cena podana za 1 kg, ilo\u015b\u0107 produktu w koszyku jest r\u00f3wnoznaczna z ilo\u015bci\u0105 zamawianych kilogram\u00f3w  Cote de beof, ribeye bone in steak, antrykot z ko\u015bci\u0105 sezonowany na sucho, pakowany pr\u00f3\u017cniowo. Termin przydatno\u015bci do spo\u017cycia 7 dni.","og_url":"https:\/\/www.dobremiecho.pl\/uk\/sklep\/wolowina\/steki\/antrykot-z-koscia-stek-sezonowany\/","og_site_name":"DobreMiecho.pl","article_modified_time":"2025-06-08T07:41:47+00:00","og_image":[{"width":400,"height":400,"url":"https:\/\/www.dobremiecho.pl\/wp-content\/uploads\/2022\/04\/antrykot.png","type":"image\/png"}],"twitter_card":"summary_large_image","twitter_misc":{"\u041f\u0440\u0438\u0431\u043b. \u0447\u0430\u0441 \u0447\u0438\u0442\u0430\u043d\u043d\u044f":"1 \u0445\u0432\u0438\u043b\u0438\u043d\u0430"},"schema":{"@context":"https:\/\/schema.org","@graph":[{"@type":"WebPage","@id":"https:\/\/www.dobremiecho.pl\/sklep\/wolowina\/steki\/antrykot-z-koscia-stek-sezonowany\/","url":"https:\/\/www.dobremiecho.pl\/sklep\/wolowina\/steki\/antrykot-z-koscia-stek-sezonowany\/","name":"Antrykot z ko\u015bci\u0105 stek sezonowany 1kg - DobreMiecho.pl","isPartOf":{"@id":"https:\/\/www.dobremiecho.pl\/#website"},"primaryImageOfPage":{"@id":"https:\/\/www.dobremiecho.pl\/sklep\/wolowina\/steki\/antrykot-z-koscia-stek-sezonowany\/#primaryimage"},"image":{"@id":"https:\/\/www.dobremiecho.pl\/sklep\/wolowina\/steki\/antrykot-z-koscia-stek-sezonowany\/#primaryimage"},"thumbnailUrl":"https:\/\/www.dobremiecho.pl\/wp-content\/uploads\/2022\/04\/antrykot.png","datePublished":"2022-04-05T17:00:47+00:00","dateModified":"2025-06-08T07:41:47+00:00","breadcrumb":{"@id":"https:\/\/www.dobremiecho.pl\/sklep\/wolowina\/steki\/antrykot-z-koscia-stek-sezonowany\/#breadcrumb"},"inLanguage":"uk","potentialAction":[{"@type":"ReadAction","target":["https:\/\/www.dobremiecho.pl\/sklep\/wolowina\/steki\/antrykot-z-koscia-stek-sezonowany\/"]}]},{"@type":"ImageObject","inLanguage":"uk","@id":"https:\/\/www.dobremiecho.pl\/sklep\/wolowina\/steki\/antrykot-z-koscia-stek-sezonowany\/#primaryimage","url":"https:\/\/www.dobremiecho.pl\/wp-content\/uploads\/2022\/04\/antrykot.png","contentUrl":"https:\/\/www.dobremiecho.pl\/wp-content\/uploads\/2022\/04\/antrykot.png","width":400,"height":400},{"@type":"BreadcrumbList","@id":"https:\/\/www.dobremiecho.pl\/sklep\/wolowina\/steki\/antrykot-z-koscia-stek-sezonowany\/#breadcrumb","itemListElement":[{"@type":"ListItem","position":1,"name":"Strona g\u0142\u00f3wna","item":"https:\/\/www.dobremiecho.pl\/"},{"@type":"ListItem","position":2,"name":"Sklep","item":"https:\/\/www.dobremiecho.pl\/sklep\/"},{"@type":"ListItem","position":3,"name":"Antrykot z ko\u015bci\u0105 stek sezonowany 1kg"}]},{"@type":"WebSite","@id":"https:\/\/www.dobremiecho.pl\/#website","url":"https:\/\/www.dobremiecho.pl\/","name":"DobreMiecho.pl","description":"Wysokogatunkowe mi\u0119so z dostaw\u0105 do domu","publisher":{"@id":"https:\/\/www.dobremiecho.pl\/#organization"},"potentialAction":[{"@type":"SearchAction","target":{"@type":"EntryPoint","urlTemplate":"https:\/\/www.dobremiecho.pl\/?s={search_term_string}"},"query-input":{"@type":"PropertyValueSpecification","valueRequired":true,"valueName":"search_term_string"}}],"inLanguage":"uk"},{"@type":"Organization","@id":"https:\/\/www.dobremiecho.pl\/#organization","name":"DobreMiecho.pl","url":"https:\/\/www.dobremiecho.pl\/","logo":{"@type":"ImageObject","inLanguage":"uk","@id":"https:\/\/www.dobremiecho.pl\/#\/schema\/logo\/image\/","url":"https:\/\/www.dobremiecho.pl\/wp-content\/uploads\/2022\/10\/12091494-Raw-fresh-meat-T-bone-steak-seasoning-and-Butcher-cleaver-on-chopping-cutting-board-on-wooden-background.jpg","contentUrl":"https:\/\/www.dobremiecho.pl\/wp-content\/uploads\/2022\/10\/12091494-Raw-fresh-meat-T-bone-steak-seasoning-and-Butcher-cleaver-on-chopping-cutting-board-on-wooden-background.jpg","width":1100,"height":733,"caption":"DobreMiecho.pl"},"image":{"@id":"https:\/\/www.dobremiecho.pl\/#\/schema\/logo\/image\/"}}]}},"_links":{"self":[{"href":"https:\/\/www.dobremiecho.pl\/uk\/wp-json\/wp\/v2\/product\/7534","targetHints":{"allow":["GET"]}}],"collection":[{"href":"https:\/\/www.dobremiecho.pl\/uk\/wp-json\/wp\/v2\/product"}],"about":[{"href":"https:\/\/www.dobremiecho.pl\/uk\/wp-json\/wp\/v2\/types\/product"}],"replies":[{"embeddable":true,"href":"https:\/\/www.dobremiecho.pl\/uk\/wp-json\/wp\/v2\/comments?post=7534"}],"wp:featuredmedia":[{"embeddable":true,"href":"https:\/\/www.dobremiecho.pl\/uk\/wp-json\/wp\/v2\/media\/17669"}],"wp:attachment":[{"href":"https:\/\/www.dobremiecho.pl\/uk\/wp-json\/wp\/v2\/media?parent=7534"}],"wp:term":[{"taxonomy":"product_brand","embeddable":true,"href":"https:\/\/www.dobremiecho.pl\/uk\/wp-json\/wp\/v2\/product_brand?post=7534"},{"taxonomy":"product_cat","embeddable":true,"href":"https:\/\/www.dobremiecho.pl\/uk\/wp-json\/wp\/v2\/product_cat?post=7534"},{"taxonomy":"product_tag","embeddable":true,"href":"https:\/\/www.dobremiecho.pl\/uk\/wp-json\/wp\/v2\/product_tag?post=7534"}],"curies":[{"name":"wp","href":"https:\/\/api.w.org\/{rel}","templated":true}]}}