{"id":7566,"date":"2023-11-28T10:34:47","date_gmt":"2023-11-28T10:34:47","guid":{"rendered":"https:\/\/www.robocza-rewa.pl\/index.php\/produkt\/tusza-z-gesi-swieza-3-7kg\/"},"modified":"2026-04-22T17:29:13","modified_gmt":"2026-04-22T17:29:13","slug":"tusza-ges-swieza-4-7kg","status":"publish","type":"product","link":"https:\/\/www.dobremiecho.pl\/uk\/sklep\/inne-miesa\/tuszki\/tusza-ges-swieza-4-7kg\/","title":{"rendered":"\u0421\u0432\u0456\u0436\u0430 \u0442\u0443\u0448\u043a\u0430 \u0433\u0443\u0441\u0430\u043a\u0430 \u2013 1 \u0448\u0442. (3\u20137 \u043a\u0433)"},"content":{"rendered":"<p><span style=\"font-weight: 400\">\u015awie\u017ca tuszka g\u0119si to doskona\u0142y wyb\u00f3r dla os\u00f3b, kt\u00f3re ceni\u0105 tradycyjne mi\u0119so o bogatym smaku i chc\u0105 przygotowa\u0107 wyj\u0105tkowy posi\u0142ek dla ca\u0142ej rodziny. \u015awietnie sprawdza si\u0119 do pieczenia w ca\u0142o\u015bci, a po upieczeniu zachwyca soczysto\u015bci\u0105, aromatem i eleganckim charakterem. To produkt ch\u0119tnie wybierany na uroczyste obiady, \u015bwi\u0119ta i inne wyj\u0105tkowe okazje.<\/span><\/p>\n<p><b>Waga:<\/b><span style=\"font-weight: 400\"> Waga ca\u0142ej tuszki oscyluje w przedziale 3-7kg.<\/span><\/p>\n<p><b>Cena:<\/b><span style=\"font-weight: 400\"> Cena dotyczy 1sztuki o wadze 6kg. W dniu dostawy tuszka jest patroszona i wa\u017cona.<\/span><\/p>\n<p><b>\u041f\u043e\u0445\u043e\u0434\u0436\u0435\u043d\u043d\u044f:<\/b><span style=\"font-weight: 400\"> produkt pochodzi z najlepszych hodowli w Polsce.<\/span><\/p>\n<p><b>\u0414\u043e\u0441\u0442\u0430\u0432\u043a\u0430<\/b><\/p>\n<p><span style=\"font-weight: 400\">\u041c\u0438 \u043d\u0430\u0434\u0456\u0448\u043b\u0435\u043c\u043e \u0432\u0430\u0448\u0435 \u0437\u0430\u043c\u043e\u0432\u043b\u0435\u043d\u043d\u044f \u043f\u0440\u043e\u0442\u044f\u0433\u043e\u043c 36 \u0433\u043e\u0434\u0438\u043d \u0437 \u043c\u043e\u043c\u0435\u043d\u0442\u0443 \u0439\u043e\u0433\u043e \u043e\u0444\u043e\u0440\u043c\u043b\u0435\u043d\u043d\u044f.<\/span><\/p>\n<p><span style=\"font-weight: 400\">Na terenie Warszawy i okolic &#8211; transportem firmowym.<\/span><\/p>\n<p><span style=\"font-weight: 400\">Na terenie ca\u0142ej Polski &#8211; za po\u015brednictwem firmy kurierskiej.<\/span><\/p>\n<p><span style=\"font-weight: 400\">\u0417\u0430\u043c\u043e\u0432\u043b\u0435\u043d\u043d\u044f, \u0449\u043e \u043d\u0430\u0434\u0441\u0438\u043b\u0430\u044e\u0442\u044c\u0441\u044f \u043f\u043e \u0442\u0435\u0440\u0438\u0442\u043e\u0440\u0456\u0457 \u041f\u043e\u043b\u044c\u0449\u0456, \u043f\u0430\u043a\u0443\u044e\u0442\u044c\u0441\u044f \u0443 \u0441\u043f\u0435\u0446\u0456\u0430\u043b\u044c\u043d\u0456 \u0441\u0442\u0438\u0440\u043e\u0431\u043e\u043a\u0441\u0438, \u044f\u043a\u0456 \u0437\u0430\u0431\u0435\u0437\u043f\u0435\u0447\u0443\u044e\u0442\u044c \u0441\u0432\u0456\u0436\u0456\u0441\u0442\u044c \u0456 \u043d\u0430\u043b\u0435\u0436\u043d\u0443 \u0442\u0435\u043c\u043f\u0435\u0440\u0430\u0442\u0443\u0440\u0443.<\/span><\/p>","protected":false},"excerpt":{"rendered":"<p><b>Waga:<\/b><span style=\"font-weight: 400\"> Waga ca\u0142ej tuszki oscyluje w przedziale 3-7kg.<\/span><\/p>\n<p><b>Cena:<\/b><span style=\"font-weight: 400\"> Cena dotyczy 1sztuki o wadze 6kg. W dniu dostawy tuszka jest patroszona i wa\u017cona.<\/span><\/p>\n<p><b>\u041f\u043e\u0445\u043e\u0434\u0436\u0435\u043d\u043d\u044f:<\/b><span style=\"font-weight: 400\"> produkt pochodzi z najlepszych hodowli w Polsce.<\/span><\/p>","protected":false},"featured_media":20488,"comment_status":"open","ping_status":"closed","template":"","meta":{"_acf_changed":false,"inline_featured_image":false},"product_brand":[],"product_cat":[191,153,164],"product_tag":[],"class_list":{"0":"post-7566","1":"product","2":"type-product","3":"status-publish","4":"has-post-thumbnail","6":"product_cat-tuszki","7":"product_cat-drob","8":"product_cat-ges","10":"first","11":"onbackorder","12":"shipping-taxable","13":"purchasable","14":"product-type-simple"},"acf":[],"yoast_head":"<!-- This site is optimized with the Yoast SEO Premium plugin v24.3 (Yoast SEO v25.2) - https:\/\/yoast.com\/wordpress\/plugins\/seo\/ -->\n<title>Tusza g\u0119si \u015bwie\u017ca 1szt. (3-7kg) - DobreMiecho.pl<\/title>\n<meta name=\"robots\" content=\"index, follow, max-snippet:-1, max-image-preview:large, max-video-preview:-1\" \/>\n<link rel=\"canonical\" href=\"https:\/\/www.dobremiecho.pl\/uk\/sklep\/inne-miesa\/tuszki\/tusza-ges-swieza-4-7kg\/\" \/>\n<meta property=\"og:locale\" content=\"uk_UA\" \/>\n<meta property=\"og:type\" content=\"article\" \/>\n<meta property=\"og:title\" content=\"Tusza g\u0119si \u015bwie\u017ca 1szt. (3-7kg)\" \/>\n<meta property=\"og:description\" content=\"Waga: Waga ca\u0142ej tuszki oscyluje w przedziale 3-7kg.  Cena: Cena dotyczy 1sztuki o wadze 6kg. W dniu dostawy tuszka jest patroszona i wa\u017cona.  Pochodzenie: produkt pochodzi z najlepszych hodowli w Polsce.\" \/>\n<meta property=\"og:url\" content=\"https:\/\/www.dobremiecho.pl\/uk\/sklep\/inne-miesa\/tuszki\/tusza-ges-swieza-4-7kg\/\" \/>\n<meta property=\"og:site_name\" content=\"DobreMiecho.pl\" \/>\n<meta property=\"article:modified_time\" content=\"2026-04-22T17:29:13+00:00\" \/>\n<meta property=\"og:image\" content=\"https:\/\/www.dobremiecho.pl\/wp-content\/uploads\/2023\/11\/tusza-z-gesi-swieza.png\" \/>\n\t<meta property=\"og:image:width\" content=\"1024\" \/>\n\t<meta property=\"og:image:height\" content=\"1024\" \/>\n\t<meta property=\"og:image:type\" content=\"image\/png\" \/>\n<meta name=\"twitter:card\" content=\"summary_large_image\" \/>\n<meta name=\"twitter:label1\" content=\"\u041f\u0440\u0438\u0431\u043b. \u0447\u0430\u0441 \u0447\u0438\u0442\u0430\u043d\u043d\u044f\" \/>\n\t<meta name=\"twitter:data1\" content=\"1 \u0445\u0432\u0438\u043b\u0438\u043d\u0430\" \/>\n<script type=\"application\/ld+json\" class=\"yoast-schema-graph\">{\"@context\":\"https:\/\/schema.org\",\"@graph\":[{\"@type\":\"WebPage\",\"@id\":\"https:\/\/www.dobremiecho.pl\/sklep\/inne-miesa\/tuszki\/tusza-ges-swieza-4-7kg\/\",\"url\":\"https:\/\/www.dobremiecho.pl\/sklep\/inne-miesa\/tuszki\/tusza-ges-swieza-4-7kg\/\",\"name\":\"Tusza g\u0119si \u015bwie\u017ca 1szt. (3-7kg) - DobreMiecho.pl\",\"isPartOf\":{\"@id\":\"https:\/\/www.dobremiecho.pl\/#website\"},\"primaryImageOfPage\":{\"@id\":\"https:\/\/www.dobremiecho.pl\/sklep\/inne-miesa\/tuszki\/tusza-ges-swieza-4-7kg\/#primaryimage\"},\"image\":{\"@id\":\"https:\/\/www.dobremiecho.pl\/sklep\/inne-miesa\/tuszki\/tusza-ges-swieza-4-7kg\/#primaryimage\"},\"thumbnailUrl\":\"https:\/\/www.dobremiecho.pl\/wp-content\/uploads\/2023\/11\/tusza-z-gesi-swieza.png\",\"datePublished\":\"2023-11-28T10:34:47+00:00\",\"dateModified\":\"2026-04-22T17:29:13+00:00\",\"breadcrumb\":{\"@id\":\"https:\/\/www.dobremiecho.pl\/sklep\/inne-miesa\/tuszki\/tusza-ges-swieza-4-7kg\/#breadcrumb\"},\"inLanguage\":\"uk\",\"potentialAction\":[{\"@type\":\"ReadAction\",\"target\":[\"https:\/\/www.dobremiecho.pl\/sklep\/inne-miesa\/tuszki\/tusza-ges-swieza-4-7kg\/\"]}]},{\"@type\":\"ImageObject\",\"inLanguage\":\"uk\",\"@id\":\"https:\/\/www.dobremiecho.pl\/sklep\/inne-miesa\/tuszki\/tusza-ges-swieza-4-7kg\/#primaryimage\",\"url\":\"https:\/\/www.dobremiecho.pl\/wp-content\/uploads\/2023\/11\/tusza-z-gesi-swieza.png\",\"contentUrl\":\"https:\/\/www.dobremiecho.pl\/wp-content\/uploads\/2023\/11\/tusza-z-gesi-swieza.png\",\"width\":1024,\"height\":1024},{\"@type\":\"BreadcrumbList\",\"@id\":\"https:\/\/www.dobremiecho.pl\/sklep\/inne-miesa\/tuszki\/tusza-ges-swieza-4-7kg\/#breadcrumb\",\"itemListElement\":[{\"@type\":\"ListItem\",\"position\":1,\"name\":\"Strona g\u0142\u00f3wna\",\"item\":\"https:\/\/www.dobremiecho.pl\/\"},{\"@type\":\"ListItem\",\"position\":2,\"name\":\"Sklep\",\"item\":\"https:\/\/www.dobremiecho.pl\/sklep\/\"},{\"@type\":\"ListItem\",\"position\":3,\"name\":\"Tusza g\u0119si \u015bwie\u017ca 1szt. (3-7kg)\"}]},{\"@type\":\"WebSite\",\"@id\":\"https:\/\/www.dobremiecho.pl\/#website\",\"url\":\"https:\/\/www.dobremiecho.pl\/\",\"name\":\"DobreMiecho.pl\",\"description\":\"Wysokogatunkowe mi\u0119so z dostaw\u0105 do domu\",\"publisher\":{\"@id\":\"https:\/\/www.dobremiecho.pl\/#organization\"},\"potentialAction\":[{\"@type\":\"SearchAction\",\"target\":{\"@type\":\"EntryPoint\",\"urlTemplate\":\"https:\/\/www.dobremiecho.pl\/?s={search_term_string}\"},\"query-input\":{\"@type\":\"PropertyValueSpecification\",\"valueRequired\":true,\"valueName\":\"search_term_string\"}}],\"inLanguage\":\"uk\"},{\"@type\":\"Organization\",\"@id\":\"https:\/\/www.dobremiecho.pl\/#organization\",\"name\":\"DobreMiecho.pl\",\"url\":\"https:\/\/www.dobremiecho.pl\/\",\"logo\":{\"@type\":\"ImageObject\",\"inLanguage\":\"uk\",\"@id\":\"https:\/\/www.dobremiecho.pl\/#\/schema\/logo\/image\/\",\"url\":\"https:\/\/www.dobremiecho.pl\/wp-content\/uploads\/2022\/10\/12091494-Raw-fresh-meat-T-bone-steak-seasoning-and-Butcher-cleaver-on-chopping-cutting-board-on-wooden-background.jpg\",\"contentUrl\":\"https:\/\/www.dobremiecho.pl\/wp-content\/uploads\/2022\/10\/12091494-Raw-fresh-meat-T-bone-steak-seasoning-and-Butcher-cleaver-on-chopping-cutting-board-on-wooden-background.jpg\",\"width\":1100,\"height\":733,\"caption\":\"DobreMiecho.pl\"},\"image\":{\"@id\":\"https:\/\/www.dobremiecho.pl\/#\/schema\/logo\/image\/\"}}]}<\/script>\n<!-- \/ Yoast SEO Premium plugin. -->","yoast_head_json":{"title":"Tusza g\u0119si \u015bwie\u017ca 1szt. (3-7kg) - DobreMiecho.pl","robots":{"index":"index","follow":"follow","max-snippet":"max-snippet:-1","max-image-preview":"max-image-preview:large","max-video-preview":"max-video-preview:-1"},"canonical":"https:\/\/www.dobremiecho.pl\/uk\/sklep\/inne-miesa\/tuszki\/tusza-ges-swieza-4-7kg\/","og_locale":"uk_UA","og_type":"article","og_title":"Tusza g\u0119si \u015bwie\u017ca 1szt. (3-7kg)","og_description":"Waga: Waga ca\u0142ej tuszki oscyluje w przedziale 3-7kg.  Cena: Cena dotyczy 1sztuki o wadze 6kg. W dniu dostawy tuszka jest patroszona i wa\u017cona.  Pochodzenie: produkt pochodzi z najlepszych hodowli w Polsce.","og_url":"https:\/\/www.dobremiecho.pl\/uk\/sklep\/inne-miesa\/tuszki\/tusza-ges-swieza-4-7kg\/","og_site_name":"DobreMiecho.pl","article_modified_time":"2026-04-22T17:29:13+00:00","og_image":[{"width":1024,"height":1024,"url":"https:\/\/www.dobremiecho.pl\/wp-content\/uploads\/2023\/11\/tusza-z-gesi-swieza.png","type":"image\/png"}],"twitter_card":"summary_large_image","twitter_misc":{"\u041f\u0440\u0438\u0431\u043b. \u0447\u0430\u0441 \u0447\u0438\u0442\u0430\u043d\u043d\u044f":"1 \u0445\u0432\u0438\u043b\u0438\u043d\u0430"},"schema":{"@context":"https:\/\/schema.org","@graph":[{"@type":"WebPage","@id":"https:\/\/www.dobremiecho.pl\/sklep\/inne-miesa\/tuszki\/tusza-ges-swieza-4-7kg\/","url":"https:\/\/www.dobremiecho.pl\/sklep\/inne-miesa\/tuszki\/tusza-ges-swieza-4-7kg\/","name":"Tusza g\u0119si \u015bwie\u017ca 1szt. (3-7kg) - DobreMiecho.pl","isPartOf":{"@id":"https:\/\/www.dobremiecho.pl\/#website"},"primaryImageOfPage":{"@id":"https:\/\/www.dobremiecho.pl\/sklep\/inne-miesa\/tuszki\/tusza-ges-swieza-4-7kg\/#primaryimage"},"image":{"@id":"https:\/\/www.dobremiecho.pl\/sklep\/inne-miesa\/tuszki\/tusza-ges-swieza-4-7kg\/#primaryimage"},"thumbnailUrl":"https:\/\/www.dobremiecho.pl\/wp-content\/uploads\/2023\/11\/tusza-z-gesi-swieza.png","datePublished":"2023-11-28T10:34:47+00:00","dateModified":"2026-04-22T17:29:13+00:00","breadcrumb":{"@id":"https:\/\/www.dobremiecho.pl\/sklep\/inne-miesa\/tuszki\/tusza-ges-swieza-4-7kg\/#breadcrumb"},"inLanguage":"uk","potentialAction":[{"@type":"ReadAction","target":["https:\/\/www.dobremiecho.pl\/sklep\/inne-miesa\/tuszki\/tusza-ges-swieza-4-7kg\/"]}]},{"@type":"ImageObject","inLanguage":"uk","@id":"https:\/\/www.dobremiecho.pl\/sklep\/inne-miesa\/tuszki\/tusza-ges-swieza-4-7kg\/#primaryimage","url":"https:\/\/www.dobremiecho.pl\/wp-content\/uploads\/2023\/11\/tusza-z-gesi-swieza.png","contentUrl":"https:\/\/www.dobremiecho.pl\/wp-content\/uploads\/2023\/11\/tusza-z-gesi-swieza.png","width":1024,"height":1024},{"@type":"BreadcrumbList","@id":"https:\/\/www.dobremiecho.pl\/sklep\/inne-miesa\/tuszki\/tusza-ges-swieza-4-7kg\/#breadcrumb","itemListElement":[{"@type":"ListItem","position":1,"name":"Strona g\u0142\u00f3wna","item":"https:\/\/www.dobremiecho.pl\/"},{"@type":"ListItem","position":2,"name":"Sklep","item":"https:\/\/www.dobremiecho.pl\/sklep\/"},{"@type":"ListItem","position":3,"name":"Tusza g\u0119si \u015bwie\u017ca 1szt. (3-7kg)"}]},{"@type":"WebSite","@id":"https:\/\/www.dobremiecho.pl\/#website","url":"https:\/\/www.dobremiecho.pl\/","name":"DobreMiecho.pl","description":"Wysokogatunkowe mi\u0119so z dostaw\u0105 do domu","publisher":{"@id":"https:\/\/www.dobremiecho.pl\/#organization"},"potentialAction":[{"@type":"SearchAction","target":{"@type":"EntryPoint","urlTemplate":"https:\/\/www.dobremiecho.pl\/?s={search_term_string}"},"query-input":{"@type":"PropertyValueSpecification","valueRequired":true,"valueName":"search_term_string"}}],"inLanguage":"uk"},{"@type":"Organization","@id":"https:\/\/www.dobremiecho.pl\/#organization","name":"DobreMiecho.pl","url":"https:\/\/www.dobremiecho.pl\/","logo":{"@type":"ImageObject","inLanguage":"uk","@id":"https:\/\/www.dobremiecho.pl\/#\/schema\/logo\/image\/","url":"https:\/\/www.dobremiecho.pl\/wp-content\/uploads\/2022\/10\/12091494-Raw-fresh-meat-T-bone-steak-seasoning-and-Butcher-cleaver-on-chopping-cutting-board-on-wooden-background.jpg","contentUrl":"https:\/\/www.dobremiecho.pl\/wp-content\/uploads\/2022\/10\/12091494-Raw-fresh-meat-T-bone-steak-seasoning-and-Butcher-cleaver-on-chopping-cutting-board-on-wooden-background.jpg","width":1100,"height":733,"caption":"DobreMiecho.pl"},"image":{"@id":"https:\/\/www.dobremiecho.pl\/#\/schema\/logo\/image\/"}}]}},"_links":{"self":[{"href":"https:\/\/www.dobremiecho.pl\/uk\/wp-json\/wp\/v2\/product\/7566","targetHints":{"allow":["GET"]}}],"collection":[{"href":"https:\/\/www.dobremiecho.pl\/uk\/wp-json\/wp\/v2\/product"}],"about":[{"href":"https:\/\/www.dobremiecho.pl\/uk\/wp-json\/wp\/v2\/types\/product"}],"replies":[{"embeddable":true,"href":"https:\/\/www.dobremiecho.pl\/uk\/wp-json\/wp\/v2\/comments?post=7566"}],"wp:featuredmedia":[{"embeddable":true,"href":"https:\/\/www.dobremiecho.pl\/uk\/wp-json\/wp\/v2\/media\/20488"}],"wp:attachment":[{"href":"https:\/\/www.dobremiecho.pl\/uk\/wp-json\/wp\/v2\/media?parent=7566"}],"wp:term":[{"taxonomy":"product_brand","embeddable":true,"href":"https:\/\/www.dobremiecho.pl\/uk\/wp-json\/wp\/v2\/product_brand?post=7566"},{"taxonomy":"product_cat","embeddable":true,"href":"https:\/\/www.dobremiecho.pl\/uk\/wp-json\/wp\/v2\/product_cat?post=7566"},{"taxonomy":"product_tag","embeddable":true,"href":"https:\/\/www.dobremiecho.pl\/uk\/wp-json\/wp\/v2\/product_tag?post=7566"}],"curies":[{"name":"wp","href":"https:\/\/api.w.org\/{rel}","templated":true}]}}